{"id":3412,"date":"2023-06-05T19:47:07","date_gmt":"2023-06-05T19:47:07","guid":{"rendered":"https:\/\/magnusmedical.ch\/?page_id=3412"},"modified":"2024-10-22T14:18:12","modified_gmt":"2024-10-22T14:18:12","slug":"crear-cuenta-enfermeria","status":"publish","type":"page","link":"https:\/\/www.magnusmedical.ch\/es\/crear-cuenta-enfermeria\/","title":{"rendered":"Crear cuenta enfermer\u00eda"},"content":{"rendered":"\t\t<div data-elementor-type=\"wp-page\" data-elementor-id=\"3412\" class=\"elementor elementor-3412\" data-elementor-post-type=\"page\">\n\t\t\t\t<div class=\"elementor-element elementor-element-3c4c1ba e-flex e-con-boxed e-con e-parent\" data-id=\"3c4c1ba\" data-element_type=\"container\" data-e-type=\"container\" data-settings=\"{&quot;background_background&quot;:&quot;classic&quot;}\">\n\t\t\t\t\t<div class=\"e-con-inner\">\n\t\t<div class=\"elementor-element elementor-element-676b1b7 e-con-full e-flex e-con e-child\" data-id=\"676b1b7\" data-element_type=\"container\" data-e-type=\"container\">\n\t\t<div class=\"elementor-element elementor-element-1bb0f20 e-con-full e-flex e-con e-child\" data-id=\"1bb0f20\" data-element_type=\"container\" data-e-type=\"container\">\n\t\t\t\t<div class=\"elementor-element elementor-element-bf01bfb elementor-hidden-mobile exad-sticky-section-no exad-glass-effect-no elementor-widget elementor-widget-hub_fancy_heading\" data-id=\"bf01bfb\" data-element_type=\"widget\" data-e-type=\"widget\" data-widget_type=\"hub_fancy_heading.default\">\n\t\t\t\t<div class=\"elementor-widget-container\">\n\t\t\t\t\t\n\t\t<div id=\"ld-fancy-heading-69e0d663598a7\" class=\"ld-fancy-heading pos-rel\">\n\t\t\t<h2 class=\"ld-fh-element d-inline-block pos-rel  elementor-heading-title lqd-highlight-classic lqd-highlight-grow-left h2\"  > \u00bfQuieres empezar a vivir experiencias \u00fanicas?<\/h2>\t\t<\/div>\n\n\t\t\t\t\t\t<\/div>\n\t\t\t\t<\/div>\n\t\t\t\t<div class=\"elementor-element elementor-element-ceac3c5 elementor-widget-mobile__width-inherit exad-sticky-section-no exad-glass-effect-no elementor-widget elementor-widget-hub_fancy_heading\" data-id=\"ceac3c5\" data-element_type=\"widget\" data-e-type=\"widget\" data-widget_type=\"hub_fancy_heading.default\">\n\t\t\t\t<div class=\"elementor-widget-container\">\n\t\t\t\t\t\n\t\t<div id=\"ld-fancy-heading-69e0d6635a574\" class=\"ld-fancy-heading pos-rel\">\n\t\t\t<h2 class=\"ld-fh-element d-inline-block pos-rel  elementor-heading-title lqd-highlight-classic lqd-highlight-grow-left h2\"  > \u00a1Haz parte de la comunidad <span style=\"color:#4394DF\"> Dejando Huella!<\/span>\n\n<\/h2>\t\t<\/div>\n\n\t\t\t\t\t\t<\/div>\n\t\t\t\t<\/div>\n\t\t\t\t<\/div>\n\t\t<div class=\"elementor-element elementor-element-76ccee9 e-con-full e-flex e-con e-child\" data-id=\"76ccee9\" data-element_type=\"container\" data-e-type=\"container\">\n\t\t\t\t<div class=\"elementor-element elementor-element-30fa121 exad-sticky-section-no exad-glass-effect-no elementor-widget elementor-widget-image\" data-id=\"30fa121\" data-element_type=\"widget\" data-e-type=\"widget\" data-widget_type=\"image.default\">\n\t\t\t\t<div class=\"elementor-widget-container\">\n\t\t\t\t\t\t\t\t\t\t\t\t\t\t\t<img fetchpriority=\"high\" decoding=\"async\" width=\"780\" height=\"438\" src=\"https:\/\/www.magnusmedical.ch\/wp-content\/uploads\/2023\/07\/Enmascarar-grupo-71@2x.jpg\" class=\"attachment-large size-large wp-image-4616\" alt=\"\" srcset=\"https:\/\/www.magnusmedical.ch\/wp-content\/uploads\/2023\/07\/Enmascarar-grupo-71@2x.jpg 780w, https:\/\/www.magnusmedical.ch\/wp-content\/uploads\/2023\/07\/Enmascarar-grupo-71@2x-300x168.jpg 300w\" sizes=\"(max-width: 780px) 100vw, 780px\" \/>\t\t\t\t\t\t\t\t\t\t\t\t\t\t\t<\/div>\n\t\t\t\t<\/div>\n\t\t\t\t<\/div>\n\t\t\t\t<\/div>\n\t\t<div class=\"elementor-element elementor-element-f9603b9 e-con-full e-flex e-con e-child\" data-id=\"f9603b9\" data-element_type=\"container\" data-e-type=\"container\" id=\"card\">\n\t\t\t\t<div class=\"elementor-element elementor-element-9e9b6fa elementor-widget__width-initial exad-sticky-section-no exad-glass-effect-no elementor-widget elementor-widget-shortcode\" data-id=\"9e9b6fa\" data-element_type=\"widget\" data-e-type=\"widget\" id=\"crear_cuenta\" data-widget_type=\"shortcode.default\">\n\t\t\t\t<div class=\"elementor-widget-container\">\n\t\t\t\t\t\t\t<div class=\"elementor-shortcode\">\n<div class=\"um um-register um-6982\">\n\t<div class=\"um-form\" data-mode=\"register\">\n\t\t<form method=\"post\" action=\"\">\n\t\t\t<div class=\"um-row _um_row_1 \" style=\"margin: 0 0 30px 0;\"><div class=\"um-col-1\"><div  id=\"um_field_6982_first_name\" class=\"um-field um-field-text  um-field-first_name um-field-text um-field-type_text\" data-key=\"first_name\"><div class=\"um-field-label\"><label for=\"first_name-6982\">Nombre<\/label><div class=\"um-clear\"><\/div><\/div><div class=\"um-field-area\"><input  autocomplete=\"off\" class=\"um-form-field valid \" type=\"text\" name=\"first_name-6982\" id=\"first_name-6982\" value=\"\" placeholder=\"\" data-validate=\"\" data-key=\"first_name\"  aria-invalid=\"false\" \/>\n\n\t\t\t\t\t\t<\/div><\/div><div  id=\"um_field_6982_last_name\" class=\"um-field um-field-text  um-field-last_name um-field-text um-field-type_text\" data-key=\"last_name\"><div class=\"um-field-label\"><label for=\"last_name-6982\">Apellido<\/label><div class=\"um-clear\"><\/div><\/div><div class=\"um-field-area\"><input  autocomplete=\"off\" class=\"um-form-field valid \" type=\"text\" name=\"last_name-6982\" id=\"last_name-6982\" value=\"\" placeholder=\"\" data-validate=\"\" data-key=\"last_name\"  aria-invalid=\"false\" \/>\n\n\t\t\t\t\t\t<\/div><\/div><div  id=\"um_field_6982_user_login\" class=\"um-field um-field-text  um-field-user_login um-field-text um-field-type_text\" data-key=\"user_login\"><div class=\"um-field-label\"><label for=\"user_login-6982\">Usuario<\/label><div class=\"um-clear\"><\/div><\/div><div class=\"um-field-area\"><input  autocomplete=\"off\" class=\"um-form-field valid \" type=\"text\" name=\"user_login-6982\" id=\"user_login-6982\" value=\"\" placeholder=\"\" data-validate=\"unique_username\" data-key=\"user_login\"  aria-invalid=\"false\" \/>\n\n\t\t\t\t\t\t<\/div><\/div><div  id=\"um_field_6982_username\" class=\"um-field um-field-text  um-field-username um-field-text um-field-type_text\" data-key=\"username\"><div class=\"um-field-label\"><label for=\"username-6982\">Correo electr\u00f3nico<\/label><div class=\"um-clear\"><\/div><\/div><div class=\"um-field-area\"><input  autocomplete=\"off\" class=\"um-form-field valid \" type=\"text\" name=\"username-6982\" id=\"username-6982\" value=\"\" placeholder=\"\" data-validate=\"unique_username_or_email\" data-key=\"username\"  aria-invalid=\"false\" \/>\n\n\t\t\t\t\t\t<\/div><\/div><div  id=\"um_field_6982_country\" class=\"um-field um-field-select  um-field-country um-field-select um-field-type_select\" data-key=\"country\"><div class=\"um-field-label\"><label for=\"country-6982\">Pa\u00eds<\/label><div class=\"um-clear\"><\/div><\/div><div class=\"um-field-area  \"><select data-default=\"\"     name=\"country\" id=\"country\" data-validate=\"\" data-key=\"country\" class=\"um-form-field valid um-s1 \" style=\"width: 100%\" data-placeholder=\"Elige tu pa\u00eds\"   aria-invalid=\"false\" ><option value=\"\"><\/option><option value=\"Afghanistan\" >Afganist\u00e1n<\/option><option value=\"\u00c5land Islands\" >Islas \u00c5land<\/option><option value=\"Albania\" >Albania<\/option><option value=\"Algeria\" >Argelia<\/option><option value=\"American Samoa\" >Samoa<\/option><option value=\"Andorra\" >Andorra<\/option><option value=\"Angola\" >Angola<\/option><option value=\"Anguilla\" >Anguilla<\/option><option value=\"Antarctica\" >Ant\u00e1rtica<\/option><option value=\"Antigua and Barbuda\" >Antigua y Barbuda<\/option><option value=\"Argentina\" >Argentina<\/option><option value=\"Armenia\" >Armenia<\/option><option value=\"Aruba\" >Aruba<\/option><option value=\"Australia\" >Australia<\/option><option value=\"Austria\" >Austria<\/option><option value=\"Azerbaijan\" >Azerbaiy\u00e1n<\/option><option value=\"Bahamas\" >Bahamas<\/option><option value=\"Bahrain\" >Bar\u00e9in<\/option><option value=\"Bangladesh\" >Banglad\u00e9s<\/option><option value=\"Barbados\" >Barbados<\/option><option value=\"Belarus\" >Bielorrusia<\/option><option value=\"Belgium\" >B\u00e9lgica<\/option><option value=\"Belize\" >Belice<\/option><option value=\"Benin\" >Ben\u00edn<\/option><option value=\"Bermuda\" >Bermuda<\/option><option value=\"Bhutan\" >But\u00e1n<\/option><option value=\"Bolivia, Plurinational State of\" >Bolivia<\/option><option value=\"Bosnia and Herzegovina\" >Bosnia y Herzegovina<\/option><option value=\"Botswana\" >Botsuana<\/option><option value=\"Bouvet Island\" >Isla Bouvet<\/option><option value=\"Brazil\" >Brasil<\/option><option value=\"British Indian Ocean Territory\" >Territorio Brit\u00e1nico del Oc\u00e9ano \u00cdndico<\/option><option value=\"Brunei Darussalam\" >Brunei Darussalam<\/option><option value=\"Bulgaria\" >Bulgaria<\/option><option value=\"Burkina Faso\" >Burkina Faso<\/option><option value=\"Burundi\" >Burundi<\/option><option value=\"Cambodia\" >Camboya<\/option><option value=\"Cameroon\" >Camer\u00fan<\/option><option value=\"Canada\" >Canad\u00e1<\/option><option value=\"Cape Verde\" >Cabo Verde<\/option><option value=\"Cayman Islands\" >Islas Caim\u00e1n<\/option><option value=\"Central African Republic\" >Rep\u00fablica Centroafricana<\/option><option value=\"Chad\" >Chad<\/option><option value=\"Chile\" >Chile<\/option><option value=\"China\" >China<\/option><option value=\"Christmas Island\" >Islas Christmas<\/option><option value=\"Cocos (Keeling) Islands\" >Islas (Keeling) Cocos<\/option><option value=\"Colombia\" >Colombia<\/option><option value=\"Comoros\" >Comoras<\/option><option value=\"Congo\" >Congo<\/option><option value=\"Congo, the Democratic Republic of the\" >Rep\u00fablica Democr\u00e1tica del Congo<\/option><option value=\"Cook Islands\" >Islas Cook<\/option><option value=\"Costa Rica\" >Costa Rica<\/option><option value=\"C\u00f4te d&#039;Ivoire\" >Costa de Marfil<\/option><option value=\"Croatia\" >Croacia<\/option><option value=\"Cuba\" >Cuba<\/option><option value=\"Cyprus\" >Chipre<\/option><option value=\"Czech Republic\" >Rep\u00fablica Checa<\/option><option value=\"Denmark\" >Dinamarca<\/option><option value=\"Djibouti\" >Yibuti<\/option><option value=\"Dominica\" >Dominica<\/option><option value=\"Dominican Republic\" >Rep\u00fablica Dominicana<\/option><option value=\"Ecuador\" >Ecuador<\/option><option value=\"Egypt\" >Egipto<\/option><option value=\"El Salvador\" >El Salvador<\/option><option value=\"Equatorial Guinea\" >Guinea Ecuatorial<\/option><option value=\"Eritrea\" >Eritrea<\/option><option value=\"Estonia\" >Estonia<\/option><option value=\"Ethiopia\" >Etiop\u00eda<\/option><option value=\"Falkland Islands (Malvinas)\" >Islas Malvinas<\/option><option value=\"Faroe Islands\" >Islas Feroe<\/option><option value=\"Fiji\" >Fiji<\/option><option value=\"Finland\" >Finlandia<\/option><option value=\"France\" >Francia<\/option><option value=\"French Guiana\" >Guyana Francesa<\/option><option value=\"French Polynesia\" >Polinesia Francesa<\/option><option value=\"French Southern Territories\" >Territorios Franceses del Sur<\/option><option value=\"Gabon\" >Gab\u00f3n<\/option><option value=\"Gambia\" >Gambia<\/option><option value=\"Sakartvelo\" >Sakartvelo<\/option><option value=\"Germany\" >Alemania<\/option><option value=\"Ghana\" >Ghana<\/option><option value=\"Gibraltar\" >Gibraltar<\/option><option value=\"Greece\" >Grecia<\/option><option value=\"Greenland\" >Groenlandia<\/option><option value=\"Grenada\" >Grenada<\/option><option value=\"Guadeloupe\" >Guadalupe<\/option><option value=\"Guam\" >Guam<\/option><option value=\"Guatemala\" >Guatemala<\/option><option value=\"Guernsey\" >Guernsey<\/option><option value=\"Guinea\" >Guinea<\/option><option value=\"Guinea-Bissau\" >Guinea Bissau<\/option><option value=\"Guyana\" >Guyana<\/option><option value=\"Haiti\" >Hait\u00ed<\/option><option value=\"Heard Island and McDonald Islands\" >Islas Heard y McDonald<\/option><option value=\"Holy See (Vatican City State)\" >Santa Sede (Estado Ciudad del Vaticano)<\/option><option value=\"Honduras\" >Honduras<\/option><option value=\"Hong Kong\" >Hong Kong<\/option><option value=\"Hungary\" >Hungr\u00eda<\/option><option value=\"Iceland\" >Islandia<\/option><option value=\"India\" >India<\/option><option value=\"Indonesia\" >Indonesia<\/option><option value=\"Iran, Islamic Republic of\" >Ir\u00e1n, Rep\u00fablica Isl\u00e1mica de<\/option><option value=\"Iraq\" >Iraq<\/option><option value=\"Ireland\" >Irlanda<\/option><option value=\"Isle of Man\" >Isla de Man<\/option><option value=\"Israel\" >Israel<\/option><option value=\"Italy\" >Italia<\/option><option value=\"Jamaica\" >Jamaica<\/option><option value=\"Japan\" >Jap\u00f3n<\/option><option value=\"Jersey\" >Jersey<\/option><option value=\"Jordan\" >Jordania<\/option><option value=\"Kazakhstan\" >Kazajist\u00e1n<\/option><option value=\"Kenya\" >Kenia<\/option><option value=\"Kiribati\" >Kiribati<\/option><option value=\"Korea, Democratic People&#039;s Republic of\" >Rep\u00fablica Democr\u00e1tica de Corea<\/option><option value=\"Korea, Republic of\" >Rep\u00fablica de Corea<\/option><option value=\"Kuwait\" >Kuwait<\/option><option value=\"Kyrgyzstan\" >Kirguist\u00e1n<\/option><option value=\"Lao People&#039;s Democratic Republic\" >Rep\u00fablica Popular Democr\u00e1tica de Laos<\/option><option value=\"Latvia\" >Letonia<\/option><option value=\"Lebanon\" >L\u00edbano<\/option><option value=\"Lesotho\" >Lesoto<\/option><option value=\"Liberia\" >Liberia<\/option><option value=\"Libyan Arab Jamahiriya\" >Gran Yamahiriya \u00c1rabe Libia<\/option><option value=\"Liechtenstein\" >Liechtenstein<\/option><option value=\"Lithuania\" >Lituania<\/option><option value=\"Luxembourg\" >Luxemburgo<\/option><option value=\"Macao\" >Macao<\/option><option value=\"Macedonia, the former Yugoslav Republic of\" >Macedonia, the former Yugoslav Republic of<\/option><option value=\"Madagascar\" >Madagascar<\/option><option value=\"Malawi\" >Malaui<\/option><option value=\"Malaysia\" >Malasia<\/option><option value=\"Maldives\" >Maldivas<\/option><option value=\"Mali\" >Mal\u00ed<\/option><option value=\"Malta\" >Malta<\/option><option value=\"Marshall Islands\" >Islas Marshall<\/option><option value=\"Martinique\" >Martinique<\/option><option value=\"Mauritania\" >Mauritania<\/option><option value=\"Mauritius\" >Mauricio<\/option><option value=\"Mayotte\" >Mayotte<\/option><option value=\"Mexico\" >M\u00e9xico<\/option><option value=\"Micronesia, Federated States of\" >Micrones\u00eda<\/option><option value=\"Moldova, Republic of\" >Moldavia<\/option><option value=\"Monaco\" >M\u00f3naco<\/option><option value=\"Mongolia\" >Mongolia<\/option><option value=\"Montenegro\" >Montenegro<\/option><option value=\"Montserrat\" >Montserrat<\/option><option value=\"Morocco\" >Marruecos<\/option><option value=\"Mozambique\" >Mozambique<\/option><option value=\"Myanmar\" >Myanmar<\/option><option value=\"Namibia\" >Namibia<\/option><option value=\"Nauru\" >Naur\u00fa<\/option><option value=\"Nepal\" >Nepal<\/option><option value=\"Netherlands\" >Pa\u00edses Bajos<\/option><option value=\"Netherlands Antilles\" >Antillas Holandesas<\/option><option value=\"New Caledonia\" >Nueva Caledonia<\/option><option value=\"New Zealand\" >Nueva Zelanda<\/option><option value=\"Nicaragua\" >Nicaragua<\/option><option value=\"Niger\" >Niger<\/option><option value=\"Nigeria\" >Nigeria<\/option><option value=\"Niue\" >Niu\u00e9<\/option><option value=\"Norfolk Island\" >Islas Norfolk<\/option><option value=\"Northern Mariana Islands\" >Islas Marianas del Norte<\/option><option value=\"Norway\" >Noruega<\/option><option value=\"Oman\" >Om\u00e1n<\/option><option value=\"Pakistan\" >Pakist\u00e1n<\/option><option value=\"Palau\" >Palaos<\/option><option value=\"Palestine\" >Palestina<\/option><option value=\"Panama\" >Panam\u00e1<\/option><option value=\"Papua New Guinea\" >Pap\u00faa Nueva Guinea<\/option><option value=\"Paraguay\" >Paraguay<\/option><option value=\"Peru\" >Per\u00fa<\/option><option value=\"Philippines\" >Filipinas<\/option><option value=\"Pitcairn\" >Pitcairn<\/option><option value=\"Poland\" >Polonia<\/option><option value=\"Portugal\" >Portugal<\/option><option value=\"Puerto Rico\" >Puerto Rico<\/option><option value=\"Qatar\" >Qatar<\/option><option value=\"R\u00e9union\" >Reuni\u00f3n<\/option><option value=\"Romania\" >Ruman\u00eda<\/option><option value=\"Russian Federation\" >Federaci\u00f3n Rusa<\/option><option value=\"Rwanda\" >Ruanda<\/option><option value=\"Saint Barth\u00e9lemy\" >San Bartolomeo<\/option><option value=\"Saint Helena\" >Santa Elena<\/option><option value=\"Saint Kitts and Nevis\" >San Crist\u00f3bal y Nevis<\/option><option value=\"Saint Lucia\" >Santa Luc\u00eda<\/option><option value=\"Saint Martin (French part)\" >San Martin (parte Francesa)<\/option><option value=\"Saint Pierre and Miquelon\" >San Pedro y Miquel\u00f3n<\/option><option value=\"Saint Vincent and the Grenadines\" >San Vicente y las Granadinas<\/option><option value=\"Samoa\" >Samoa<\/option><option value=\"San Marino\" >San Marino<\/option><option value=\"Sao Tome and Principe\" >Santo Tom\u00e9 y Pr\u00edncipe<\/option><option value=\"Saudi Arabia\" >Arabia Saudita<\/option><option value=\"Senegal\" >Senegal<\/option><option value=\"Serbia\" >Serbia<\/option><option value=\"Seychelles\" >Seychelles<\/option><option value=\"Sierra Leone\" >Sierra Leona<\/option><option value=\"Singapore\" >Singapur<\/option><option value=\"Slovakia\" >Eslovaquia<\/option><option value=\"Slovenia\" >Eslovenia<\/option><option value=\"Solomon Islands\" >Islas Salom\u00f3n<\/option><option value=\"Somalia\" >Somalia<\/option><option value=\"South Africa\" >Sud\u00e1frica<\/option><option value=\"South Georgia and the South Sandwich Islands\" >Territorio brit\u00e1nico de ultramar de las Islas Georgias del Sur y Sandwich del Sur<\/option><option value=\"South Sudan\" >Sud\u00e1n del Sur<\/option><option value=\"Spain\" >Espa\u00f1a<\/option><option value=\"Sri Lanka\" >Sri Lanka<\/option><option value=\"Sudan\" >Sud\u00e1n<\/option><option value=\"Suriname\" >Surinam<\/option><option value=\"Svalbard and Jan Mayen\" >Islas Svalbard y Jan Mayen<\/option><option value=\"Eswatini\" >Eswatini<\/option><option value=\"Sweden\" >Suecia<\/option><option value=\"Switzerland\" >Suiza<\/option><option value=\"Syrian Arab Republic\" >Siria<\/option><option value=\"Taiwan, Province of China\" >Taiw\u00e1n<\/option><option value=\"Tajikistan\" >Tajikist\u00e1n<\/option><option value=\"Tanzania, United Republic of\" >Tanzania<\/option><option value=\"Thailand\" >Thailandia<\/option><option value=\"Timor-Leste\" >Timor-Leste<\/option><option value=\"Togo\" >Togo<\/option><option value=\"Tokelau\" >Tokelau<\/option><option value=\"Tonga\" >Tonga<\/option><option value=\"Trinidad and Tobago\" >Trinidad y Tobago<\/option><option value=\"Tunisia\" >T\u00fanez<\/option><option value=\"Turkey\" >Turkey<\/option><option value=\"Turkmenistan\" >Turkmenist\u00e1n<\/option><option value=\"Turks and Caicos Islands\" >Islas Turcas y Caicos<\/option><option value=\"Tuvalu\" >Tuvalu<\/option><option value=\"Uganda\" >Uganda<\/option><option value=\"Ukraine\" >Ucrania<\/option><option value=\"United Arab Emirates\" >Emiratos \u00c1rabes Unidos<\/option><option value=\"United Kingdom\" >Reino Unido<\/option><option value=\"United States\" >Estados Unidos<\/option><option value=\"United States Minor Outlying Islands\" >Estados Unidos, Islas menores<\/option><option value=\"Uruguay\" >Uruguay<\/option><option value=\"Uzbekistan\" >Uzbekist\u00e1n<\/option><option value=\"Vanuatu\" >Vanuatu<\/option><option value=\"Venezuela, Bolivarian Republic of\" >Venezuela, Rep\u00fablica Bolivariana de<\/option><option value=\"Viet Nam\" >Vietnam<\/option><option value=\"Virgin Islands, British\" >Islas V\u00edrgenes Brit\u00e1nicas<\/option><option value=\"Virgin Islands, U.S.\" >Islas V\u00edrgenes, EE.UU.<\/option><option value=\"Wallis and Futuna\" >Wallis y Futuna<\/option><option value=\"Western Sahara\" >Sahara Occidental<\/option><option value=\"Yemen\" >Yemen<\/option><option value=\"Zambia\" >Zambia<\/option><option value=\"Zimbabwe\" >Zimbabwe<\/option><\/select><\/div><\/div><div  id=\"um_field_6982_user_password\" class=\"um-field um-field-password  um-field-user_password um-field-password um-field-type_password\" data-key=\"user_password\"><div class=\"um-field-label\"><label for=\"user_password-6982\">Contrase\u00f1a<\/label><span class=\"um-tip um-tip-w\" title=\"Ingresa una contrase\u00f1a de f\u00e1cil recordaci\u00f3n\"><i class=\"um-icon-help-circled\"><\/i><\/span><div class=\"um-clear\"><\/div><\/div><div class=\"um-field-area\"><input class=\"um-form-field valid \" type=\"password\" name=\"user_password-6982\" id=\"user_password-6982\" value=\"\" placeholder=\"Ingresa tu contrase\u00f1a\" data-validate=\"\" data-key=\"user_password\"  aria-invalid=\"false\" \/>\n\n\t\t\t\t\t\t\t<\/div><\/div><div  id=\"um_field_6982_confirm_user_password\" class=\"um-field um-field-password  um-field-user_password um-field-password um-field-type_password\" data-key=\"confirm_user_password\"><div class=\"um-field-label\"><label for=\"confirm_user_password-6982\">Confirmar Contrase\u00f1a<\/label><div class=\"um-clear\"><\/div><\/div><div class=\"um-field-area\"><input class=\"um-form-field valid \" type=\"password\" name=\"confirm_user_password-6982\" id=\"confirm_user_password-6982\" value=\"\" placeholder=\"Confirmar Contrase\u00f1a\" data-validate=\"\" data-key=\"confirm_user_password\"  aria-invalid=\"false\" \/><\/div><\/div><div  id=\"um_field_6982_proteccion_datos\" class=\"um-field um-field-checkbox  um-field-proteccion_datos um-field-checkbox um-field-type_checkbox\" data-key=\"proteccion_datos\"  aria-invalid=\"false\" ><div class=\"um-field-label\"><label for=\"proteccion_datos-6982\">Protecci\u00f3n de datos<\/label><div class=\"um-clear\"><\/div><\/div><div class=\"um-field-area\"><label class=\"um-field-checkbox  um-field-half \"><input   type=\"checkbox\" name=\"proteccion_datos[]\" value=\"He le\u00eddo y acepto la pol\u00edtica de privacidad de datos\"  \/><span class=\"um-field-checkbox-state\"><i class=\"um-icon-android-checkbox-outline-blank\"><\/i><\/span><span class=\"um-field-checkbox-option\">He le\u00eddo y acepto la pol\u00edtica de privacidad de datos<\/span><\/label><div class=\"um-clear\"><\/div><\/div><\/div><\/div><\/div>\t<input type=\"hidden\" name=\"form_id\" id=\"form_id_6982\" value=\"6982\" \/>\n\t\t<p class=\"um_request_name\">\n\t\t<label for=\"um_request_6982\">Only fill in if you are not human<\/label>\n\t\t<input type=\"hidden\" name=\"um_request\" id=\"um_request_6982\" class=\"input\" value=\"\" size=\"25\" autocomplete=\"off\" \/>\n\t<\/p>\n\t<input type=\"hidden\" id=\"_wpnonce\" name=\"_wpnonce\" value=\"9b3be7e6bc\" \/><input type=\"hidden\" name=\"_wp_http_referer\" value=\"\/es\/wp-json\/wp\/v2\/pages\/3412\" \/>\n\t<div class=\"um-col-alt\">\n\n\t\t\n\t\t\t<div class=\"um-left um-half\">\n\t\t\t\t<input type=\"submit\" value=\"Registrarse\" class=\"um-button\" id=\"um-submit-btn\" \/>\n\t\t\t<\/div>\n\t\t\t<div class=\"um-right um-half\">\n\t\t\t\t<a href=\"https:\/\/www.magnusmedical.ch\/es\/login-2\/\" class=\"um-button um-alt\">\n\t\t\t\t\tIngresar\t\t\t\t<\/a>\n\t\t\t<\/div>\n\n\t\t\n\t\t<div class=\"um-clear\"><\/div>\n\n\t<\/div>\n\n\t\t\t<\/form>\n\t<\/div>\n<\/div>\n<style>\n\t\t\t.um-6982.um {\n\t\t\tmax-width: 450px;\n\t\t}\n\t\t<\/style>\n<\/div>\n\t\t\t\t\t\t<\/div>\n\t\t\t\t<\/div>\n\t\t<div class=\"elementor-element elementor-element-a595542 e-flex e-con-boxed e-con e-child\" data-id=\"a595542\" data-element_type=\"container\" data-e-type=\"container\">\n\t\t\t\t\t<div class=\"e-con-inner\">\n\t\t\t\t<div class=\"elementor-element elementor-element-3d629c7 elementor-widget__width-auto exad-sticky-section-no exad-glass-effect-no elementor-widget elementor-widget-hub_fancy_heading\" data-id=\"3d629c7\" data-element_type=\"widget\" data-e-type=\"widget\" data-widget_type=\"hub_fancy_heading.default\">\n\t\t\t\t<div class=\"elementor-widget-container\">\n\t\t\t\t\t\n\t\t<div id=\"ld-fancy-heading-69e0d6635e6f8\" class=\"ld-fancy-heading pos-rel\">\n\t\t\t<h2 class=\"ld-fh-element d-inline-block pos-rel  elementor-heading-title lqd-highlight-classic lqd-highlight-grow-left h2\"  > \u00bfYa est\u00e1s registrado?<\/h2>\t\t<\/div>\n\n\t\t\t\t\t\t<\/div>\n\t\t\t\t<\/div>\n\t\t\t\t<div class=\"elementor-element elementor-element-f4c88cd elementor-align-center elementor-widget__width-auto exad-sticky-section-no exad-glass-effect-no elementor-widget elementor-widget-ld_button\" data-id=\"f4c88cd\" data-element_type=\"widget\" data-e-type=\"widget\" data-widget_type=\"ld_button.default\">\n\t\t\t\t<div class=\"elementor-widget-container\">\n\t\t\t\t\t\n\t\t\t<a\n\t\t\t\thref=\"https:\/\/www.magnusmedical.ch\/es\/login-nurses\/\"class=\"elementor-button btn btn-naked btn-icon-shaped btn-has-label\"\t\t\t>\n\t\t\t\t\t\t\t\t\t<span data-text=\"Iniciar sesi\u00f3n\" class=\"btn-txt\">\n\t\t\t\t\t\tIniciar sesi\u00f3n\t\t\t\t\t<\/span>\n\t\t\t\t\t\t\t\t\t\t\t<\/a>\n\t\t\t\t\t\t\t<\/div>\n\t\t\t\t<\/div>\n\t\t\t\t\t<\/div>\n\t\t\t\t<\/div>\n\t\t\t\t<\/div>\n\t\t\t\t\t<\/div>\n\t\t\t\t<\/div>\n\t\t\t\t<\/div>\n\t\t","protected":false},"excerpt":{"rendered":"<p>\u00bfQuieres empezar a vivir experiencias \u00fanicas? \u00a1Haz parte de la comunidad Dejando Huella! \u00bfYa est\u00e1s registrado? Iniciar sesi\u00f3n<\/p>\n","protected":false},"author":2,"featured_media":0,"parent":0,"menu_order":0,"comment_status":"closed","ping_status":"closed","template":"","meta":{"_seopress_robots_primary_cat":"","_seopress_titles_title":"Incr\u00edbete Blog Dejando Huella %%sep%% %%sitetitle%%","_seopress_titles_desc":"Un espacio pensado en el equipo de enfermer\u00eda. Art\u00edculos de crecimiento profesional y personal, seguridad del paciente, cuidado en casa, etc. \u00a1Inscr\u00edbete ya!","_seopress_robots_index":"","footnotes":""},"class_list":["post-3412","page","type-page","status-publish","hentry"],"_links":{"self":[{"href":"https:\/\/www.magnusmedical.ch\/es\/wp-json\/wp\/v2\/pages\/3412","targetHints":{"allow":["GET"]}}],"collection":[{"href":"https:\/\/www.magnusmedical.ch\/es\/wp-json\/wp\/v2\/pages"}],"about":[{"href":"https:\/\/www.magnusmedical.ch\/es\/wp-json\/wp\/v2\/types\/page"}],"author":[{"embeddable":true,"href":"https:\/\/www.magnusmedical.ch\/es\/wp-json\/wp\/v2\/users\/2"}],"replies":[{"embeddable":true,"href":"https:\/\/www.magnusmedical.ch\/es\/wp-json\/wp\/v2\/comments?post=3412"}],"version-history":[{"count":0,"href":"https:\/\/www.magnusmedical.ch\/es\/wp-json\/wp\/v2\/pages\/3412\/revisions"}],"wp:attachment":[{"href":"https:\/\/www.magnusmedical.ch\/es\/wp-json\/wp\/v2\/media?parent=3412"}],"curies":[{"name":"wp","href":"https:\/\/api.w.org\/{rel}","templated":true}]}}