{"id":1786,"date":"2023-05-23T15:53:06","date_gmt":"2023-05-23T15:53:06","guid":{"rendered":"https:\/\/magnusmedical.ch\/?page_id=1786"},"modified":"2026-01-08T20:16:07","modified_gmt":"2026-01-08T20:16:07","slug":"sultan","status":"publish","type":"page","link":"https:\/\/www.magnusmedical.ch\/es\/sultan\/","title":{"rendered":"Sultan"},"content":{"rendered":"\t\t<div data-elementor-type=\"wp-page\" data-elementor-id=\"1786\" class=\"elementor elementor-1786\" data-elementor-post-type=\"page\">\n\t\t\t\t<div class=\"elementor-element elementor-element-1802ded e-flex e-con-boxed e-con e-parent\" data-id=\"1802ded\" data-element_type=\"container\" data-e-type=\"container\" data-settings=\"{&quot;background_background&quot;:&quot;classic&quot;}\">\n\t\t\t\t\t<div class=\"e-con-inner\">\n\t\t<div class=\"elementor-element elementor-element-b6b1e97 e-con-full e-flex e-con e-child\" data-id=\"b6b1e97\" data-element_type=\"container\" data-e-type=\"container\">\n\t\t\t\t<div class=\"elementor-element elementor-element-d7608a7 elementor-widget__width-initial exad-sticky-section-no exad-glass-effect-no elementor-widget elementor-widget-image\" data-id=\"d7608a7\" data-element_type=\"widget\" data-e-type=\"widget\" data-widget_type=\"image.default\">\n\t\t\t\t<div class=\"elementor-widget-container\">\n\t\t\t\t\t\t\t\t\t\t\t\t\t\t\t<img decoding=\"async\" width=\"180\" height=\"58\" src=\"https:\/\/www.magnusmedical.ch\/wp-content\/uploads\/2023\/05\/sultan.svg\" class=\"attachment-medium size-medium wp-image-1375\" alt=\"\" \/>\t\t\t\t\t\t\t\t\t\t\t\t\t\t\t<\/div>\n\t\t\t\t<\/div>\n\t\t\t\t<\/div>\n\t\t<div class=\"elementor-element elementor-element-76d17db e-con-full e-flex e-con e-child\" data-id=\"76d17db\" data-element_type=\"container\" data-e-type=\"container\">\n\t\t\t\t<div class=\"elementor-element elementor-element-4d8d6a4 elementor-widget__width-inherit elementor-widget-tablet__width-inherit exad-sticky-section-no exad-glass-effect-no elementor-widget elementor-widget-video\" data-id=\"4d8d6a4\" data-element_type=\"widget\" data-e-type=\"widget\" data-settings=\"{&quot;video_type&quot;:&quot;hosted&quot;,&quot;start&quot;:0,&quot;autoplay&quot;:&quot;yes&quot;,&quot;controls&quot;:&quot;yes&quot;}\" data-widget_type=\"video.default\">\n\t\t\t\t<div class=\"elementor-widget-container\">\n\t\t\t\t\t\t\t<div class=\"e-hosted-video elementor-wrapper elementor-open-inline\">\n\t\t\t\t\t<video class=\"elementor-video\" src=\"http:\/\/magnusmedical.ch\/wp-content\/uploads\/2023\/07\/VIDEO-SULTAN.mp4\" autoplay=\"\" controls=\"\" controlsList=\"nodownload\"><\/video>\n\t\t\t\t<\/div>\n\t\t\t\t\t\t<\/div>\n\t\t\t\t<\/div>\n\t\t\t\t<\/div>\n\t\t\t\t\t<\/div>\n\t\t\t\t<\/div>\n\t\t<div class=\"elementor-element elementor-element-8e63c02 e-flex e-con-boxed e-con e-parent\" data-id=\"8e63c02\" data-element_type=\"container\" data-e-type=\"container\">\n\t\t\t\t\t<div class=\"e-con-inner\">\n\t\t<div class=\"elementor-element elementor-element-055f32b e-con-full e-flex e-con e-child\" data-id=\"055f32b\" data-element_type=\"container\" data-e-type=\"container\">\n\t\t\t\t<div class=\"elementor-element elementor-element-bd0330a elementor-hidden-desktop elementor-hidden-tablet exad-sticky-section-no exad-glass-effect-no elementor-widget elementor-widget-hub_fancy_heading\" data-id=\"bd0330a\" data-element_type=\"widget\" data-e-type=\"widget\" data-widget_type=\"hub_fancy_heading.default\">\n\t\t\t\t<div class=\"elementor-widget-container\">\n\t\t\t\t\t\n\t\t<div id=\"ld-fancy-heading-69e0b3ce3d0d3\" class=\"ld-fancy-heading pos-rel\">\n\t\t\t<h2 class=\"ld-fh-element d-inline-block pos-rel  elementor-heading-title lqd-highlight-classic lqd-highlight-grow-left h2\"  > \u00a1Pisar firma es la base <br \/> \n<span style=\"color:#17A9B1\">de tu seguridad!<\/span><\/h2>\t\t<\/div>\n\n\t\t\t\t\t\t<\/div>\n\t\t\t\t<\/div>\n\t\t\t\t<div class=\"elementor-element elementor-element-f72a482 elementor-arrows-position-outside exad-sticky-section-no exad-glass-effect-no elementor-widget elementor-widget-image-carousel\" data-id=\"f72a482\" data-element_type=\"widget\" data-e-type=\"widget\" id=\"carusel\" data-settings=\"{&quot;slides_to_show&quot;:&quot;1&quot;,&quot;navigation&quot;:&quot;arrows&quot;,&quot;autoplay_speed&quot;:10000,&quot;autoplay&quot;:&quot;yes&quot;,&quot;pause_on_hover&quot;:&quot;yes&quot;,&quot;pause_on_interaction&quot;:&quot;yes&quot;,&quot;infinite&quot;:&quot;yes&quot;,&quot;effect&quot;:&quot;slide&quot;,&quot;speed&quot;:500}\" data-widget_type=\"image-carousel.default\">\n\t\t\t\t<div class=\"elementor-widget-container\">\n\t\t\t\t\t\t\t<div class=\"elementor-image-carousel-wrapper swiper\" role=\"region\" aria-roledescription=\"carousel\" aria-label=\"Carrusel de im\u00e1genes\" dir=\"ltr\">\n\t\t\t<div class=\"elementor-image-carousel swiper-wrapper\" aria-live=\"off\">\n\t\t\t\t\t\t\t\t<div class=\"swiper-slide\" role=\"group\" aria-roledescription=\"slide\" aria-label=\"1 de 6\"><figure class=\"swiper-slide-inner\"><img decoding=\"async\" class=\"swiper-slide-image\" src=\"https:\/\/www.magnusmedical.ch\/wp-content\/uploads\/2023\/05\/Sultan_AGUAMARINA_con_logos.jpg\" alt=\"Sulta\u0301n_AGUAMARINA_con_logos\" \/><\/figure><\/div><div class=\"swiper-slide\" role=\"group\" aria-roledescription=\"slide\" aria-label=\"2 de 6\"><figure class=\"swiper-slide-inner\"><img decoding=\"async\" class=\"swiper-slide-image\" src=\"https:\/\/www.magnusmedical.ch\/wp-content\/uploads\/2023\/05\/Piso-mojado.jpg\" alt=\"Piso mojado\" \/><\/figure><\/div><div class=\"swiper-slide\" role=\"group\" aria-roledescription=\"slide\" aria-label=\"3 de 6\"><figure class=\"swiper-slide-inner\"><img decoding=\"async\" class=\"swiper-slide-image\" src=\"https:\/\/www.magnusmedical.ch\/wp-content\/uploads\/2023\/05\/Ilustracion_Quirofano_sin_Sultan.jpg\" alt=\"Ilustracio\u0301n_Quiro\u0301fano_sin_Sulta\u0301n\" \/><\/figure><\/div><div class=\"swiper-slide\" role=\"group\" aria-roledescription=\"slide\" aria-label=\"4 de 6\"><figure class=\"swiper-slide-inner\"><img decoding=\"async\" class=\"swiper-slide-image\" src=\"https:\/\/www.magnusmedical.ch\/wp-content\/uploads\/2023\/05\/Ilustracion_Quirofano_con_Sultan.jpg\" alt=\"Ilustracio\u0301n_Quiro\u0301fano_con_Sulta\u0301n\" \/><\/figure><\/div><div class=\"swiper-slide\" role=\"group\" aria-roledescription=\"slide\" aria-label=\"5 de 6\"><figure class=\"swiper-slide-inner\"><img decoding=\"async\" class=\"swiper-slide-image\" src=\"https:\/\/www.magnusmedical.ch\/wp-content\/uploads\/2023\/05\/Closeup_Sultan_Fix.jpg\" alt=\"Closeup_Sultan_Fix\" \/><\/figure><\/div><div class=\"swiper-slide\" role=\"group\" aria-roledescription=\"slide\" aria-label=\"6 de 6\"><figure class=\"swiper-slide-inner\"><img decoding=\"async\" class=\"swiper-slide-image\" src=\"https:\/\/www.magnusmedical.ch\/wp-content\/uploads\/2023\/05\/Closeup_Sultan_9.jpg\" alt=\"Closeup_Sultan_9\" \/><\/figure><\/div>\t\t\t<\/div>\n\t\t\t\t\t\t\t\t\t\t\t\t<div class=\"elementor-swiper-button elementor-swiper-button-prev\" role=\"button\" tabindex=\"0\">\n\t\t\t\t\t\t<i aria-hidden=\"true\" class=\"eicon-chevron-left\"><\/i>\t\t\t\t\t<\/div>\n\t\t\t\t\t<div class=\"elementor-swiper-button elementor-swiper-button-next\" role=\"button\" tabindex=\"0\">\n\t\t\t\t\t\t<i aria-hidden=\"true\" class=\"eicon-chevron-right\"><\/i>\t\t\t\t\t<\/div>\n\t\t\t\t\n\t\t\t\t\t\t\t\t\t<\/div>\n\t\t\t\t\t\t<\/div>\n\t\t\t\t<\/div>\n\t\t\t\t<div class=\"elementor-element elementor-element-7c8eb73 elementor-align-center elementor-hidden-desktop elementor-hidden-tablet elementor-hidden-mobile exad-sticky-section-no exad-glass-effect-no elementor-widget elementor-widget-ld_icon_box\" data-id=\"7c8eb73\" data-element_type=\"widget\" data-e-type=\"widget\" data-widget_type=\"ld_icon_box.default\">\n\t\t\t\t<div class=\"elementor-widget-container\">\n\t\t\t\t\t\n\t\t\t<div id=\"ld_icon_box_7c8eb73\" class=\"iconbox d-flex flex-grow-1 pos-rel flex-wrap align-items-center iconbox-inline\"   >\n\n\t\t\t\t\n\t\t\t\t<div class=\"iconbox-icon-wrap  \"><div class=\"iconbox-icon-container d-inline-flex   \"><i aria-hidden=\"true\" class=\"fas fa-exclamation-circle\"><\/i><\/div><\/div>\n\t\t\t\t<h3 class=\"lqd-iconbox-heading \" >Arrastre a la izquierda <\/h3>\n\t\t\t\t\n\t\t\t\t\n\t\t\t\t\t\t\t\t<p><\/p>\n\t\t\t\t\n\t\t\t\t\n\t\t\t\t\n\t\t\t<\/div>\n\n\t\t\t\t\t\t<\/div>\n\t\t\t\t<\/div>\n\t\t\t\t<\/div>\n\t\t<div class=\"elementor-element elementor-element-7b62abe e-con-full e-flex e-con e-child\" data-id=\"7b62abe\" data-element_type=\"container\" data-e-type=\"container\">\n\t\t\t\t<div class=\"elementor-element elementor-element-b91b8fb elementor-hidden-mobile exad-sticky-section-no exad-glass-effect-no elementor-widget elementor-widget-hub_fancy_heading\" data-id=\"b91b8fb\" data-element_type=\"widget\" data-e-type=\"widget\" data-widget_type=\"hub_fancy_heading.default\">\n\t\t\t\t<div class=\"elementor-widget-container\">\n\t\t\t\t\t\n\t\t<div id=\"ld-fancy-heading-69e0b3ce3eed5\" class=\"ld-fancy-heading pos-rel\">\n\t\t\t<h2 class=\"ld-fh-element d-inline-block pos-rel  elementor-heading-title lqd-highlight-classic lqd-highlight-grow-left h2\"  > \u00a1Pisar firme es la base\n<span style=\"color:#17A9B1\">de tu seguridad!<\/span><\/h2>\t\t<\/div>\n\n\t\t\t\t\t\t<\/div>\n\t\t\t\t<\/div>\n\t\t\t\t<div class=\"elementor-element elementor-element-a3de9b2 exad-sticky-section-no exad-glass-effect-no elementor-widget elementor-widget-hub_fancy_heading\" data-id=\"a3de9b2\" data-element_type=\"widget\" data-e-type=\"widget\" data-widget_type=\"hub_fancy_heading.default\">\n\t\t\t\t<div class=\"elementor-widget-container\">\n\t\t\t\t\t\n\t\t<div id=\"ld-fancy-heading-69e0b3ce3f9d2\" class=\"ld-fancy-heading pos-rel\">\n\t\t\t<p class=\"ld-fh-element d-inline-block pos-rel  lqd-highlight-classic lqd-highlight-grow-left p\"  > SULTAN puede evitar el riesgo de ca\u00eddas en el quir\u00f3fano, la soluci\u00f3n pr\u00e1ctica, eficiente y econ\u00f3mica contra pisos resbalosos. Tambi\u00e9n es \u00fatil en lavamanos quir\u00fargicos, centrales de esterilizaci\u00f3n y donde haya pisos mojados con un riesgo de ca\u00edda.<\/p>\t\t<\/div>\n\n\t\t\t\t\t\t<\/div>\n\t\t\t\t<\/div>\n\t\t\t\t<div class=\"elementor-element elementor-element-98b6f75 exad-sticky-section-no exad-glass-effect-no elementor-widget elementor-widget-hub_fancy_heading\" data-id=\"98b6f75\" data-element_type=\"widget\" data-e-type=\"widget\" data-widget_type=\"hub_fancy_heading.default\">\n\t\t\t\t<div class=\"elementor-widget-container\">\n\t\t\t\t\t\n\t\t<div id=\"ld-fancy-heading-69e0b3ce4045f\" class=\"ld-fancy-heading pos-rel\">\n\t\t\t<p class=\"ld-fh-element d-inline-block pos-rel  lqd-highlight-classic lqd-highlight-grow-left p\"  > Ponte de pie sobre <span style=\"font-weight:bold\">SULTAN FIX<\/span> y deja que <span style=\"font-weight:bold\">SULTAN 9<\/span> absorba el l\u00edquido presente en el piso. Combinados, son una soluci\u00f3n maravillosamente simple para un riesgo complejo.<\/p>\t\t<\/div>\n\n\t\t\t\t\t\t<\/div>\n\t\t\t\t<\/div>\n\t\t<div class=\"elementor-element elementor-element-6510161 e-flex e-con-boxed e-con e-child\" data-id=\"6510161\" data-element_type=\"container\" data-e-type=\"container\">\n\t\t\t\t\t<div class=\"e-con-inner\">\n\t\t<div class=\"elementor-element elementor-element-b6d32ab e-flex e-con-boxed e-con e-child\" data-id=\"b6d32ab\" data-element_type=\"container\" data-e-type=\"container\">\n\t\t\t\t\t<div class=\"e-con-inner\">\n\t\t\t\t<div class=\"elementor-element elementor-element-b615400 exad-sticky-section-no exad-glass-effect-no elementor-widget elementor-widget-image\" data-id=\"b615400\" data-element_type=\"widget\" data-e-type=\"widget\" data-widget_type=\"image.default\">\n\t\t\t\t<div class=\"elementor-widget-container\">\n\t\t\t\t\t\t\t\t\t\t\t\t\t\t\t<img fetchpriority=\"high\" decoding=\"async\" width=\"630\" height=\"95\" src=\"data:image\/svg+xml;charset=utf-8,%3Csvg xmlns%3D&#039;http%3A%2F%2Fwww.w3.org%2F2000%2Fsvg&#039; viewBox%3D&#039;0 0 630 95&#039;%2F%3E\" class=\"attachment-large size-large wp-image-973 ld-lazyload\" alt=\"logo Sultan Fix\" data-src=\"https:\/\/www.magnusmedical.ch\/wp-content\/uploads\/2020\/03\/logo_sultan_fix.jpg\" data-srcset=\"https:\/\/www.magnusmedical.ch\/wp-content\/uploads\/2020\/03\/logo_sultan_fix.jpg 630w, https:\/\/www.magnusmedical.ch\/wp-content\/uploads\/2020\/03\/logo_sultan_fix-300x45.jpg 300w\" data-sizes=\"(max-width: 630px) 100vw, 630px\" data-aspect=\"6.6315789473684\" \/>\t\t\t\t\t\t\t\t\t\t\t\t\t\t\t<\/div>\n\t\t\t\t<\/div>\n\t\t\t\t<div class=\"elementor-element elementor-element-133c88c exad-sticky-section-no exad-glass-effect-no elementor-widget elementor-widget-text-editor\" data-id=\"133c88c\" data-element_type=\"widget\" data-e-type=\"widget\" data-widget_type=\"text-editor.default\">\n\t\t\t\t<div class=\"elementor-widget-container\">\n\t\t\t\t\t\t\t\t\t<p>\u00c1rea de seguridad en el piso<br \/>Se adosa a cualquier superficie<br \/><span style=\"color: #003a70; display: block; margin: 0px;\">Dimensiones:<\/span>75 x 100 cm<br \/><span style=\"color: #003a70; display: block; margin: 0px;\"><br \/><\/span><\/p><div id=\"pip-toast\">\u00a0<\/div>\t\t\t\t\t\t\t\t<\/div>\n\t\t\t\t<\/div>\n\t\t\t\t\t<\/div>\n\t\t\t\t<\/div>\n\t\t<div class=\"elementor-element elementor-element-2a6ef57 e-flex e-con-boxed e-con e-child\" data-id=\"2a6ef57\" data-element_type=\"container\" data-e-type=\"container\">\n\t\t\t\t\t<div class=\"e-con-inner\">\n\t\t\t\t<div class=\"elementor-element elementor-element-4c31853 exad-sticky-section-no exad-glass-effect-no elementor-widget elementor-widget-image\" data-id=\"4c31853\" data-element_type=\"widget\" data-e-type=\"widget\" data-widget_type=\"image.default\">\n\t\t\t\t<div class=\"elementor-widget-container\">\n\t\t\t\t\t\t\t\t\t\t\t\t\t\t\t<img decoding=\"async\" width=\"630\" height=\"107\" src=\"data:image\/svg+xml;charset=utf-8,%3Csvg xmlns%3D&#039;http%3A%2F%2Fwww.w3.org%2F2000%2Fsvg&#039; viewBox%3D&#039;0 0 630 107&#039;%2F%3E\" class=\"attachment-large size-large wp-image-1085 ld-lazyload\" alt=\"logo_sultan_9\" data-src=\"https:\/\/www.magnusmedical.ch\/wp-content\/uploads\/2020\/03\/logo_sultan_9.jpg\" data-srcset=\"https:\/\/www.magnusmedical.ch\/wp-content\/uploads\/2020\/03\/logo_sultan_9.jpg 630w, https:\/\/www.magnusmedical.ch\/wp-content\/uploads\/2020\/03\/logo_sultan_9-300x51.jpg 300w\" data-sizes=\"(max-width: 630px) 100vw, 630px\" data-aspect=\"5.8878504672897\" \/>\t\t\t\t\t\t\t\t\t\t\t\t\t\t\t<\/div>\n\t\t\t\t<\/div>\n\t\t\t\t<div class=\"elementor-element elementor-element-00d0ee0 exad-sticky-section-no exad-glass-effect-no elementor-widget elementor-widget-text-editor\" data-id=\"00d0ee0\" data-element_type=\"widget\" data-e-type=\"widget\" data-widget_type=\"text-editor.default\">\n\t\t\t\t<div class=\"elementor-widget-container\">\n\t\t\t\t\t\t\t\t\t<span style=\"font-weight: 400;\">Pa\u00f1o absorbente de alta efectividad<\/span>\n<span style=\"color: #003a70; display: block; margin: 0px;\">Dimensiones:<\/span>\n<span style=\"font-weight: 400;\">72 x 37 cm<\/span>\n<span style=\"color: #003a70; display: block; margin: 0px;\">Capacidad de Absorci\u00f3n:<\/span>\n<span style=\"font-weight: 400;\">9 litros<\/span>\t\t\t\t\t\t\t\t<\/div>\n\t\t\t\t<\/div>\n\t\t\t\t\t<\/div>\n\t\t\t\t<\/div>\n\t\t\t\t\t<\/div>\n\t\t\t\t<\/div>\n\t\t\t\t<div class=\"elementor-element elementor-element-c5b7556 exad-sticky-section-no exad-glass-effect-no elementor-widget elementor-widget-hub_fancy_heading\" data-id=\"c5b7556\" data-element_type=\"widget\" data-e-type=\"widget\" data-widget_type=\"hub_fancy_heading.default\">\n\t\t\t\t<div class=\"elementor-widget-container\">\n\t\t\t\t\t\n\t\t<div id=\"ld-fancy-heading-69e0b3ce421cf\" class=\"ld-fancy-heading pos-rel\">\n\t\t\t<p class=\"ld-fh-element d-inline-block pos-rel  lqd-highlight-classic lqd-highlight-grow-left p\"  > Tu atenci\u00f3n en el paciente y no en evitar ca\u00eddas.<\/p>\t\t<\/div>\n\n\t\t\t\t\t\t<\/div>\n\t\t\t\t<\/div>\n\t\t\t\t<div class=\"elementor-element elementor-element-0ca590f elementor-widget__width-initial exad-sticky-section-no exad-glass-effect-no elementor-widget elementor-widget-ld_button\" data-id=\"0ca590f\" data-element_type=\"widget\" data-e-type=\"widget\" data-widget_type=\"ld_button.default\">\n\t\t\t\t<div class=\"elementor-widget-container\">\n\t\t\t\t\t\n\t\t\t<a\n\t\t\t\thref=\"https:\/\/www.magnusmedical.ch\/es\/contacto\/\"class=\"elementor-button btn btn-solid btn-custom-size btn-icon-shaped btn-has-label\"\t\t\t>\n\t\t\t\t\t\t\t\t\t<span data-text=\"Cont\u00e1ctanos\" class=\"btn-txt\">\n\t\t\t\t\t\tCont\u00e1ctanos\t\t\t\t\t<\/span>\n\t\t\t\t\t\t\t\t\t\t\t<\/a>\n\t\t\t\t\t\t\t<\/div>\n\t\t\t\t<\/div>\n\t\t\t\t<\/div>\n\t\t\t\t\t<\/div>\n\t\t\t\t<\/div>\n\t\t<div class=\"elementor-element elementor-element-0b1003f e-flex e-con-boxed e-con e-parent\" data-id=\"0b1003f\" data-element_type=\"container\" data-e-type=\"container\" data-settings=\"{&quot;background_background&quot;:&quot;classic&quot;}\">\n\t\t\t\t\t<div class=\"e-con-inner\">\n\t\t\t\t<div class=\"elementor-element elementor-element-8e3e331 elementor-widget__width-initial elementor-hidden-desktop elementor-hidden-tablet elementor-hidden-mobile exad-sticky-section-no exad-glass-effect-no elementor-widget elementor-widget-hub_fancy_heading\" data-id=\"8e3e331\" data-element_type=\"widget\" data-e-type=\"widget\" id=\"titulo\" data-widget_type=\"hub_fancy_heading.default\">\n\t\t\t\t<div class=\"elementor-widget-container\">\n\t\t\t\t\t\n\t\t<div id=\"ld-fancy-heading-69e0b3ce43bc5\" class=\"ld-fancy-heading pos-rel\">\n\t\t\t<h2 class=\"ld-fh-element d-inline-block pos-rel  elementor-heading-title lqd-highlight-classic lqd-highlight-grow-left h2\"  > Conoce las<\/h2>\t\t<\/div>\n\n\t\t\t\t\t\t<\/div>\n\t\t\t\t<\/div>\n\t\t\t\t<div class=\"elementor-element elementor-element-4073b70 exad-sticky-section-no exad-glass-effect-no elementor-widget elementor-widget-hub_fancy_heading\" data-id=\"4073b70\" data-element_type=\"widget\" data-e-type=\"widget\" data-widget_type=\"hub_fancy_heading.default\">\n\t\t\t\t<div class=\"elementor-widget-container\">\n\t\t\t\t\t\n\t\t<div id=\"ld-fancy-heading-69e0b3ce4440e\" class=\"ld-fancy-heading pos-rel\">\n\t\t\t<h2 class=\"ld-fh-element d-inline-block pos-rel  elementor-heading-title lqd-highlight-classic lqd-highlight-grow-left h2\"  > Lo que nos hace diferentes y \u00fanicos<\/h2>\t\t<\/div>\n\n\t\t\t\t\t\t<\/div>\n\t\t\t\t<\/div>\n\t\t<div class=\"elementor-element elementor-element-39a4f58 e-flex e-con-boxed e-con e-child\" data-id=\"39a4f58\" data-element_type=\"container\" data-e-type=\"container\">\n\t\t\t\t\t<div class=\"e-con-inner\">\n\t\t<div class=\"elementor-element elementor-element-da828af e-con-full e-flex e-con e-child\" data-id=\"da828af\" data-element_type=\"container\" data-e-type=\"container\" data-settings=\"{&quot;background_background&quot;:&quot;classic&quot;}\">\n\t\t\t\t<div class=\"elementor-element elementor-element-110bb06 exad-sticky-section-no exad-glass-effect-no elementor-widget elementor-widget-exad-flipbox\" data-id=\"110bb06\" data-element_type=\"widget\" data-e-type=\"widget\" data-widget_type=\"exad-flipbox.default\">\n\t\t\t\t<div class=\"elementor-widget-container\">\n\t\t\t\t\t\r\n\t\t<div class=\"exad-flip-box\">\r\n\t      \t<div class=\"exad-flip-box-inner left-to-right\">\r\n\t        \t<div class=\"exad-flip-box-front center\">\r\n\t\t\t\t\t<div class=\"exad-flip-box-front-overlay\"><\/div>\r\n\t        \t\t<div class=\"exad-flip-box-front-content\">\r\n\t\t\t\t\t\t\t\t          \t\t<div class=\"exad-flip-box-front-image\">\r\n\t\t\t\t\t\t\t  <svg xmlns=\"http:\/\/www.w3.org\/2000\/svg\" width=\"512\" height=\"512\" viewBox=\"0 0 512 512\"><path fill=\"[object Object]\" d=\"M110.5 131.8C145.6 90.5 197.5 64 256 64c106.1 0 192 85.9 192 192h64C512 114.6 397.4 0 256 0C179.8 0 111.7 33.4 64.9 86.2L0 21.3V192h170.7l-60.2-60.2zm291 248.4c-35.2 41.3-87 67.8-145.5 67.8c-106.1 0-192-85.9-192-192H0c0 141.4 114.6 256 256 256c76.2 0 144.3-33.4 191.1-86.2l64.9 64.9V320H341.3l60.2 60.2z\"><\/path><\/svg>\t\t\t        \t\t<\/div>\r\n\t\t\t\t\t\t\t        \t\t<\/div>\r\n\t        \t<\/div>\r\n\r\n\t\t        <div class=\"exad-flip-box-back center\">\r\n\t\t\t\t\t<div class=\"exad-flip-box-back-overlay\"><\/div>\r\n\t\t        \t<div class=\"exad-flip-box-back-content\">\r\n\t\t\t        \t\t\t\t\t\t\r\n\t\t\t\t        <div class=\"exad-flip-box-back-description\">\r\n\t\t\t\t\t\tSoluci\u00f3n ideal para evitar accidentes laborales\t\t\t\t\t\t<\/div>\r\n\t\t\t\t\t\t\r\n\t\t\t\t\t\t\t\t\t        <\/div>\r\n\t\t        <\/div>\r\n\t      \t<\/div>\r\n\t    <\/div>\r\n\t\t\t\t\t<\/div>\n\t\t\t\t<\/div>\n\t\t\t\t<\/div>\n\t\t<div class=\"elementor-element elementor-element-a899493 e-con-full e-flex e-con e-child\" data-id=\"a899493\" data-element_type=\"container\" data-e-type=\"container\" data-settings=\"{&quot;background_background&quot;:&quot;classic&quot;}\">\n\t\t\t\t<div class=\"elementor-element elementor-element-a70c5a5 exad-sticky-section-no exad-glass-effect-no elementor-widget elementor-widget-exad-flipbox\" data-id=\"a70c5a5\" data-element_type=\"widget\" data-e-type=\"widget\" data-widget_type=\"exad-flipbox.default\">\n\t\t\t\t<div class=\"elementor-widget-container\">\n\t\t\t\t\t\r\n\t\t<div class=\"exad-flip-box\">\r\n\t      \t<div class=\"exad-flip-box-inner left-to-right\">\r\n\t        \t<div class=\"exad-flip-box-front center\">\r\n\t\t\t\t\t<div class=\"exad-flip-box-front-overlay\"><\/div>\r\n\t        \t\t<div class=\"exad-flip-box-front-content\">\r\n\t\t\t\t\t\t\t\t          \t\t<div class=\"exad-flip-box-front-image\">\r\n\t\t\t\t\t\t\t  <svg xmlns=\"http:\/\/www.w3.org\/2000\/svg\" width=\"512\" height=\"512\" viewBox=\"0 0 512 512\"><path fill=\"[object Object]\" d=\"M110.5 131.8C145.6 90.5 197.5 64 256 64c106.1 0 192 85.9 192 192h64C512 114.6 397.4 0 256 0C179.8 0 111.7 33.4 64.9 86.2L0 21.3V192h170.7l-60.2-60.2zm291 248.4c-35.2 41.3-87 67.8-145.5 67.8c-106.1 0-192-85.9-192-192H0c0 141.4 114.6 256 256 256c76.2 0 144.3-33.4 191.1-86.2l64.9 64.9V320H341.3l60.2 60.2z\"><\/path><\/svg>\t\t\t        \t\t<\/div>\r\n\t\t\t\t\t\t\t        \t\t<\/div>\r\n\t        \t<\/div>\r\n\r\n\t\t        <div class=\"exad-flip-box-back center\">\r\n\t\t\t\t\t<div class=\"exad-flip-box-back-overlay\"><\/div>\r\n\t\t        \t<div class=\"exad-flip-box-back-content\">\r\n\t\t\t        \t\t\t\t\t\t\r\n\t\t\t\t        <div class=\"exad-flip-box-back-description\">\r\n\t\t\t\t\t\tLa seguridad del cuerpo m\u00e9dico es la seguridad del paciente\t\t\t\t\t\t<\/div>\r\n\t\t\t\t\t\t\r\n\t\t\t\t\t\t\t\t\t        <\/div>\r\n\t\t        <\/div>\r\n\t      \t<\/div>\r\n\t    <\/div>\r\n\t\t\t\t\t<\/div>\n\t\t\t\t<\/div>\n\t\t\t\t<\/div>\n\t\t\t\t\t<\/div>\n\t\t\t\t<\/div>\n\t\t\t\t\t<\/div>\n\t\t\t\t<\/div>\n\t\t<div class=\"elementor-element elementor-element-65cf612 e-flex e-con-boxed e-con e-parent\" data-id=\"65cf612\" data-element_type=\"container\" data-e-type=\"container\" data-settings=\"{&quot;background_background&quot;:&quot;classic&quot;}\">\n\t\t\t\t\t<div class=\"e-con-inner\">\n\t\t<div class=\"elementor-element elementor-element-7bbf581 e-con-full e-flex e-con e-child\" data-id=\"7bbf581\" data-element_type=\"container\" data-e-type=\"container\">\n\t\t\t\t<div class=\"elementor-element elementor-element-88984d2 elementor-widget__width-auto exad-sticky-section-no exad-glass-effect-no elementor-widget elementor-widget-hub_fancy_heading\" data-id=\"88984d2\" data-element_type=\"widget\" data-e-type=\"widget\" data-widget_type=\"hub_fancy_heading.default\">\n\t\t\t\t<div class=\"elementor-widget-container\">\n\t\t\t\t\t\n\t\t<div id=\"ld-fancy-heading-69e0b3ce47384\" class=\"ld-fancy-heading pos-rel\">\n\t\t\t<h2 class=\"ld-fh-element d-inline-block pos-rel  elementor-heading-title lqd-highlight-classic lqd-highlight-grow-left h2\"  > Conoce nuestro cat\u00e1logo<\/h2>\t\t<\/div>\n\n\t\t\t\t\t\t<\/div>\n\t\t\t\t<\/div>\n\t\t\t\t<div class=\"elementor-element elementor-element-859fbae exad-sticky-section-no exad-glass-effect-no elementor-widget elementor-widget-ld_button\" data-id=\"859fbae\" data-element_type=\"widget\" data-e-type=\"widget\" data-widget_type=\"ld_button.default\">\n\t\t\t\t<div class=\"elementor-widget-container\">\n\t\t\t\t\t\n\t\t\t<a\n\t\t\t\thref=\"https:\/\/magnusmedical.ch\/wp-content\/uploads\/2023\/09\/Brochure_Sultan_Online.pdf\"class=\"elementor-button btn btn-solid btn-custom-size btn-icon-shaped btn-has-label\"\t\t\t>\n\t\t\t\t\t\t\t\t\t<span data-text=\"Ver cat\u00e1logo\" class=\"btn-txt\">\n\t\t\t\t\t\tVer cat\u00e1logo\t\t\t\t\t<\/span>\n\t\t\t\t\t\t\t\t\t\t\t<\/a>\n\t\t\t\t\t\t\t<\/div>\n\t\t\t\t<\/div>\n\t\t\t\t<div class=\"elementor-element elementor-element-c820480 elementor-hidden-desktop elementor-hidden-tablet elementor-hidden-mobile exad-sticky-section-no exad-glass-effect-no elementor-widget elementor-widget-ld_button\" data-id=\"c820480\" data-element_type=\"widget\" data-e-type=\"widget\" data-widget_type=\"ld_button.default\">\n\t\t\t\t<div class=\"elementor-widget-container\">\n\t\t\t\t\t\n\t\t\t<a\n\t\t\t\thref=\"#\"class=\"elementor-button btn btn-solid btn-custom-size btn-icon-shaped btn-has-label\"\t\t\t>\n\t\t\t\t\t\t\t\t\t<span data-text=\"Descargar\" class=\"btn-txt\">\n\t\t\t\t\t\tDescargar\t\t\t\t\t<\/span>\n\t\t\t\t\t\t\t\t\t\t\t<\/a>\n\t\t\t\t\t\t\t<\/div>\n\t\t\t\t<\/div>\n\t\t\t\t<\/div>\n\t\t\t\t\t<\/div>\n\t\t\t\t<\/div>\n\t\t\t\t<\/div>\n\t\t","protected":false},"excerpt":{"rendered":"<p>http:\/\/magnusmedical.ch\/wp-content\/uploads\/2023\/07\/VIDEO-SULTAN.mp4 \u00a1Pisar firma es la base de tu seguridad! Arrastre a la izquierda \u00a1Pisar firme es la base de tu seguridad! SULTAN puede evitar el riesgo de ca\u00eddas en el quir\u00f3fano, la soluci\u00f3n pr\u00e1ctica, eficiente y econ\u00f3mica contra pisos resbalosos. Tambi\u00e9n es \u00fatil en lavamanos quir\u00fargicos, centrales de esterilizaci\u00f3n y donde haya pisos mojados con [&hellip;]<\/p>\n","protected":false},"author":2,"featured_media":0,"parent":0,"menu_order":0,"comment_status":"closed","ping_status":"closed","template":"","meta":{"_seopress_robots_primary_cat":"","_seopress_titles_title":"Sultan | Tapete antideslizante para hospitales y cl\u00ednicas","_seopress_titles_desc":"Soluci\u00f3n antideslizante que ayuda a prevenir ca\u00eddas, mejora la seguridad del personal de salud y mantiene el orden en \u00e1reas cr\u00edticas.","_seopress_robots_index":"","footnotes":""},"class_list":["post-1786","page","type-page","status-publish","hentry"],"_links":{"self":[{"href":"https:\/\/www.magnusmedical.ch\/es\/wp-json\/wp\/v2\/pages\/1786","targetHints":{"allow":["GET"]}}],"collection":[{"href":"https:\/\/www.magnusmedical.ch\/es\/wp-json\/wp\/v2\/pages"}],"about":[{"href":"https:\/\/www.magnusmedical.ch\/es\/wp-json\/wp\/v2\/types\/page"}],"author":[{"embeddable":true,"href":"https:\/\/www.magnusmedical.ch\/es\/wp-json\/wp\/v2\/users\/2"}],"replies":[{"embeddable":true,"href":"https:\/\/www.magnusmedical.ch\/es\/wp-json\/wp\/v2\/comments?post=1786"}],"version-history":[{"count":1,"href":"https:\/\/www.magnusmedical.ch\/es\/wp-json\/wp\/v2\/pages\/1786\/revisions"}],"predecessor-version":[{"id":7412,"href":"https:\/\/www.magnusmedical.ch\/es\/wp-json\/wp\/v2\/pages\/1786\/revisions\/7412"}],"wp:attachment":[{"href":"https:\/\/www.magnusmedical.ch\/es\/wp-json\/wp\/v2\/media?parent=1786"}],"curies":[{"name":"wp","href":"https:\/\/api.w.org\/{rel}","templated":true}]}}