{"id":439,"date":"2017-11-30T02:47:07","date_gmt":"2017-11-30T02:47:07","guid":{"rendered":"http:\/\/magnusmedical.ch\/hersteller\/"},"modified":"2018-01-17T13:51:44","modified_gmt":"2018-01-17T13:51:44","slug":"hersteller","status":"publish","type":"page","link":"https:\/\/www.magnusmedical.ch\/de\/hersteller\/","title":{"rendered":"Hersteller"},"content":{"rendered":"<p>[vc_row][vc_column][az_blank_divider height_value=&#8221;50&#8243;][\/vc_column][\/vc_row][vc_row][vc_column width=&#8221;1\/6&#8243;][\/vc_column][vc_column width=&#8221;1\/3&#8243;][vc_row_inner][vc_column_inner width=&#8221;1\/6&#8243;][\/vc_column_inner][vc_column_inner width=&#8221;2\/3&#8243;][az_single_image image=&#8221;128&#8243; image_mode=&#8221;full-image-responsive&#8221; animation_loading=&#8221;yes&#8221; animation_loading_effects=&#8221;az-move-up&#8221; el_class=&#8221;center&#8221;][az_blank_divider][az_column_text el_class=&#8221;magnus-title&#8221;]<\/p>\n<h5 style=\"text-align: center;\"><em>Sie sind<\/em><\/h5>\n<p>[\/az_column_text][az_single_image image=&#8221;88&#8243; image_mode=&#8221;full-image-responsive&#8221; animation_loading=&#8221;yes&#8221; animation_loading_effects=&#8221;az-move-up&#8221; el_class=&#8221;center&#8221;][\/vc_column_inner][vc_column_inner width=&#8221;1\/6&#8243;][\/vc_column_inner][\/vc_row_inner][vc_row_inner][vc_column_inner][az_blank_divider][az_column_text]Sie sind ein Start-up oder ein mittelst\u00e4ndisches Unternehmen mit einem gro\u00dfartigen Produkt, welches erfolgreich in Ihren Heimatm\u00e4rkten eingef\u00fchrt und akzeptiert wurde. Sie haben sich entschieden, mit Ihren Produkten global zu gehen und Lateinamerika ist einer Ihrer Zielm\u00e4rkte.<br \/>\n[\/az_column_text][az_blank_divider][\/vc_column_inner][\/vc_row_inner][\/vc_column][vc_column width=&#8221;1\/3&#8243;][vc_row_inner][vc_column_inner width=&#8221;1\/6&#8243;][\/vc_column_inner][vc_column_inner width=&#8221;2\/3&#8243;][az_single_image image=&#8221;161&#8243; image_mode=&#8221;full-image-responsive&#8221; animation_loading=&#8221;yes&#8221; animation_loading_effects=&#8221;az-move-up&#8221; el_class=&#8221;center&#8221;][az_blank_divider][az_column_text el_class=&#8221;magnus-title&#8221;]<\/p>\n<h5 style=\"text-align: center;\"><em>Sie erwarten<\/em><\/h5>\n<p>[\/az_column_text][az_single_image image=&#8221;88&#8243; image_mode=&#8221;full-image-responsive&#8221; animation_loading=&#8221;yes&#8221; animation_loading_effects=&#8221;az-move-up&#8221; el_class=&#8221;center&#8221;][\/vc_column_inner][vc_column_inner width=&#8221;1\/6&#8243;][\/vc_column_inner][\/vc_row_inner][vc_row_inner][vc_column_inner][az_blank_divider][az_column_text]Aus einer Gesch\u00e4ftsbeziehung mit lokalen Partnern erwarten Sie:<\/p>\n<ul>\n<li style=\"list-style-position: inside; text-indent: -1.5em;\">Ein schneller Marktzugang durch bestehenden Bekanntheitsgrad<\/li>\n<li style=\"list-style-position: inside; text-indent: -1.5em;\">Tiefe Kundenbeziehungen und Marktkenntnisse<\/li>\n<li style=\"list-style-position: inside; text-indent: -1.5em;\">N\u00e4he zu Kunden, Glaubw\u00fcrdigkeit und Vertrauen<\/li>\n<li style=\"list-style-position: inside; text-indent: -1.5em;\">Reduzierung der eigenen Transaktionskosten<\/li>\n<li style=\"list-style-position: inside; text-indent: -1.5em;\">Leichtigkeit des Gesch\u00e4fts. Zusammenarbeit und t\u00e4gliche Arbeit sollten einfach und produktiv sein<\/li>\n<li style=\"list-style-position: inside; text-indent: -1.5em;\">Eine gemeinsame Sprache<\/li>\n<\/ul>\n<p>[\/az_column_text][az_blank_divider][\/vc_column_inner][\/vc_row_inner][\/vc_column][vc_column width=&#8221;1\/6&#8243;][\/vc_column][\/vc_row][vc_row][vc_column width=&#8221;1\/6&#8243;][\/vc_column][vc_column width=&#8221;1\/3&#8243;][vc_row_inner][vc_column_inner width=&#8221;1\/6&#8243;][\/vc_column_inner][vc_column_inner width=&#8221;2\/3&#8243;][az_single_image image=&#8221;163&#8243; image_mode=&#8221;full-image-responsive&#8221; animation_loading=&#8221;yes&#8221; animation_loading_effects=&#8221;az-move-up&#8221; el_class=&#8221;center&#8221;][az_blank_divider][az_column_text el_class=&#8221;magnus-title&#8221;]<\/p>\n<h5 style=\"text-align: center;\"><em>Sie wissen<\/em><\/h5>\n<p>[\/az_column_text][az_single_image image=&#8221;88&#8243; image_mode=&#8221;full-image-responsive&#8221; animation_loading=&#8221;yes&#8221; animation_loading_effects=&#8221;az-move-up&#8221; el_class=&#8221;center&#8221;][\/vc_column_inner][vc_column_inner width=&#8221;1\/6&#8243;][\/vc_column_inner][\/vc_row_inner][vc_row_inner][vc_column_inner][az_blank_divider][az_column_text]<\/p>\n<ul>\n<li style=\"list-style-position: inside; text-indent: -1.5em;\">Der erfolgreiche Aufbau eines indirekten Vertriebskanals erfordert ein langfristig ausgerichtetes Engagement<\/li>\n<li style=\"list-style-position: inside; text-indent: -1.5em;\">Geeignete Partner m\u00fcssen in ausreichender Anzahl gefunden, gewonnen und bef\u00e4higt werden. Dies erweist sich in der Praxis oft als schwierig und langwierig<\/li>\n<li style=\"list-style-position: inside; text-indent: -1.5em;\">Der Aufbau eines erfolgreichen Vertriebspartnernetzwerks kann daher oft Jahre in Anspruch nehmen und erfordert hohe Investitionen<\/li>\n<\/ul>\n<p>[\/az_column_text][az_blank_divider][\/vc_column_inner][\/vc_row_inner][\/vc_column][vc_column width=&#8221;1\/3&#8243;][vc_row_inner][vc_column_inner width=&#8221;1\/6&#8243;][\/vc_column_inner][vc_column_inner width=&#8221;2\/3&#8243;][az_single_image image=&#8221;164&#8243; image_mode=&#8221;full-image-responsive&#8221; animation_loading=&#8221;yes&#8221; animation_loading_effects=&#8221;az-move-up&#8221; el_class=&#8221;center&#8221;][az_blank_divider][az_column_text el_class=&#8221;magnus-title&#8221;]<\/p>\n<h5 style=\"text-align: center;\"><em>Wir schaffen<\/em><\/h5>\n<p>[\/az_column_text][az_single_image image=&#8221;88&#8243; image_mode=&#8221;full-image-responsive&#8221; animation_loading=&#8221;yes&#8221; animation_loading_effects=&#8221;az-move-up&#8221; el_class=&#8221;center&#8221;][\/vc_column_inner][vc_column_inner width=&#8221;1\/6&#8243;][\/vc_column_inner][\/vc_row_inner][vc_row_inner][vc_column_inner][az_blank_divider][az_column_text]Die Schaffung einer Vertriebsstruktur sowie der Vertrieb von Produkten in neuen M\u00e4rkten ist f\u00fcr jedes Unternehmen eine gro\u00dfe Herausforderung, vor allem f\u00fcr solche die neu sind. Der Mangel an Wissen \u00fcber den Markt selbst, der schwierige Zugang zu Vertriebsspezialisten sowie limitierte finanzielle Ressourcen lassen die von Magnus Medical angebotenen Dienstleistungen eine wertvolle Alternative zur Erreichung Ihrer Ziele sein.[\/az_column_text][az_blank_divider][\/vc_column_inner][\/vc_row_inner][\/vc_column][vc_column width=&#8221;1\/6&#8243;][\/vc_column][\/vc_row][vc_row][vc_column width=&#8221;1\/6&#8243;][\/vc_column][vc_column width=&#8221;1\/3&#8243;][vc_row_inner][vc_column_inner width=&#8221;1\/6&#8243;][\/vc_column_inner][vc_column_inner width=&#8221;2\/3&#8243;][az_single_image image=&#8221;168&#8243; image_mode=&#8221;full-image-responsive&#8221; animation_loading=&#8221;yes&#8221; animation_loading_effects=&#8221;az-move-up&#8221; el_class=&#8221;center&#8221;][az_blank_divider][az_column_text el_class=&#8221;magnus-title&#8221;]<\/p>\n<h5 style=\"text-align: center;\"><em>Sie realisieren<\/em><\/h5>\n<p>[\/az_column_text][az_single_image image=&#8221;88&#8243; image_mode=&#8221;full-image-responsive&#8221; animation_loading=&#8221;yes&#8221; animation_loading_effects=&#8221;az-move-up&#8221; el_class=&#8221;center&#8221;][\/vc_column_inner][vc_column_inner width=&#8221;1\/6&#8243;][\/vc_column_inner][\/vc_row_inner][vc_row_inner][vc_column_inner][az_blank_divider][az_column_text]Dass, um den n\u00e4chsten Schritt gehen zu k\u00f6nnen, relevante Informationen fehlen:<\/p>\n<ul>\n<li style=\"list-style-position: inside; text-indent: -1.5em;\">Zielgruppe ist nur teilweise bekannt<\/li>\n<li style=\"list-style-position: inside; text-indent: -1.5em;\">Es fehlen Informationen f\u00fcr eine realistische Einsch\u00e4tzung des Umsatzpotenzials<\/li>\n<li style=\"list-style-position: inside; text-indent: -1.5em;\">Fehlende Informationen f\u00fcr die Entwicklung einer effektiven Rekrutierung<\/li>\n<li style=\"list-style-position: inside; text-indent: -1.5em;\">Sie haben keine ausreichenden Partnerkontakte<\/li>\n<li style=\"list-style-position: inside; text-indent: -1.5em;\">Fehlende Qualifikation in Bezug auf internationalen Vertrieb<\/li>\n<li style=\"list-style-position: inside; text-indent: -1.5em;\">Sie sind nicht sicher, ob Ihr <strong>PARTNER BUSINESS PROPOSITION<\/strong>\/Gesch\u00e4ftsangebot attraktiv genug ist<\/li>\n<li style=\"list-style-position: inside; text-indent: -1.5em;\">Sie sprechen nicht die Sprache und \/ oder haben keine Beziehung zur lateinamerikanischen Kultur gehabt<\/li>\n<\/ul>\n<p>[\/az_column_text][az_blank_divider][\/vc_column_inner][\/vc_row_inner][\/vc_column][vc_column width=&#8221;1\/3&#8243;][vc_row_inner][vc_column_inner width=&#8221;1\/6&#8243;][\/vc_column_inner][vc_column_inner width=&#8221;2\/3&#8243;][az_single_image image=&#8221;169&#8243; image_mode=&#8221;full-image-responsive&#8221; animation_loading=&#8221;yes&#8221; animation_loading_effects=&#8221;az-move-up&#8221; el_class=&#8221;center&#8221;][az_blank_divider][az_column_text el_class=&#8221;magnus-title&#8221;]<\/p>\n<h5 style=\"text-align: center;\"><em>Wir wissen wie<\/em><\/h5>\n<p>[\/az_column_text][az_single_image image=&#8221;88&#8243; image_mode=&#8221;full-image-responsive&#8221; animation_loading=&#8221;yes&#8221; animation_loading_effects=&#8221;az-move-up&#8221; el_class=&#8221;center&#8221;][\/vc_column_inner][vc_column_inner width=&#8221;1\/6&#8243;][\/vc_column_inner][\/vc_row_inner][vc_row_inner][vc_column_inner][az_blank_divider][az_column_text]Neben einem breiten Netzwerk lokaler Partner, einem umfangreichen Know-how \u00fcber den Markt und der Schaffung von Vertriebsstrukturen, verfolgt Magnus Medical ein klares Konzept zur Optimierung von Vertriebskan\u00e4len.[\/az_column_text][az_blank_divider][\/vc_column_inner][\/vc_row_inner][\/vc_column][vc_column width=&#8221;1\/6&#8243;][\/vc_column][\/vc_row][vc_row][vc_column][az_blank_divider height_value=&#8221;100&#8243;][\/vc_column][\/vc_row]<\/p>\n","protected":false},"excerpt":{"rendered":"<p>[vc_row][vc_column][az_blank_divider height_value=&#8221;50&#8243;][\/vc_column][\/vc_row][vc_row][vc_column width=&#8221;1\/6&#8243;][\/vc_column][vc_column width=&#8221;1\/3&#8243;][vc_row_inner][vc_column_inner width=&#8221;1\/6&#8243;][\/vc_column_inner][vc_column_inner width=&#8221;2\/3&#8243;][az_single_image image=&#8221;128&#8243; image_mode=&#8221;full-image-responsive&#8221; animation_loading=&#8221;yes&#8221; animation_loading_effects=&#8221;az-move-up&#8221; el_class=&#8221;center&#8221;][az_blank_divider][az_column_text el_class=&#8221;magnus-title&#8221;] Sie sind [\/az_column_text][az_single_image image=&#8221;88&#8243; image_mode=&#8221;full-image-responsive&#8221; animation_loading=&#8221;yes&#8221; animation_loading_effects=&#8221;az-move-up&#8221; el_class=&#8221;center&#8221;][\/vc_column_inner][vc_column_inner width=&#8221;1\/6&#8243;][\/vc_column_inner][\/vc_row_inner][vc_row_inner][vc_column_inner][az_blank_divider][az_column_text]Sie sind ein Start-up oder ein mittelst\u00e4ndisches Unternehmen mit einem gro\u00dfartigen Produkt, welches erfolgreich in Ihren Heimatm\u00e4rkten eingef\u00fchrt und akzeptiert wurde. Sie haben sich entschieden, mit Ihren Produkten global zu gehen und Lateinamerika ist einer [&hellip;]<\/p>\n","protected":false},"author":1,"featured_media":0,"parent":0,"menu_order":0,"comment_status":"closed","ping_status":"closed","template":"template-darktheme.php","meta":{"_seopress_robots_primary_cat":"","_seopress_titles_title":"","_seopress_titles_desc":"","_seopress_robots_index":"","footnotes":""},"class_list":["post-439","page","type-page","status-publish","hentry"],"_links":{"self":[{"href":"https:\/\/www.magnusmedical.ch\/de\/wp-json\/wp\/v2\/pages\/439","targetHints":{"allow":["GET"]}}],"collection":[{"href":"https:\/\/www.magnusmedical.ch\/de\/wp-json\/wp\/v2\/pages"}],"about":[{"href":"https:\/\/www.magnusmedical.ch\/de\/wp-json\/wp\/v2\/types\/page"}],"author":[{"embeddable":true,"href":"https:\/\/www.magnusmedical.ch\/de\/wp-json\/wp\/v2\/users\/1"}],"replies":[{"embeddable":true,"href":"https:\/\/www.magnusmedical.ch\/de\/wp-json\/wp\/v2\/comments?post=439"}],"version-history":[{"count":0,"href":"https:\/\/www.magnusmedical.ch\/de\/wp-json\/wp\/v2\/pages\/439\/revisions"}],"wp:attachment":[{"href":"https:\/\/www.magnusmedical.ch\/de\/wp-json\/wp\/v2\/media?parent=439"}],"curies":[{"name":"wp","href":"https:\/\/api.w.org\/{rel}","templated":true}]}}