{"id":433,"date":"2017-11-30T01:56:29","date_gmt":"2017-11-30T01:56:29","guid":{"rendered":"http:\/\/magnusmedical.ch\/geschafte-in-lateinamerika-machen\/"},"modified":"2017-11-30T01:56:29","modified_gmt":"2017-11-30T01:56:29","slug":"geschafte-in-lateinamerika-machen","status":"publish","type":"page","link":"https:\/\/www.magnusmedical.ch\/de\/geschafte-in-lateinamerika-machen\/","title":{"rendered":"Gesch\u00e4fte in Lateinamerika machen"},"content":{"rendered":"<p>[vc_row][vc_column][az_blank_divider height_value=&#8221;70&#8243;][\/vc_column][\/vc_row][vc_row][vc_column width=&#8221;1\/4&#8243;][\/vc_column][vc_column width=&#8221;1\/2&#8243;][az_column_text]Die wichtigsten Faktoren, wenn es um Gesch\u00e4fte mit Lateinamerika geht, sind Zoll, Infrastruktur, Sprache und Kultur; Deshalb haben wir bei Magnus Medical praxisnahe Kommunikationsprotokolle und Unterst\u00fctzungsstrukturen etabliert, um die Erfolgschancen aller Beteiligten zu erh\u00f6hen. <\/p>\n<p>Die Erleichterung des Handels kann nicht auf eine einfache Reduzierung oder Beseitigung b\u00fcrokratischer Formalit\u00e4ten beschr\u00e4nkt werden, sondern muss auch darauf abzielen, alle Arten von kommerziellen Transaktionen effizient zu integrieren. Insbesondere die Integration der verschiedenen Kulturen und Sprachen der beteiligten Unternehmen, spielen eine besondere Rolle wenn es darum geht, wettbewerbsf\u00e4hige Produkte auf dem Markt zu bringen.[\/az_column_text][\/vc_column][vc_column width=&#8221;1\/4&#8243;][\/vc_column][\/vc_row][vc_row][vc_column][az_blank_divider height_value=&#8221;100&#8243;][\/vc_column][\/vc_row]<\/p>\n","protected":false},"excerpt":{"rendered":"<p>[vc_row][vc_column][az_blank_divider height_value=&#8221;70&#8243;][\/vc_column][\/vc_row][vc_row][vc_column width=&#8221;1\/4&#8243;][\/vc_column][vc_column width=&#8221;1\/2&#8243;][az_column_text]Die wichtigsten Faktoren, wenn es um Gesch\u00e4fte mit Lateinamerika geht, sind Zoll, Infrastruktur, Sprache und Kultur; Deshalb haben wir bei Magnus Medical praxisnahe Kommunikationsprotokolle und Unterst\u00fctzungsstrukturen etabliert, um die Erfolgschancen aller Beteiligten zu erh\u00f6hen. Die Erleichterung des Handels kann nicht auf eine einfache Reduzierung oder Beseitigung b\u00fcrokratischer Formalit\u00e4ten beschr\u00e4nkt werden, sondern muss [&hellip;]<\/p>\n","protected":false},"author":1,"featured_media":0,"parent":0,"menu_order":0,"comment_status":"closed","ping_status":"closed","template":"template-darktheme.php","meta":{"_seopress_robots_primary_cat":"","_seopress_titles_title":"","_seopress_titles_desc":"","_seopress_robots_index":"","footnotes":""},"class_list":["post-433","page","type-page","status-publish","hentry"],"_links":{"self":[{"href":"https:\/\/www.magnusmedical.ch\/de\/wp-json\/wp\/v2\/pages\/433","targetHints":{"allow":["GET"]}}],"collection":[{"href":"https:\/\/www.magnusmedical.ch\/de\/wp-json\/wp\/v2\/pages"}],"about":[{"href":"https:\/\/www.magnusmedical.ch\/de\/wp-json\/wp\/v2\/types\/page"}],"author":[{"embeddable":true,"href":"https:\/\/www.magnusmedical.ch\/de\/wp-json\/wp\/v2\/users\/1"}],"replies":[{"embeddable":true,"href":"https:\/\/www.magnusmedical.ch\/de\/wp-json\/wp\/v2\/comments?post=433"}],"version-history":[{"count":0,"href":"https:\/\/www.magnusmedical.ch\/de\/wp-json\/wp\/v2\/pages\/433\/revisions"}],"wp:attachment":[{"href":"https:\/\/www.magnusmedical.ch\/de\/wp-json\/wp\/v2\/media?parent=433"}],"curies":[{"name":"wp","href":"https:\/\/api.w.org\/{rel}","templated":true}]}}