{"id":408,"date":"2017-11-29T04:46:12","date_gmt":"2017-11-29T04:46:12","guid":{"rendered":"http:\/\/magnusmedical.ch\/uber-uns\/"},"modified":"2017-12-01T00:14:54","modified_gmt":"2017-12-01T00:14:54","slug":"uber-uns","status":"publish","type":"page","link":"https:\/\/www.magnusmedical.ch\/de\/uber-uns\/","title":{"rendered":"\u00dcber uns"},"content":{"rendered":"<p>[vc_row][vc_column][az_blank_divider height_value=&#8221;50&#8243;][\/vc_column][\/vc_row][vc_row][vc_column width=&#8221;1\/4&#8243;][\/vc_column][vc_column width=&#8221;1\/2&#8243;][vc_row_inner][vc_column_inner width=&#8221;1\/4&#8243;][\/vc_column_inner][vc_column_inner width=&#8221;1\/2&#8243;][az_single_image image=&#8221;89&#8243; image_mode=&#8221;full-image-responsive&#8221; animation_loading=&#8221;yes&#8221; animation_loading_effects=&#8221;az-move-up&#8221; el_class=&#8221;center&#8221;][az_blank_divider][az_column_text el_class=&#8221;magnus-title&#8221;]<\/p>\n<h5 style=\"text-align: center;\"><em>Wir sind <\/em><\/h5>\n<p>[\/az_column_text][\/vc_column_inner][vc_column_inner width=&#8221;1\/4&#8243;][\/vc_column_inner][\/vc_row_inner][\/vc_column][vc_column width=&#8221;1\/4&#8243;][\/vc_column][\/vc_row][vc_row][vc_column width=&#8221;1\/4&#8243;][\/vc_column][vc_column width=&#8221;1\/2&#8243;][vc_row_inner][vc_column_inner width=&#8221;1\/3&#8243;][\/vc_column_inner][vc_column_inner width=&#8221;1\/3&#8243;][az_single_image image=&#8221;88&#8243; image_mode=&#8221;full-image-responsive&#8221; animation_loading=&#8221;yes&#8221; animation_loading_effects=&#8221;az-move-up&#8221; el_class=&#8221;center&#8221;][az_blank_divider][\/vc_column_inner][vc_column_inner width=&#8221;1\/3&#8243;][\/vc_column_inner][\/vc_row_inner][\/vc_column][vc_column width=&#8221;1\/4&#8243;][\/vc_column][\/vc_row][vc_row][vc_column width=&#8221;1\/3&#8243;][\/vc_column][vc_column width=&#8221;1\/3&#8243;][az_column_text]<strong>Magnus Medical<\/strong>, mit Hauptsitz in der Schweiz und einer Niederlassung in Kolumbien hat sich zum Ziel gesetzt, Unternehmen im Gesundheitssektor bei der Einf\u00fchrung und dem Vertrieb ihrer Produkte auf dem lateinamerikanischen Markt zu unterst\u00fctzen und lokalen Distributoren Zugang zu attraktiven Produkten und Innovationen zu erm\u00f6glichen.[\/az_column_text][\/vc_column][vc_column width=&#8221;1\/3&#8243;][\/vc_column][\/vc_row][vc_row][vc_column width=&#8221;1\/4&#8243;][\/vc_column][vc_column width=&#8221;1\/2&#8243;][az_blank_divider height_value=&#8221;70&#8243; responsive_sm=&#8221;hidden-sm&#8221; responsive_xs=&#8221;hidden-xs&#8221;][vc_row_inner][vc_column_inner width=&#8221;1\/4&#8243;][\/vc_column_inner][vc_column_inner width=&#8221;1\/2&#8243;][az_single_image image=&#8221;91&#8243; image_mode=&#8221;full-image-responsive&#8221; animation_loading=&#8221;yes&#8221; animation_loading_effects=&#8221;az-move-up&#8221; el_class=&#8221;center&#8221;][az_blank_divider][az_column_text el_class=&#8221;magnus-title&#8221;]<\/p>\n<h5 style=\"text-align: center;\"><em>Sie erhalten<\/em><\/h5>\n<p>[\/az_column_text][\/vc_column_inner][vc_column_inner width=&#8221;1\/4&#8243;][\/vc_column_inner][\/vc_row_inner][\/vc_column][vc_column width=&#8221;1\/4&#8243;][\/vc_column][\/vc_row][vc_row][vc_column width=&#8221;1\/4&#8243;][\/vc_column][vc_column width=&#8221;1\/2&#8243;][vc_row_inner][vc_column_inner width=&#8221;1\/3&#8243;][\/vc_column_inner][vc_column_inner width=&#8221;1\/3&#8243;][az_single_image image=&#8221;88&#8243; image_mode=&#8221;full-image-responsive&#8221; animation_loading=&#8221;yes&#8221; animation_loading_effects=&#8221;az-move-up&#8221; el_class=&#8221;center&#8221;][az_blank_divider][\/vc_column_inner][vc_column_inner width=&#8221;1\/3&#8243;][\/vc_column_inner][\/vc_row_inner][\/vc_column][vc_column width=&#8221;1\/4&#8243;][\/vc_column][\/vc_row][vc_row][vc_column width=&#8221;1\/6&#8243;][\/vc_column][vc_column width=&#8221;2\/3&#8243;][vc_row_inner][vc_column_inner width=&#8221;1\/2&#8243;][az_column_text]<strong>Hersteller<\/strong> mit innovativen Produkten und L\u00f6sungen werden in Magnus Medical einen Partner mit weitreichenden Marktkenntnissen und bew\u00e4hrten Vertriebskan\u00e4len finden, der den Zugang zum lateinamerikanischen Markt von Anfang an erm\u00f6glicht, die Markteinf\u00fchrungszeit verk\u00fcrzt und den Return on Investment maximiert. Die F\u00e4higkeit, einen Partner zu gewinnen, der Ihre Organisation versteht, wird die Kommunikation verbessern, die Ergebnisse vorantreiben und das gegenseitige Vertrauen st\u00e4rken. [\/az_column_text][az_blank_divider height_value=&#8221;10&#8243;][az_blank_divider height_value=&#8221;58&#8243; responsive_sm=&#8221;hidden-sm&#8221; responsive_xs=&#8221;hidden-xs&#8221;][vc_raw_html]JTNDYSUyMGNsYXNzJTNEJTIyYV9idXR0b24lMjIlMjBocmVmJTNEJTIyaHR0cCUzQSUyRiUyRm1hZ251c21lZGljYWwuY2glMkZkZSUyRmhlcnN0ZWxsZXIlMkYlMjIlM0UlM0NkaXYlMjBjbGFzcyUzRCUyMmJ1dHRvbl9jb250ZW50JTIyJTNFSUNIJTIwQklOJTIwRUlOJTBBSEVSU1RFTExFUiUzQyUyRmRpdiUzRSUzQyUyRmElM0U=[\/vc_raw_html][az_blank_divider][\/vc_column_inner][vc_column_inner width=&#8221;1\/2&#8243;][az_column_text]F\u00fcr lateinamerikanische Unternehmen, die sich mit der Einfuhr und dem Vertrieb von medizinischem Material befassen, ist Magnus Medical der Partner der Wahl, wenn sie Zugang zu innovativen Produkten und L\u00f6sungen suchen, die ansonsten in Lateinamerika mit gro\u00dfen Schwierigkeiten und Verz\u00f6gerungen eintreffen w\u00fcrden. Dar\u00fcber hinaus werden die Vorteile durch die Nutzung von Erfahrungen und Strategien mit anderen Vertriebspartnern, die auf dem gleichen Gebiet t\u00e4tig sind, genutzt, was einen erheblichen Mehrwert bietet, da wir Markttrends und -\u00e4nderungen antizipieren k\u00f6nnen.[\/az_column_text][az_blank_divider height_value=&#8221;10&#8243;][vc_raw_html]JTNDYSUyMGNsYXNzJTNEJTIyYV9idXR0b24lMjIlMjBocmVmJTNEJTIyaHR0cCUzQSUyRiUyRm1hZ251c21lZGljYWwuY2glMkZkZSUyRmxva2FsZS1wYXJ0bmVyJTJGJTIyJTNFJTNDZGl2JTIwY2xhc3MlM0QlMjJidXR0b25fY29udGVudCUyMiUzRUlDSCUyMEJJTiUyMEVJTiUzQ2JyJTNFJTBBTE9LQUxFUiUzQyUyRmRpdiUzRSUzQyUyRmElM0U=[\/vc_raw_html][az_blank_divider][\/vc_column_inner][\/vc_row_inner][\/vc_column][vc_column width=&#8221;1\/6&#8243;][\/vc_column][\/vc_row][vc_row][vc_column width=&#8221;1\/4&#8243;][\/vc_column][vc_column width=&#8221;1\/2&#8243;][az_blank_divider height_value=&#8221;70&#8243; responsive_sm=&#8221;hidden-sm&#8221; responsive_xs=&#8221;hidden-xs&#8221;][vc_row_inner][vc_column_inner width=&#8221;1\/4&#8243;][\/vc_column_inner][vc_column_inner width=&#8221;1\/2&#8243;][az_single_image image=&#8221;90&#8243; image_mode=&#8221;full-image-responsive&#8221; animation_loading=&#8221;yes&#8221; animation_loading_effects=&#8221;az-move-up&#8221; el_class=&#8221;center&#8221;][az_blank_divider][az_column_text el_class=&#8221;magnus-title&#8221;]<\/p>\n<h5 style=\"text-align: center;\"><em>Wir verstehen<\/em><\/h5>\n<p>[\/az_column_text][\/vc_column_inner][vc_column_inner width=&#8221;1\/4&#8243;][\/vc_column_inner][\/vc_row_inner][\/vc_column][vc_column width=&#8221;1\/4&#8243;][\/vc_column][\/vc_row][vc_row][vc_column width=&#8221;1\/4&#8243;][\/vc_column][vc_column width=&#8221;1\/2&#8243;][vc_row_inner][vc_column_inner width=&#8221;1\/3&#8243;][\/vc_column_inner][vc_column_inner width=&#8221;1\/3&#8243;][az_single_image image=&#8221;88&#8243; image_mode=&#8221;full-image-responsive&#8221; animation_loading=&#8221;yes&#8221; animation_loading_effects=&#8221;az-move-up&#8221; el_class=&#8221;center&#8221;][az_blank_divider][\/vc_column_inner][vc_column_inner width=&#8221;1\/3&#8243;][\/vc_column_inner][\/vc_row_inner][\/vc_column][vc_column width=&#8221;1\/4&#8243;][\/vc_column][\/vc_row][vc_row][vc_column width=&#8221;1\/3&#8243;][\/vc_column][vc_column width=&#8221;1\/3&#8243;][az_column_text]Auf beiden Seiten des Atlantiks vertreten zu sein, erlaubt es uns eine direkte und pers\u00f6nliche Beziehung zu unseren Kunden und Partnern aufrechtzuerhalten und so ein tiefes Verst\u00e4ndnis f\u00fcr ihre Bed\u00fcrfnisse und W\u00fcnsche zu bekommen.[\/az_column_text][\/vc_column][vc_column width=&#8221;1\/3&#8243;][\/vc_column][\/vc_row][vc_row][vc_column][az_blank_divider height_value=&#8221;100&#8243;][\/vc_column][\/vc_row]<\/p>\n","protected":false},"excerpt":{"rendered":"<p>[vc_row][vc_column][az_blank_divider height_value=&#8221;50&#8243;][\/vc_column][\/vc_row][vc_row][vc_column width=&#8221;1\/4&#8243;][\/vc_column][vc_column width=&#8221;1\/2&#8243;][vc_row_inner][vc_column_inner width=&#8221;1\/4&#8243;][\/vc_column_inner][vc_column_inner width=&#8221;1\/2&#8243;][az_single_image image=&#8221;89&#8243; image_mode=&#8221;full-image-responsive&#8221; animation_loading=&#8221;yes&#8221; animation_loading_effects=&#8221;az-move-up&#8221; el_class=&#8221;center&#8221;][az_blank_divider][az_column_text el_class=&#8221;magnus-title&#8221;] Wir sind [\/az_column_text][\/vc_column_inner][vc_column_inner width=&#8221;1\/4&#8243;][\/vc_column_inner][\/vc_row_inner][\/vc_column][vc_column width=&#8221;1\/4&#8243;][\/vc_column][\/vc_row][vc_row][vc_column width=&#8221;1\/4&#8243;][\/vc_column][vc_column width=&#8221;1\/2&#8243;][vc_row_inner][vc_column_inner width=&#8221;1\/3&#8243;][\/vc_column_inner][vc_column_inner width=&#8221;1\/3&#8243;][az_single_image image=&#8221;88&#8243; image_mode=&#8221;full-image-responsive&#8221; animation_loading=&#8221;yes&#8221; animation_loading_effects=&#8221;az-move-up&#8221; el_class=&#8221;center&#8221;][az_blank_divider][\/vc_column_inner][vc_column_inner width=&#8221;1\/3&#8243;][\/vc_column_inner][\/vc_row_inner][\/vc_column][vc_column width=&#8221;1\/4&#8243;][\/vc_column][\/vc_row][vc_row][vc_column width=&#8221;1\/3&#8243;][\/vc_column][vc_column width=&#8221;1\/3&#8243;][az_column_text]Magnus Medical, mit Hauptsitz in der Schweiz und einer Niederlassung in Kolumbien hat sich zum Ziel gesetzt, Unternehmen im Gesundheitssektor bei der Einf\u00fchrung und dem Vertrieb [&hellip;]<\/p>\n","protected":false},"author":1,"featured_media":0,"parent":0,"menu_order":0,"comment_status":"closed","ping_status":"closed","template":"template-darktheme.php","meta":{"_seopress_robots_primary_cat":"","_seopress_titles_title":"","_seopress_titles_desc":"","_seopress_robots_index":"","footnotes":""},"class_list":["post-408","page","type-page","status-publish","hentry"],"_links":{"self":[{"href":"https:\/\/www.magnusmedical.ch\/de\/wp-json\/wp\/v2\/pages\/408","targetHints":{"allow":["GET"]}}],"collection":[{"href":"https:\/\/www.magnusmedical.ch\/de\/wp-json\/wp\/v2\/pages"}],"about":[{"href":"https:\/\/www.magnusmedical.ch\/de\/wp-json\/wp\/v2\/types\/page"}],"author":[{"embeddable":true,"href":"https:\/\/www.magnusmedical.ch\/de\/wp-json\/wp\/v2\/users\/1"}],"replies":[{"embeddable":true,"href":"https:\/\/www.magnusmedical.ch\/de\/wp-json\/wp\/v2\/comments?post=408"}],"version-history":[{"count":0,"href":"https:\/\/www.magnusmedical.ch\/de\/wp-json\/wp\/v2\/pages\/408\/revisions"}],"wp:attachment":[{"href":"https:\/\/www.magnusmedical.ch\/de\/wp-json\/wp\/v2\/media?parent=408"}],"curies":[{"name":"wp","href":"https:\/\/api.w.org\/{rel}","templated":true}]}}