{"id":2302,"date":"2023-05-25T20:37:01","date_gmt":"2023-05-25T20:37:01","guid":{"rendered":"https:\/\/magnusmedical.ch\/landung-trisec\/"},"modified":"2026-01-09T15:51:14","modified_gmt":"2026-01-09T15:51:14","slug":"landung-trisec","status":"publish","type":"page","link":"https:\/\/www.magnusmedical.ch\/de\/landung-trisec\/","title":{"rendered":"Trisec Angel"},"content":{"rendered":"\t\t<div data-elementor-type=\"wp-page\" data-elementor-id=\"2302\" class=\"elementor elementor-2302 elementor-1626\" data-elementor-post-type=\"page\">\n\t\t\t\t<div class=\"elementor-element elementor-element-1802ded e-flex e-con-boxed e-con e-parent\" data-id=\"1802ded\" data-element_type=\"container\" data-e-type=\"container\" data-settings=\"{&quot;background_background&quot;:&quot;classic&quot;}\">\n\t\t\t\t\t<div class=\"e-con-inner\">\n\t\t<div class=\"elementor-element elementor-element-b6b1e97 e-con-full e-flex e-con e-child\" data-id=\"b6b1e97\" data-element_type=\"container\" data-e-type=\"container\">\n\t\t\t\t<div class=\"elementor-element elementor-element-d7608a7 elementor-widget__width-initial exad-sticky-section-no exad-glass-effect-no elementor-widget elementor-widget-image\" data-id=\"d7608a7\" data-element_type=\"widget\" data-e-type=\"widget\" data-widget_type=\"image.default\">\n\t\t\t\t<div class=\"elementor-widget-container\">\n\t\t\t\t\t\t\t\t\t\t\t\t\t\t\t<img decoding=\"async\" width=\"180\" height=\"58\" src=\"https:\/\/www.magnusmedical.ch\/wp-content\/uploads\/2023\/05\/trisec.svg\" class=\"attachment-medium size-medium wp-image-1390\" alt=\"\" \/>\t\t\t\t\t\t\t\t\t\t\t\t\t\t\t<\/div>\n\t\t\t\t<\/div>\n\t\t\t\t<\/div>\n\t\t<div class=\"elementor-element elementor-element-76d17db e-con-full e-flex e-con e-child\" data-id=\"76d17db\" data-element_type=\"container\" data-e-type=\"container\">\n\t\t\t\t<div class=\"elementor-element elementor-element-4d8d6a4 elementor-widget__width-inherit elementor-widget-tablet__width-inherit exad-sticky-section-no exad-glass-effect-no elementor-widget elementor-widget-video\" data-id=\"4d8d6a4\" data-element_type=\"widget\" data-e-type=\"widget\" data-settings=\"{&quot;video_type&quot;:&quot;hosted&quot;,&quot;start&quot;:0,&quot;autoplay&quot;:&quot;yes&quot;,&quot;controls&quot;:&quot;yes&quot;}\" data-widget_type=\"video.default\">\n\t\t\t\t<div class=\"elementor-widget-container\">\n\t\t\t\t\t\t\t<div class=\"e-hosted-video elementor-wrapper elementor-open-inline\">\n\t\t\t\t\t<video class=\"elementor-video\" src=\"http:\/\/magnusmedical.ch\/wp-content\/uploads\/2023\/05\/TRISEC-ANGEL-Solucion-a-todo-lo-Relevante.mp4\" autoplay=\"\" controls=\"\" controlsList=\"nodownload\"><\/video>\n\t\t\t\t<\/div>\n\t\t\t\t\t\t<\/div>\n\t\t\t\t<\/div>\n\t\t\t\t<\/div>\n\t\t\t\t\t<\/div>\n\t\t\t\t<\/div>\n\t\t<div class=\"elementor-element elementor-element-8e63c02 e-flex e-con-boxed e-con e-parent\" data-id=\"8e63c02\" data-element_type=\"container\" data-e-type=\"container\">\n\t\t\t\t\t<div class=\"e-con-inner\">\n\t\t<div class=\"elementor-element elementor-element-055f32b e-con-full e-flex e-con e-child\" data-id=\"055f32b\" data-element_type=\"container\" data-e-type=\"container\">\n\t\t\t\t<div class=\"elementor-element elementor-element-bd0330a elementor-hidden-desktop elementor-hidden-tablet exad-sticky-section-no exad-glass-effect-no elementor-widget elementor-widget-hub_fancy_heading\" data-id=\"bd0330a\" data-element_type=\"widget\" data-e-type=\"widget\" data-widget_type=\"hub_fancy_heading.default\">\n\t\t\t\t<div class=\"elementor-widget-container\">\n\t\t\t\t\t\n\t\t<div id=\"ld-fancy-heading-69e1432f29467\" class=\"ld-fancy-heading pos-rel\">\n\t\t\t<h2 class=\"ld-fh-element d-inline-block pos-rel  elementor-heading-title lqd-highlight-classic lqd-highlight-grow-left h2\"  > Trisec Angel<\/h2>\t\t<\/div>\n\n\t\t\t\t\t\t<\/div>\n\t\t\t\t<\/div>\n\t\t\t\t<div class=\"elementor-element elementor-element-f72a482 elementor-arrows-position-outside exad-sticky-section-no exad-glass-effect-no elementor-widget elementor-widget-image-carousel\" data-id=\"f72a482\" data-element_type=\"widget\" data-e-type=\"widget\" id=\"carusel\" data-settings=\"{&quot;slides_to_show&quot;:&quot;1&quot;,&quot;navigation&quot;:&quot;arrows&quot;,&quot;autoplay_speed&quot;:10000,&quot;autoplay&quot;:&quot;yes&quot;,&quot;pause_on_hover&quot;:&quot;yes&quot;,&quot;pause_on_interaction&quot;:&quot;yes&quot;,&quot;infinite&quot;:&quot;yes&quot;,&quot;effect&quot;:&quot;slide&quot;,&quot;speed&quot;:500}\" data-widget_type=\"image-carousel.default\">\n\t\t\t\t<div class=\"elementor-widget-container\">\n\t\t\t\t\t\t\t<div class=\"elementor-image-carousel-wrapper swiper\" role=\"region\" aria-roledescription=\"carousel\" aria-label=\"Bild Karussell\" dir=\"ltr\">\n\t\t\t<div class=\"elementor-image-carousel swiper-wrapper\" aria-live=\"off\">\n\t\t\t\t\t\t\t\t<div class=\"swiper-slide\" role=\"group\" aria-roledescription=\"slide\" aria-label=\"1 von 6\"><figure class=\"swiper-slide-inner\"><img decoding=\"async\" class=\"swiper-slide-image\" src=\"https:\/\/www.magnusmedical.ch\/wp-content\/uploads\/2023\/05\/trisec-angel-006-Ambulancia-DEFINITIVO.jpg\" alt=\"trisec-angel-006 Ambulancia DEFINITIVO\" \/><\/figure><\/div><div class=\"swiper-slide\" role=\"group\" aria-roledescription=\"slide\" aria-label=\"2 von 6\"><figure class=\"swiper-slide-inner\"><img decoding=\"async\" class=\"swiper-slide-image\" src=\"https:\/\/www.magnusmedical.ch\/wp-content\/uploads\/2023\/05\/trisec-angel-002-Partos-DEFINITIVO-1.jpg\" alt=\"trisec-angel-002 Partos DEFINITIVO (1)\" \/><\/figure><\/div><div class=\"swiper-slide\" role=\"group\" aria-roledescription=\"slide\" aria-label=\"3 von 6\"><figure class=\"swiper-slide-inner\"><img decoding=\"async\" class=\"swiper-slide-image\" src=\"https:\/\/www.magnusmedical.ch\/wp-content\/uploads\/2023\/05\/trisec-angel-003-UCI-DEFINITIVO.jpg\" alt=\"trisec-angel-003 UCI DEFINITIVO\" \/><\/figure><\/div><div class=\"swiper-slide\" role=\"group\" aria-roledescription=\"slide\" aria-label=\"4 von 6\"><figure class=\"swiper-slide-inner\"><img decoding=\"async\" class=\"swiper-slide-image\" src=\"https:\/\/www.magnusmedical.ch\/wp-content\/uploads\/2023\/05\/trisec-angel-004-Incubadoras-DEFINITIVO.jpg\" alt=\"trisec-angel-004 Incubadoras DEFINITIVO\" \/><\/figure><\/div><div class=\"swiper-slide\" role=\"group\" aria-roledescription=\"slide\" aria-label=\"5 von 6\"><figure class=\"swiper-slide-inner\"><img decoding=\"async\" class=\"swiper-slide-image\" src=\"https:\/\/www.magnusmedical.ch\/wp-content\/uploads\/2023\/05\/trisec-angel-005-Urgencias-DEFINITIVO.jpg\" alt=\"trisec-angel-005 Urgencias DEFINITIVO\" \/><\/figure><\/div><div class=\"swiper-slide\" role=\"group\" aria-roledescription=\"slide\" aria-label=\"6 von 6\"><figure class=\"swiper-slide-inner\"><img decoding=\"async\" class=\"swiper-slide-image\" src=\"https:\/\/www.magnusmedical.ch\/wp-content\/uploads\/2023\/05\/trisec-angel-006-Ambulancia-DEFINITIVO.jpg\" alt=\"trisec-angel-006 Ambulancia DEFINITIVO\" \/><\/figure><\/div>\t\t\t<\/div>\n\t\t\t\t\t\t\t\t\t\t\t\t<div class=\"elementor-swiper-button elementor-swiper-button-prev\" role=\"button\" tabindex=\"0\">\n\t\t\t\t\t\t<i aria-hidden=\"true\" class=\"eicon-chevron-left\"><\/i>\t\t\t\t\t<\/div>\n\t\t\t\t\t<div class=\"elementor-swiper-button elementor-swiper-button-next\" role=\"button\" tabindex=\"0\">\n\t\t\t\t\t\t<i aria-hidden=\"true\" class=\"eicon-chevron-right\"><\/i>\t\t\t\t\t<\/div>\n\t\t\t\t\n\t\t\t\t\t\t\t\t\t<\/div>\n\t\t\t\t\t\t<\/div>\n\t\t\t\t<\/div>\n\t\t\t\t<\/div>\n\t\t<div class=\"elementor-element elementor-element-7b62abe e-con-full e-flex e-con e-child\" data-id=\"7b62abe\" data-element_type=\"container\" data-e-type=\"container\">\n\t\t\t\t<div class=\"elementor-element elementor-element-b91b8fb elementor-hidden-mobile exad-sticky-section-no exad-glass-effect-no elementor-widget elementor-widget-hub_fancy_heading\" data-id=\"b91b8fb\" data-element_type=\"widget\" data-e-type=\"widget\" data-widget_type=\"hub_fancy_heading.default\">\n\t\t\t\t<div class=\"elementor-widget-container\">\n\t\t\t\t\t\n\t\t<div id=\"ld-fancy-heading-69e1432f2a06a\" class=\"ld-fancy-heading pos-rel\">\n\t\t\t<h2 class=\"ld-fh-element d-inline-block pos-rel  elementor-heading-title lqd-highlight-classic lqd-highlight-grow-left h2\"  > Trisec Angel<\/h2>\t\t<\/div>\n\n\t\t\t\t\t\t<\/div>\n\t\t\t\t<\/div>\n\t\t\t\t<div class=\"elementor-element elementor-element-a3de9b2 exad-sticky-section-no exad-glass-effect-no elementor-widget elementor-widget-hub_fancy_heading\" data-id=\"a3de9b2\" data-element_type=\"widget\" data-e-type=\"widget\" data-widget_type=\"hub_fancy_heading.default\">\n\t\t\t\t<div class=\"elementor-widget-container\">\n\t\t\t\t\t\n\t\t<div id=\"ld-fancy-heading-69e1432f2ac33\" class=\"ld-fancy-heading pos-rel\">\n\t\t\t<p class=\"ld-fh-element d-inline-block pos-rel  lqd-highlight-classic lqd-highlight-grow-left p\"  > Das einzige wasserdichte Einweglaken mit der besten Fl\u00fcssigkeitsaufnahme- und Verfestigungskapazit\u00e4t, mit integrierter W\u00e4rmedecke zur Temperaturkontrolle des Patienten.<\/p>\t\t<\/div>\n\n\t\t\t\t\t\t<\/div>\n\t\t\t\t<\/div>\n\t\t\t\t<div class=\"elementor-element elementor-element-f74bbd0 exad-sticky-section-no exad-glass-effect-no elementor-widget elementor-widget-hub_fancy_heading\" data-id=\"f74bbd0\" data-element_type=\"widget\" data-e-type=\"widget\" data-widget_type=\"hub_fancy_heading.default\">\n\t\t\t\t<div class=\"elementor-widget-container\">\n\t\t\t\t\t\n\t\t<div id=\"ld-fancy-heading-69e1432f2b7a2\" class=\"ld-fancy-heading pos-rel\">\n\t\t\t<p class=\"ld-fh-element d-inline-block pos-rel  lqd-highlight-classic lqd-highlight-grow-left p\"  > <span style=\"color:#003A70\">Trisec Angel<\/span> h\u00e4lt die Haut des Patienten trocken und wirkt gleichzeitig als antibakterielle Barriere zwischen der Oberfl\u00e4che und dem Patienten. Indem es die Patienten trocken h\u00e4lt und ihre Temperatur stabilisiert, tr\u00e4gt es au\u00dferdem dazu bei, intraoperative und krankenhausinterne Infektionen, Unterk\u00fchlung, Hautmazerationen durch Druckgeschw\u00fcre und elektrochirurgische Verbrennungen zu verhindern, die bei Patienten auftreten, die sich langen chirurgischen Eingriffen unterziehen.<\/p>\t\t<\/div>\n\n\t\t\t\t\t\t<\/div>\n\t\t\t\t<\/div>\n\t\t<div class=\"elementor-element elementor-element-e11ddf7 e-flex e-con-boxed e-con e-child\" data-id=\"e11ddf7\" data-element_type=\"container\" data-e-type=\"container\">\n\t\t\t\t\t<div class=\"e-con-inner\">\n\t\t<div class=\"elementor-element elementor-element-23e06a2 e-flex e-con-boxed e-con e-child\" data-id=\"23e06a2\" data-element_type=\"container\" data-e-type=\"container\">\n\t\t\t\t\t<div class=\"e-con-inner\">\n\t\t\t\t<div class=\"elementor-element elementor-element-eb111ae elementor-widget__width-initial exad-sticky-section-no exad-glass-effect-no elementor-widget elementor-widget-image\" data-id=\"eb111ae\" data-element_type=\"widget\" data-e-type=\"widget\" data-widget_type=\"image.default\">\n\t\t\t\t<div class=\"elementor-widget-container\">\n\t\t\t\t\t\t\t\t\t\t\t\t\t\t\t<img decoding=\"async\" width=\"180\" height=\"58\" src=\"https:\/\/www.magnusmedical.ch\/wp-content\/uploads\/2023\/05\/trisec-cx.svg\" class=\"attachment-large size-large wp-image-1381\" alt=\"\" \/>\t\t\t\t\t\t\t\t\t\t\t\t\t\t\t<\/div>\n\t\t\t\t<\/div>\n\t\t\t\t<div class=\"elementor-element elementor-element-0c2c1a0 exad-sticky-section-no exad-glass-effect-no elementor-widget elementor-widget-text-editor\" data-id=\"0c2c1a0\" data-element_type=\"widget\" data-e-type=\"widget\" data-widget_type=\"text-editor.default\">\n\t\t\t\t<div class=\"elementor-widget-container\">\n\t\t\t\t\t\t\t\t\tAbmessungen:\n160 x 230 cm<br>Absorptionskapazit\u00e4t:<br>4 Liter\/m^2\t\t\t\t\t\t\t\t<\/div>\n\t\t\t\t<\/div>\n\t\t\t\t\t<\/div>\n\t\t\t\t<\/div>\n\t\t<div class=\"elementor-element elementor-element-372c5c7 e-flex e-con-boxed e-con e-child\" data-id=\"372c5c7\" data-element_type=\"container\" data-e-type=\"container\">\n\t\t\t\t\t<div class=\"e-con-inner\">\n\t\t\t\t<div class=\"elementor-element elementor-element-f78bb7c exad-sticky-section-no exad-glass-effect-no elementor-widget elementor-widget-image\" data-id=\"f78bb7c\" data-element_type=\"widget\" data-e-type=\"widget\" data-widget_type=\"image.default\">\n\t\t\t\t<div class=\"elementor-widget-container\">\n\t\t\t\t\t\t\t\t\t\t\t\t\t\t\t<img decoding=\"async\" width=\"180\" height=\"58\" src=\"https:\/\/www.magnusmedical.ch\/wp-content\/uploads\/2023\/05\/trisec-vers.svg\" class=\"attachment-large size-large wp-image-1387\" alt=\"\" \/>\t\t\t\t\t\t\t\t\t\t\t\t\t\t\t<\/div>\n\t\t\t\t<\/div>\n\t\t\t\t<div class=\"elementor-element elementor-element-8ee185d exad-sticky-section-no exad-glass-effect-no elementor-widget elementor-widget-text-editor\" data-id=\"8ee185d\" data-element_type=\"widget\" data-e-type=\"widget\" data-widget_type=\"text-editor.default\">\n\t\t\t\t<div class=\"elementor-widget-container\">\n\t\t\t\t\t\t\t\t\t<p>Abmessungen:<br \/>120 x 200 cm<br \/>Absorptionskapazit\u00e4t:<br \/>2,5 Liter\/m^2<\/p>\n\t\t\t\t\t\t\t\t<\/div>\n\t\t\t\t<\/div>\n\t\t\t\t\t<\/div>\n\t\t\t\t<\/div>\n\t\t<div class=\"elementor-element elementor-element-1e21254 e-flex e-con-boxed e-con e-child\" data-id=\"1e21254\" data-element_type=\"container\" data-e-type=\"container\">\n\t\t\t\t\t<div class=\"e-con-inner\">\n\t\t\t\t<div class=\"elementor-element elementor-element-f101cab exad-sticky-section-no exad-glass-effect-no elementor-widget elementor-widget-image\" data-id=\"f101cab\" data-element_type=\"widget\" data-e-type=\"widget\" data-widget_type=\"image.default\">\n\t\t\t\t<div class=\"elementor-widget-container\">\n\t\t\t\t\t\t\t\t\t\t\t\t\t\t\t<img loading=\"lazy\" decoding=\"async\" width=\"180\" height=\"58\" src=\"https:\/\/www.magnusmedical.ch\/wp-content\/uploads\/2023\/05\/trisec-neo.svg\" class=\"attachment-large size-large wp-image-1384\" alt=\"\" \/>\t\t\t\t\t\t\t\t\t\t\t\t\t\t\t<\/div>\n\t\t\t\t<\/div>\n\t\t\t\t<div class=\"elementor-element elementor-element-b9e1006 exad-sticky-section-no exad-glass-effect-no elementor-widget elementor-widget-text-editor\" data-id=\"b9e1006\" data-element_type=\"widget\" data-e-type=\"widget\" data-widget_type=\"text-editor.default\">\n\t\t\t\t<div class=\"elementor-widget-container\">\n\t\t\t\t\t\t\t\t\t<p>Abmessungen:<br \/>80 x 70 cm<br \/>Absorptionskapazit\u00e4t:<br \/>2,5 Liter\/m^2<\/p>\n\t\t\t\t\t\t\t\t<\/div>\n\t\t\t\t<\/div>\n\t\t\t\t\t<\/div>\n\t\t\t\t<\/div>\n\t\t\t\t\t<\/div>\n\t\t\t\t<\/div>\n\t\t\t\t<div class=\"elementor-element elementor-element-0ca590f elementor-widget__width-initial elementor-mobile-align-center exad-sticky-section-no exad-glass-effect-no elementor-widget elementor-widget-ld_button\" data-id=\"0ca590f\" data-element_type=\"widget\" data-e-type=\"widget\" data-widget_type=\"ld_button.default\">\n\t\t\t\t<div class=\"elementor-widget-container\">\n\t\t\t\t\t\n\t\t\t<a\n\t\t\t\thref=\"https:\/\/www.magnusmedical.ch\/es\/contacto\/\"class=\"elementor-button btn btn-solid btn-custom-size btn-icon-shaped btn-has-label\"\t\t\t>\n\t\t\t\t\t\t\t\t\t<span data-text=\"Kontaktieren Sie uns\" class=\"btn-txt\">\n\t\t\t\t\t\tKontaktieren Sie uns\t\t\t\t\t<\/span>\n\t\t\t\t\t\t\t\t\t\t\t<\/a>\n\t\t\t\t\t\t\t<\/div>\n\t\t\t\t<\/div>\n\t\t\t\t<\/div>\n\t\t\t\t\t<\/div>\n\t\t\t\t<\/div>\n\t\t<div class=\"elementor-element elementor-element-a360387 e-flex e-con-boxed e-con e-parent\" data-id=\"a360387\" data-element_type=\"container\" data-e-type=\"container\" data-settings=\"{&quot;background_background&quot;:&quot;classic&quot;}\">\n\t\t\t\t\t<div class=\"e-con-inner\">\n\t\t\t\t<div class=\"elementor-element elementor-element-3a1976c exad-sticky-section-no exad-glass-effect-no elementor-widget elementor-widget-hub_fancy_heading\" data-id=\"3a1976c\" data-element_type=\"widget\" data-e-type=\"widget\" data-widget_type=\"hub_fancy_heading.default\">\n\t\t\t\t<div class=\"elementor-widget-container\">\n\t\t\t\t\t\n\t\t<div id=\"ld-fancy-heading-69e1432f2fc9f\" class=\"ld-fancy-heading pos-rel\">\n\t\t\t<h2 class=\"ld-fh-element d-inline-block pos-rel  elementor-heading-title lqd-highlight-classic lqd-highlight-grow-left h2\"  > Was uns anders und einzigartig macht<\/h2>\t\t<\/div>\n\n\t\t\t\t\t\t<\/div>\n\t\t\t\t<\/div>\n\t\t<div class=\"elementor-element elementor-element-f147966 e-flex e-con-boxed e-con e-child\" data-id=\"f147966\" data-element_type=\"container\" data-e-type=\"container\">\n\t\t\t\t\t<div class=\"e-con-inner\">\n\t\t<div class=\"elementor-element elementor-element-12c0c01 e-con-full e-flex e-con e-child\" data-id=\"12c0c01\" data-element_type=\"container\" data-e-type=\"container\" data-settings=\"{&quot;background_background&quot;:&quot;classic&quot;}\">\n\t\t\t\t<div class=\"elementor-element elementor-element-842ebe5 exad-sticky-section-no exad-glass-effect-no elementor-widget elementor-widget-exad-flipbox\" data-id=\"842ebe5\" data-element_type=\"widget\" data-e-type=\"widget\" data-widget_type=\"exad-flipbox.default\">\n\t\t\t\t<div class=\"elementor-widget-container\">\n\t\t\t\t\t\r\n\t\t<div class=\"exad-flip-box\">\r\n\t      \t<div class=\"exad-flip-box-inner left-to-right\">\r\n\t        \t<div class=\"exad-flip-box-front center\">\r\n\t\t\t\t\t<div class=\"exad-flip-box-front-overlay\"><\/div>\r\n\t        \t\t<div class=\"exad-flip-box-front-content\">\r\n\t\t\t\t\t\t\t\t          \t\t<div class=\"exad-flip-box-front-image\">\r\n\t\t\t\t\t\t\t  <svg xmlns=\"http:\/\/www.w3.org\/2000\/svg\" width=\"512\" height=\"512\" viewBox=\"0 0 512 512\"><path fill=\"[object Object]\" d=\"M110.5 131.8C145.6 90.5 197.5 64 256 64c106.1 0 192 85.9 192 192h64C512 114.6 397.4 0 256 0C179.8 0 111.7 33.4 64.9 86.2L0 21.3V192h170.7l-60.2-60.2zm291 248.4c-35.2 41.3-87 67.8-145.5 67.8c-106.1 0-192-85.9-192-192H0c0 141.4 114.6 256 256 256c76.2 0 144.3-33.4 191.1-86.2l64.9 64.9V320H341.3l60.2 60.2z\"><\/path><\/svg>\t\t\t        \t\t<\/div>\r\n\t\t\t\t\t\t\t        \t\t<\/div>\r\n\t        \t<\/div>\r\n\r\n\t\t        <div class=\"exad-flip-box-back center\">\r\n\t\t\t\t\t<div class=\"exad-flip-box-back-overlay\"><\/div>\r\n\t\t        \t<div class=\"exad-flip-box-back-content\">\r\n\t\t\t        \t\t\t\t\t\t\r\n\t\t\t\t        <div class=\"exad-flip-box-back-description\">\r\n\t\t\t\t\t\tDas einzige Bettlaken mit der F\u00e4higkeit, Fl\u00fcssigkeiten effizient zu absorbieren und zu verfestigen.\t\t\t\t\t\t<\/div>\r\n\t\t\t\t\t\t\r\n\t\t\t\t\t\t\t\t\t        <\/div>\r\n\t\t        <\/div>\r\n\t      \t<\/div>\r\n\t    <\/div>\r\n\t\t\t\t\t<\/div>\n\t\t\t\t<\/div>\n\t\t\t\t<\/div>\n\t\t<div class=\"elementor-element elementor-element-f8cf53c e-con-full e-flex e-con e-child\" data-id=\"f8cf53c\" data-element_type=\"container\" data-e-type=\"container\" data-settings=\"{&quot;background_background&quot;:&quot;classic&quot;}\">\n\t\t\t\t<div class=\"elementor-element elementor-element-3a41e1c exad-sticky-section-no exad-glass-effect-no elementor-widget elementor-widget-exad-flipbox\" data-id=\"3a41e1c\" data-element_type=\"widget\" data-e-type=\"widget\" data-widget_type=\"exad-flipbox.default\">\n\t\t\t\t<div class=\"elementor-widget-container\">\n\t\t\t\t\t\r\n\t\t<div class=\"exad-flip-box\">\r\n\t      \t<div class=\"exad-flip-box-inner left-to-right\">\r\n\t        \t<div class=\"exad-flip-box-front center\">\r\n\t\t\t\t\t<div class=\"exad-flip-box-front-overlay\"><\/div>\r\n\t        \t\t<div class=\"exad-flip-box-front-content\">\r\n\t\t\t\t\t\t\t\t          \t\t<div class=\"exad-flip-box-front-image\">\r\n\t\t\t\t\t\t\t  <svg xmlns=\"http:\/\/www.w3.org\/2000\/svg\" width=\"512\" height=\"512\" viewBox=\"0 0 512 512\"><path fill=\"[object Object]\" d=\"M110.5 131.8C145.6 90.5 197.5 64 256 64c106.1 0 192 85.9 192 192h64C512 114.6 397.4 0 256 0C179.8 0 111.7 33.4 64.9 86.2L0 21.3V192h170.7l-60.2-60.2zm291 248.4c-35.2 41.3-87 67.8-145.5 67.8c-106.1 0-192-85.9-192-192H0c0 141.4 114.6 256 256 256c76.2 0 144.3-33.4 191.1-86.2l64.9 64.9V320H341.3l60.2 60.2z\"><\/path><\/svg>\t\t\t        \t\t<\/div>\r\n\t\t\t\t\t\t\t        \t\t<\/div>\r\n\t        \t<\/div>\r\n\r\n\t\t        <div class=\"exad-flip-box-back center\">\r\n\t\t\t\t\t<div class=\"exad-flip-box-back-overlay\"><\/div>\r\n\t\t        \t<div class=\"exad-flip-box-back-content\">\r\n\t\t\t        \t\t\t\t\t\t\r\n\t\t\t\t        <div class=\"exad-flip-box-back-description\">\r\n\t\t\t\t\t\tDie wirksame L\u00f6sung gegen Unterk\u00fchlung. Das einzige Bettlaken, das eine W\u00e4rmedecke zur besseren Temperaturkontrolle des Patienten integriert.\t\t\t\t\t\t<\/div>\r\n\t\t\t\t\t\t\r\n\t\t\t\t\t\t\t\t\t        <\/div>\r\n\t\t        <\/div>\r\n\t      \t<\/div>\r\n\t    <\/div>\r\n\t\t\t\t\t<\/div>\n\t\t\t\t<\/div>\n\t\t\t\t<\/div>\n\t\t<div class=\"elementor-element elementor-element-517282a e-con-full e-flex e-con e-child\" data-id=\"517282a\" data-element_type=\"container\" data-e-type=\"container\" data-settings=\"{&quot;background_background&quot;:&quot;classic&quot;}\">\n\t\t\t\t<div class=\"elementor-element elementor-element-9a1cc11 exad-sticky-section-no exad-glass-effect-no elementor-widget elementor-widget-exad-flipbox\" data-id=\"9a1cc11\" data-element_type=\"widget\" data-e-type=\"widget\" data-widget_type=\"exad-flipbox.default\">\n\t\t\t\t<div class=\"elementor-widget-container\">\n\t\t\t\t\t\r\n\t\t<div class=\"exad-flip-box\">\r\n\t      \t<div class=\"exad-flip-box-inner left-to-right\">\r\n\t        \t<div class=\"exad-flip-box-front center\">\r\n\t\t\t\t\t<div class=\"exad-flip-box-front-overlay\"><\/div>\r\n\t        \t\t<div class=\"exad-flip-box-front-content\">\r\n\t\t\t\t\t\t\t\t          \t\t<div class=\"exad-flip-box-front-image\">\r\n\t\t\t\t\t\t\t  <svg xmlns=\"http:\/\/www.w3.org\/2000\/svg\" width=\"512\" height=\"512\" viewBox=\"0 0 512 512\"><path fill=\"[object Object]\" d=\"M110.5 131.8C145.6 90.5 197.5 64 256 64c106.1 0 192 85.9 192 192h64C512 114.6 397.4 0 256 0C179.8 0 111.7 33.4 64.9 86.2L0 21.3V192h170.7l-60.2-60.2zm291 248.4c-35.2 41.3-87 67.8-145.5 67.8c-106.1 0-192-85.9-192-192H0c0 141.4 114.6 256 256 256c76.2 0 144.3-33.4 191.1-86.2l64.9 64.9V320H341.3l60.2 60.2z\"><\/path><\/svg>\t\t\t        \t\t<\/div>\r\n\t\t\t\t\t\t\t        \t\t<\/div>\r\n\t        \t<\/div>\r\n\r\n\t\t        <div class=\"exad-flip-box-back center\">\r\n\t\t\t\t\t<div class=\"exad-flip-box-back-overlay\"><\/div>\r\n\t\t        \t<div class=\"exad-flip-box-back-content\">\r\n\t\t\t        \t\t\t\t\t\t\r\n\t\t\t\t        <div class=\"exad-flip-box-back-description\">\r\n\t\t\t\t\t\tEine umfassende L\u00f6sung f\u00fcr alle Beteiligten, die die Sicherheit der Patienten und die Optimierung der Verfahren im Blick hat.\t\t\t\t\t\t<\/div>\r\n\t\t\t\t\t\t\r\n\t\t\t\t\t\t\t\t\t        <\/div>\r\n\t\t        <\/div>\r\n\t      \t<\/div>\r\n\t    <\/div>\r\n\t\t\t\t\t<\/div>\n\t\t\t\t<\/div>\n\t\t\t\t<\/div>\n\t\t\t\t\t<\/div>\n\t\t\t\t<\/div>\n\t\t\t\t\t<\/div>\n\t\t\t\t<\/div>\n\t\t<div class=\"elementor-element elementor-element-65cf612 e-flex e-con-boxed e-con e-parent\" data-id=\"65cf612\" data-element_type=\"container\" data-e-type=\"container\" data-settings=\"{&quot;background_background&quot;:&quot;classic&quot;}\">\n\t\t\t\t\t<div class=\"e-con-inner\">\n\t\t<div class=\"elementor-element elementor-element-7bbf581 e-con-full e-flex e-con e-child\" data-id=\"7bbf581\" data-element_type=\"container\" data-e-type=\"container\">\n\t\t\t\t<div class=\"elementor-element elementor-element-88984d2 elementor-widget__width-auto exad-sticky-section-no exad-glass-effect-no elementor-widget elementor-widget-hub_fancy_heading\" data-id=\"88984d2\" data-element_type=\"widget\" data-e-type=\"widget\" data-widget_type=\"hub_fancy_heading.default\">\n\t\t\t\t<div class=\"elementor-widget-container\">\n\t\t\t\t\t\n\t\t<div id=\"ld-fancy-heading-69e1432f338a0\" class=\"ld-fancy-heading pos-rel\">\n\t\t\t<h2 class=\"ld-fh-element d-inline-block pos-rel  elementor-heading-title lqd-highlight-classic lqd-highlight-grow-left h2\"  > Siehe unseren Katalog<\/h2>\t\t<\/div>\n\n\t\t\t\t\t\t<\/div>\n\t\t\t\t<\/div>\n\t\t\t\t<div class=\"elementor-element elementor-element-859fbae exad-sticky-section-no exad-glass-effect-no elementor-widget elementor-widget-ld_button\" data-id=\"859fbae\" data-element_type=\"widget\" data-e-type=\"widget\" data-widget_type=\"ld_button.default\">\n\t\t\t\t<div class=\"elementor-widget-container\">\n\t\t\t\t\t\n\t\t\t<a\n\t\t\t\thref=\"https:\/\/magnusmedical.ch\/wp-content\/uploads\/2023\/09\/Brochure-Trisec-Angel-Espanol-Online.pdf\"class=\"elementor-button btn btn-solid btn-custom-size btn-icon-shaped btn-has-label\"\t\t\t>\n\t\t\t\t\t\t\t\t\t<span data-text=\"Siehe Katalog\" class=\"btn-txt\">\n\t\t\t\t\t\tSiehe Katalog\t\t\t\t\t<\/span>\n\t\t\t\t\t\t\t\t\t\t\t<\/a>\n\t\t\t\t\t\t\t<\/div>\n\t\t\t\t<\/div>\n\t\t\t\t<div class=\"elementor-element elementor-element-c820480 elementor-hidden-desktop elementor-hidden-tablet elementor-hidden-mobile exad-sticky-section-no exad-glass-effect-no elementor-widget elementor-widget-ld_button\" data-id=\"c820480\" data-element_type=\"widget\" data-e-type=\"widget\" data-widget_type=\"ld_button.default\">\n\t\t\t\t<div class=\"elementor-widget-container\">\n\t\t\t\t\t\n\t\t\t<a\n\t\t\t\thref=\"#\"class=\"elementor-button btn btn-solid btn-custom-size btn-icon-shaped btn-has-label\"\t\t\t>\n\t\t\t\t\t\t\t\t\t<span data-text=\"Herunterladen\" class=\"btn-txt\">\n\t\t\t\t\t\tHerunterladen\t\t\t\t\t<\/span>\n\t\t\t\t\t\t\t\t\t\t\t<\/a>\n\t\t\t\t\t\t\t<\/div>\n\t\t\t\t<\/div>\n\t\t\t\t<\/div>\n\t\t\t\t\t<\/div>\n\t\t\t\t<\/div>\n\t\t\t\t<\/div>\n\t\t","protected":false},"excerpt":{"rendered":"<p>http:\/\/magnusmedical.ch\/wp-content\/uploads\/2023\/05\/TRISEC-ANGEL-Solucion-a-todo-lo-Relevante.mp4 Trisec Angel Trisec Angel Das einzige wasserdichte Einweglaken mit der besten Fl\u00fcssigkeitsaufnahme- und Verfestigungskapazit\u00e4t, mit integrierter W\u00e4rmedecke zur Temperaturkontrolle des Patienten. Trisec Angel h\u00e4lt die Haut des Patienten trocken und wirkt gleichzeitig als antibakterielle Barriere zwischen der Oberfl\u00e4che und dem Patienten. Indem es die Patienten trocken h\u00e4lt und ihre Temperatur stabilisiert, tr\u00e4gt es au\u00dferdem [&hellip;]<\/p>\n","protected":false},"author":2,"featured_media":0,"parent":0,"menu_order":0,"comment_status":"closed","ping_status":"closed","template":"","meta":{"_seopress_robots_primary_cat":"","_seopress_titles_title":"Trisec Angel | Absorbierende, verfestigende Einweg-Bettw\u00e4sche","_seopress_titles_desc":"S\u00e1bana m\u00e9dica absorbente y solidificante dise\u00f1ada para el control eficaz de fluidos, ayudando a proteger al paciente y al entorno cl\u00ednico.","_seopress_robots_index":"","footnotes":""},"class_list":["post-2302","page","type-page","status-publish","hentry"],"_links":{"self":[{"href":"https:\/\/www.magnusmedical.ch\/de\/wp-json\/wp\/v2\/pages\/2302","targetHints":{"allow":["GET"]}}],"collection":[{"href":"https:\/\/www.magnusmedical.ch\/de\/wp-json\/wp\/v2\/pages"}],"about":[{"href":"https:\/\/www.magnusmedical.ch\/de\/wp-json\/wp\/v2\/types\/page"}],"author":[{"embeddable":true,"href":"https:\/\/www.magnusmedical.ch\/de\/wp-json\/wp\/v2\/users\/2"}],"replies":[{"embeddable":true,"href":"https:\/\/www.magnusmedical.ch\/de\/wp-json\/wp\/v2\/comments?post=2302"}],"version-history":[{"count":2,"href":"https:\/\/www.magnusmedical.ch\/de\/wp-json\/wp\/v2\/pages\/2302\/revisions"}],"predecessor-version":[{"id":7451,"href":"https:\/\/www.magnusmedical.ch\/de\/wp-json\/wp\/v2\/pages\/2302\/revisions\/7451"}],"wp:attachment":[{"href":"https:\/\/www.magnusmedical.ch\/de\/wp-json\/wp\/v2\/media?parent=2302"}],"curies":[{"name":"wp","href":"https:\/\/api.w.org\/{rel}","templated":true}]}}