{"id":2298,"date":"2023-05-25T20:29:58","date_gmt":"2023-05-25T20:29:58","guid":{"rendered":"https:\/\/magnusmedical.ch\/landing-magnet\/"},"modified":"2026-01-09T15:31:44","modified_gmt":"2026-01-09T15:31:44","slug":"landing-magnet","status":"publish","type":"page","link":"https:\/\/www.magnusmedical.ch\/de\/landing-magnet\/","title":{"rendered":"Magnet"},"content":{"rendered":"\t\t<div data-elementor-type=\"wp-page\" data-elementor-id=\"2298\" class=\"elementor elementor-2298 elementor-1760\" data-elementor-post-type=\"page\">\n\t\t\t\t<div class=\"elementor-element elementor-element-1802ded e-flex e-con-boxed e-con e-parent\" data-id=\"1802ded\" data-element_type=\"container\" data-e-type=\"container\" data-settings=\"{&quot;background_background&quot;:&quot;classic&quot;}\">\n\t\t\t\t\t<div class=\"e-con-inner\">\n\t\t<div class=\"elementor-element elementor-element-b6b1e97 e-con-full e-flex e-con e-child\" data-id=\"b6b1e97\" data-element_type=\"container\" data-e-type=\"container\">\n\t\t\t\t<div class=\"elementor-element elementor-element-d7608a7 elementor-widget__width-initial exad-sticky-section-no exad-glass-effect-no elementor-widget elementor-widget-image\" data-id=\"d7608a7\" data-element_type=\"widget\" data-e-type=\"widget\" data-widget_type=\"image.default\">\n\t\t\t\t<div class=\"elementor-widget-container\">\n\t\t\t\t\t\t\t\t\t\t\t\t\t\t\t<img decoding=\"async\" width=\"180\" height=\"58\" src=\"https:\/\/www.magnusmedical.ch\/wp-content\/uploads\/2023\/05\/magnet.svg\" class=\"attachment-medium size-medium wp-image-1372\" alt=\"\" \/>\t\t\t\t\t\t\t\t\t\t\t\t\t\t\t<\/div>\n\t\t\t\t<\/div>\n\t\t\t\t<\/div>\n\t\t<div class=\"elementor-element elementor-element-76d17db e-con-full e-flex e-con e-child\" data-id=\"76d17db\" data-element_type=\"container\" data-e-type=\"container\">\n\t\t\t\t<div class=\"elementor-element elementor-element-4d8d6a4 elementor-widget__width-inherit elementor-widget-tablet__width-inherit exad-sticky-section-no exad-glass-effect-no elementor-widget elementor-widget-video\" data-id=\"4d8d6a4\" data-element_type=\"widget\" data-e-type=\"widget\" data-settings=\"{&quot;video_type&quot;:&quot;hosted&quot;,&quot;start&quot;:0,&quot;autoplay&quot;:&quot;yes&quot;,&quot;controls&quot;:&quot;yes&quot;}\" data-widget_type=\"video.default\">\n\t\t\t\t<div class=\"elementor-widget-container\">\n\t\t\t\t\t\t\t<div class=\"e-hosted-video elementor-wrapper elementor-open-inline\">\n\t\t\t\t\t<video class=\"elementor-video\" src=\"http:\/\/magnusmedical.ch\/wp-content\/uploads\/2023\/05\/Magnet-Tapete-multilaminado-Areas-Criticas.mp4\" autoplay=\"\" controls=\"\" controlsList=\"nodownload\"><\/video>\n\t\t\t\t<\/div>\n\t\t\t\t\t\t<\/div>\n\t\t\t\t<\/div>\n\t\t\t\t<\/div>\n\t\t\t\t\t<\/div>\n\t\t\t\t<\/div>\n\t\t<div class=\"elementor-element elementor-element-8e63c02 e-flex e-con-boxed e-con e-parent\" data-id=\"8e63c02\" data-element_type=\"container\" data-e-type=\"container\">\n\t\t\t\t\t<div class=\"e-con-inner\">\n\t\t<div class=\"elementor-element elementor-element-055f32b e-con-full e-flex e-con e-child\" data-id=\"055f32b\" data-element_type=\"container\" data-e-type=\"container\">\n\t\t\t\t<div class=\"elementor-element elementor-element-bd0330a elementor-hidden-desktop elementor-hidden-tablet elementor-widget-mobile__width-inherit exad-sticky-section-no exad-glass-effect-no elementor-widget elementor-widget-hub_fancy_heading\" data-id=\"bd0330a\" data-element_type=\"widget\" data-e-type=\"widget\" data-widget_type=\"hub_fancy_heading.default\">\n\t\t\t\t<div class=\"elementor-widget-container\">\n\t\t\t\t\t\n\t\t<div id=\"ld-fancy-heading-69e09909a0a42\" class=\"ld-fancy-heading pos-rel\">\n\t\t\t<h2 class=\"ld-fh-element d-inline-block pos-rel  elementor-heading-title lqd-highlight-classic lqd-highlight-grow-left h2\"  > MAGNET hilft, die \u00dcbertragung von Infektionen zu verhindern<\/h2>\t\t<\/div>\n\n\t\t\t\t\t\t<\/div>\n\t\t\t\t<\/div>\n\t\t\t\t<div class=\"elementor-element elementor-element-96b79a7 elementor-hidden-desktop elementor-hidden-tablet exad-sticky-section-no exad-glass-effect-no elementor-widget elementor-widget-hub_fancy_heading\" data-id=\"96b79a7\" data-element_type=\"widget\" data-e-type=\"widget\" data-widget_type=\"hub_fancy_heading.default\">\n\t\t\t\t<div class=\"elementor-widget-container\">\n\t\t\t\t\t\n\t\t<div id=\"ld-fancy-heading-69e09909a14de\" class=\"ld-fancy-heading pos-rel\">\n\t\t\t<p class=\"ld-fh-element d-inline-block pos-rel  lqd-highlight-classic lqd-highlight-grow-left p\"  > nicht nur zum Wohle des Patienten, sondern auch zum Wohle der \u00c4rzteschaft.<\/p>\t\t<\/div>\n\n\t\t\t\t\t\t<\/div>\n\t\t\t\t<\/div>\n\t\t\t\t<div class=\"elementor-element elementor-element-f72a482 elementor-arrows-position-outside exad-sticky-section-no exad-glass-effect-no elementor-widget elementor-widget-image-carousel\" data-id=\"f72a482\" data-element_type=\"widget\" data-e-type=\"widget\" id=\"carusel\" data-settings=\"{&quot;slides_to_show&quot;:&quot;1&quot;,&quot;navigation&quot;:&quot;arrows&quot;,&quot;autoplay_speed&quot;:10000,&quot;autoplay&quot;:&quot;yes&quot;,&quot;pause_on_hover&quot;:&quot;yes&quot;,&quot;pause_on_interaction&quot;:&quot;yes&quot;,&quot;infinite&quot;:&quot;yes&quot;,&quot;effect&quot;:&quot;slide&quot;,&quot;speed&quot;:500}\" data-widget_type=\"image-carousel.default\">\n\t\t\t\t<div class=\"elementor-widget-container\">\n\t\t\t\t\t\t\t<div class=\"elementor-image-carousel-wrapper swiper\" role=\"region\" aria-roledescription=\"carousel\" aria-label=\"Bild Karussell\" dir=\"ltr\">\n\t\t\t<div class=\"elementor-image-carousel swiper-wrapper\" aria-live=\"off\">\n\t\t\t\t\t\t\t\t<div class=\"swiper-slide\" role=\"group\" aria-roledescription=\"slide\" aria-label=\"1 von 3\"><figure class=\"swiper-slide-inner\"><img decoding=\"async\" class=\"swiper-slide-image\" src=\"https:\/\/www.magnusmedical.ch\/wp-content\/uploads\/2023\/05\/magnet-Control-en-areas-criticas-no-solo-de-lo-que-entra-sino-tambien_.jpg\" alt=\"magnet-Control en a\u0301reas cri\u0301ticas no solo de lo que entra sino tambie\u0301n_\" \/><\/figure><\/div><div class=\"swiper-slide\" role=\"group\" aria-roledescription=\"slide\" aria-label=\"2 von 3\"><figure class=\"swiper-slide-inner\"><img decoding=\"async\" class=\"swiper-slide-image\" src=\"https:\/\/www.magnusmedical.ch\/wp-content\/uploads\/2023\/05\/magnet-Foto-despega-lamina.jpg\" alt=\"magnet-Foto despega lamina\" \/><\/figure><\/div><div class=\"swiper-slide\" role=\"group\" aria-roledescription=\"slide\" aria-label=\"3 von 3\"><figure class=\"swiper-slide-inner\"><img decoding=\"async\" class=\"swiper-slide-image\" src=\"https:\/\/www.magnusmedical.ch\/wp-content\/uploads\/2023\/05\/magnet-Control-en-areas-criticas-no-solo-de-lo-que-entra-sino-tambien_.jpg\" alt=\"magnet-Control en a\u0301reas cri\u0301ticas no solo de lo que entra sino tambie\u0301n_\" \/><\/figure><\/div>\t\t\t<\/div>\n\t\t\t\t\t\t\t\t\t\t\t\t<div class=\"elementor-swiper-button elementor-swiper-button-prev\" role=\"button\" tabindex=\"0\">\n\t\t\t\t\t\t<i aria-hidden=\"true\" class=\"eicon-chevron-left\"><\/i>\t\t\t\t\t<\/div>\n\t\t\t\t\t<div class=\"elementor-swiper-button elementor-swiper-button-next\" role=\"button\" tabindex=\"0\">\n\t\t\t\t\t\t<i aria-hidden=\"true\" class=\"eicon-chevron-right\"><\/i>\t\t\t\t\t<\/div>\n\t\t\t\t\n\t\t\t\t\t\t\t\t\t<\/div>\n\t\t\t\t\t\t<\/div>\n\t\t\t\t<\/div>\n\t\t\t\t<div class=\"elementor-element elementor-element-7c8eb73 elementor-align-center elementor-hidden-desktop elementor-hidden-tablet elementor-hidden-mobile exad-sticky-section-no exad-glass-effect-no elementor-widget elementor-widget-ld_icon_box\" data-id=\"7c8eb73\" data-element_type=\"widget\" data-e-type=\"widget\" data-widget_type=\"ld_icon_box.default\">\n\t\t\t\t<div class=\"elementor-widget-container\">\n\t\t\t\t\t\n\t\t\t<div id=\"ld_icon_box_7c8eb73\" class=\"iconbox d-flex flex-grow-1 pos-rel flex-wrap align-items-center iconbox-inline\"   >\n\n\t\t\t\t\n\t\t\t\t<div class=\"iconbox-icon-wrap  \"><div class=\"iconbox-icon-container d-inline-flex   \"><i aria-hidden=\"true\" class=\"fas fa-exclamation-circle\"><\/i><\/div><\/div>\n\t\t\t\t<h3 class=\"lqd-iconbox-heading \" >Nach links ziehen <\/h3>\n\t\t\t\t\n\t\t\t\t\n\t\t\t\t\t\t\t\t<p><\/p>\n\t\t\t\t\n\t\t\t\t\n\t\t\t\t\n\t\t\t<\/div>\n\n\t\t\t\t\t\t<\/div>\n\t\t\t\t<\/div>\n\t\t\t\t<\/div>\n\t\t<div class=\"elementor-element elementor-element-7b62abe e-con-full e-flex e-con e-child\" data-id=\"7b62abe\" data-element_type=\"container\" data-e-type=\"container\">\n\t\t\t\t<div class=\"elementor-element elementor-element-b91b8fb elementor-hidden-mobile exad-sticky-section-no exad-glass-effect-no elementor-widget elementor-widget-hub_fancy_heading\" data-id=\"b91b8fb\" data-element_type=\"widget\" data-e-type=\"widget\" data-widget_type=\"hub_fancy_heading.default\">\n\t\t\t\t<div class=\"elementor-widget-container\">\n\t\t\t\t\t\n\t\t<div id=\"ld-fancy-heading-69e09909a4986\" class=\"ld-fancy-heading pos-rel\">\n\t\t\t<h2 class=\"ld-fh-element d-inline-block pos-rel  elementor-heading-title lqd-highlight-classic lqd-highlight-grow-left h2\"  > MAGNET hilft, die \u00dcbertragung von Infektionen zu verhindern<\/h2>\t\t<\/div>\n\n\t\t\t\t\t\t<\/div>\n\t\t\t\t<\/div>\n\t\t\t\t<div class=\"elementor-element elementor-element-a3de9b2 elementor-hidden-mobile exad-sticky-section-no exad-glass-effect-no elementor-widget elementor-widget-hub_fancy_heading\" data-id=\"a3de9b2\" data-element_type=\"widget\" data-e-type=\"widget\" data-widget_type=\"hub_fancy_heading.default\">\n\t\t\t\t<div class=\"elementor-widget-container\">\n\t\t\t\t\t\n\t\t<div id=\"ld-fancy-heading-69e09909a5278\" class=\"ld-fancy-heading pos-rel\">\n\t\t\t<p class=\"ld-fh-element d-inline-block pos-rel  lqd-highlight-classic lqd-highlight-grow-left p\"  > nicht nur zum Wohle des Patienten, sondern auch zum Wohle der \u00c4rzteschaft.<\/p>\t\t<\/div>\n\n\t\t\t\t\t\t<\/div>\n\t\t\t\t<\/div>\n\t\t\t\t<div class=\"elementor-element elementor-element-f74bbd0 exad-sticky-section-no exad-glass-effect-no elementor-widget elementor-widget-hub_fancy_heading\" data-id=\"f74bbd0\" data-element_type=\"widget\" data-e-type=\"widget\" data-widget_type=\"hub_fancy_heading.default\">\n\t\t\t\t<div class=\"elementor-widget-container\">\n\t\t\t\t\t\n\t\t<div id=\"ld-fancy-heading-69e09909a5b33\" class=\"ld-fancy-heading pos-rel\">\n\t\t\t<p class=\"ld-fh-element d-inline-block pos-rel  lqd-highlight-classic lqd-highlight-grow-left p\"  > Es handelt sich um eine glatte, mehrschichtige Klebefl\u00e4che mit einem antibakteriellen, antimikrobiellen und antifungiziden Jodzusatz, der Verunreinigungen von Schuhsohlen und R\u00e4dern, die darauf laufen, leicht und effizient einf\u00e4ngt und inaktiviert. Sie besteht aus <span style=\"font-weight:bold\">30 nummerierten Bl\u00e4ttern.<\/span><\/p>\t\t<\/div>\n\n\t\t\t\t\t\t<\/div>\n\t\t\t\t<\/div>\n\t\t\t\t<div class=\"elementor-element elementor-element-0ca590f exad-sticky-section-no exad-glass-effect-no elementor-widget elementor-widget-ld_button\" data-id=\"0ca590f\" data-element_type=\"widget\" data-e-type=\"widget\" data-widget_type=\"ld_button.default\">\n\t\t\t\t<div class=\"elementor-widget-container\">\n\t\t\t\t\t\n\t\t\t<a\n\t\t\t\thref=\"https:\/\/www.magnusmedical.ch\/es\/contacto\/\"class=\"elementor-button btn btn-solid btn-custom-size btn-icon-shaped btn-has-label\"\t\t\t>\n\t\t\t\t\t\t\t\t\t<span data-text=\"Kontaktieren Sie uns\" class=\"btn-txt\">\n\t\t\t\t\t\tKontaktieren Sie uns\t\t\t\t\t<\/span>\n\t\t\t\t\t\t\t\t\t\t\t<\/a>\n\t\t\t\t\t\t\t<\/div>\n\t\t\t\t<\/div>\n\t\t\t\t<\/div>\n\t\t\t\t\t<\/div>\n\t\t\t\t<\/div>\n\t\t<div class=\"elementor-element elementor-element-65cf612 e-flex e-con-boxed e-con e-parent\" data-id=\"65cf612\" data-element_type=\"container\" data-e-type=\"container\" data-settings=\"{&quot;background_background&quot;:&quot;classic&quot;}\">\n\t\t\t\t\t<div class=\"e-con-inner\">\n\t\t<div class=\"elementor-element elementor-element-7bbf581 e-con-full e-flex e-con e-child\" data-id=\"7bbf581\" data-element_type=\"container\" data-e-type=\"container\">\n\t\t\t\t<div class=\"elementor-element elementor-element-88984d2 elementor-widget__width-auto exad-sticky-section-no exad-glass-effect-no elementor-widget elementor-widget-hub_fancy_heading\" data-id=\"88984d2\" data-element_type=\"widget\" data-e-type=\"widget\" data-widget_type=\"hub_fancy_heading.default\">\n\t\t\t\t<div class=\"elementor-widget-container\">\n\t\t\t\t\t\n\t\t<div id=\"ld-fancy-heading-69e09909a737b\" class=\"ld-fancy-heading pos-rel\">\n\t\t\t<h2 class=\"ld-fh-element d-inline-block pos-rel  elementor-heading-title lqd-highlight-classic lqd-highlight-grow-left h2\"  > Siehe unseren Katalog<\/h2>\t\t<\/div>\n\n\t\t\t\t\t\t<\/div>\n\t\t\t\t<\/div>\n\t\t\t\t<div class=\"elementor-element elementor-element-859fbae exad-sticky-section-no exad-glass-effect-no elementor-widget elementor-widget-ld_button\" data-id=\"859fbae\" data-element_type=\"widget\" data-e-type=\"widget\" data-widget_type=\"ld_button.default\">\n\t\t\t\t<div class=\"elementor-widget-container\">\n\t\t\t\t\t\n\t\t\t<a\n\t\t\t\thref=\"https:\/\/magnusmedical.ch\/wp-content\/uploads\/2023\/09\/Brochure-Magnet-1.pdf\"class=\"elementor-button btn btn-solid btn-custom-size btn-icon-shaped btn-has-label\"\t\t\t>\n\t\t\t\t\t\t\t\t\t<span data-text=\"Siehe Katalog\" class=\"btn-txt\">\n\t\t\t\t\t\tSiehe Katalog\t\t\t\t\t<\/span>\n\t\t\t\t\t\t\t\t\t\t\t<\/a>\n\t\t\t\t\t\t\t<\/div>\n\t\t\t\t<\/div>\n\t\t\t\t<div class=\"elementor-element elementor-element-c820480 elementor-hidden-desktop elementor-hidden-tablet elementor-hidden-mobile exad-sticky-section-no exad-glass-effect-no elementor-widget elementor-widget-ld_button\" data-id=\"c820480\" data-element_type=\"widget\" data-e-type=\"widget\" data-widget_type=\"ld_button.default\">\n\t\t\t\t<div class=\"elementor-widget-container\">\n\t\t\t\t\t\n\t\t\t<a\n\t\t\t\thref=\"#\"class=\"elementor-button btn btn-solid btn-custom-size btn-icon-shaped btn-has-label\"\t\t\t>\n\t\t\t\t\t\t\t\t\t<span data-text=\"Herunterladen\" class=\"btn-txt\">\n\t\t\t\t\t\tHerunterladen\t\t\t\t\t<\/span>\n\t\t\t\t\t\t\t\t\t\t\t<\/a>\n\t\t\t\t\t\t\t<\/div>\n\t\t\t\t<\/div>\n\t\t\t\t<\/div>\n\t\t\t\t\t<\/div>\n\t\t\t\t<\/div>\n\t\t\t\t<\/div>\n\t\t","protected":false},"excerpt":{"rendered":"<p>http:\/\/magnusmedical.ch\/wp-content\/uploads\/2023\/05\/Magnet-Tapete-multilaminado-Areas-Criticas.mp4 MAGNET hilft, die \u00dcbertragung von Infektionen zu verhindern nicht nur zum Wohle des Patienten, sondern auch zum Wohle der \u00c4rzteschaft. Nach links ziehen MAGNET hilft, die \u00dcbertragung von Infektionen zu verhindern nicht nur zum Wohle des Patienten, sondern auch zum Wohle der \u00c4rzteschaft. Es handelt sich um eine glatte, mehrschichtige Klebefl\u00e4che mit einem antibakteriellen, [&hellip;]<\/p>\n","protected":false},"author":2,"featured_media":0,"parent":0,"menu_order":0,"comment_status":"closed","ping_status":"closed","template":"","meta":{"_seopress_robots_primary_cat":"","_seopress_titles_title":"Magnet | Antibakterielle Klebefolie f\u00fcr Krankenh\u00e4user","_seopress_titles_desc":"Antibakterielle Klebeunterlage mit antibakteriellem, antimikrobiellem und fungizidem Zusatz f\u00fcr Krankenh\u00e4user, Kliniken und kritische Bereiche.","_seopress_robots_index":"","footnotes":""},"class_list":["post-2298","page","type-page","status-publish","hentry"],"_links":{"self":[{"href":"https:\/\/www.magnusmedical.ch\/de\/wp-json\/wp\/v2\/pages\/2298","targetHints":{"allow":["GET"]}}],"collection":[{"href":"https:\/\/www.magnusmedical.ch\/de\/wp-json\/wp\/v2\/pages"}],"about":[{"href":"https:\/\/www.magnusmedical.ch\/de\/wp-json\/wp\/v2\/types\/page"}],"author":[{"embeddable":true,"href":"https:\/\/www.magnusmedical.ch\/de\/wp-json\/wp\/v2\/users\/2"}],"replies":[{"embeddable":true,"href":"https:\/\/www.magnusmedical.ch\/de\/wp-json\/wp\/v2\/comments?post=2298"}],"version-history":[{"count":2,"href":"https:\/\/www.magnusmedical.ch\/de\/wp-json\/wp\/v2\/pages\/2298\/revisions"}],"predecessor-version":[{"id":7439,"href":"https:\/\/www.magnusmedical.ch\/de\/wp-json\/wp\/v2\/pages\/2298\/revisions\/7439"}],"wp:attachment":[{"href":"https:\/\/www.magnusmedical.ch\/de\/wp-json\/wp\/v2\/media?parent=2298"}],"curies":[{"name":"wp","href":"https:\/\/api.w.org\/{rel}","templated":true}]}}