{"id":2289,"date":"2023-05-25T20:13:48","date_gmt":"2023-05-25T20:13:48","guid":{"rendered":"https:\/\/magnusmedical.ch\/gemeindeschwestern\/"},"modified":"2025-01-24T19:33:07","modified_gmt":"2025-01-24T19:33:07","slug":"gemeindeschwestern","status":"publish","type":"page","link":"https:\/\/www.magnusmedical.ch\/de\/gemeindeschwestern\/","title":{"rendered":"Comunidad enfermeras"},"content":{"rendered":"\t\t<div data-elementor-type=\"wp-page\" data-elementor-id=\"2289\" class=\"elementor elementor-2289 elementor-1952\" data-elementor-post-type=\"page\">\n\t\t\t\t<div class=\"elementor-element elementor-element-40a1f9f e-flex e-con-boxed e-con e-parent\" data-id=\"40a1f9f\" data-element_type=\"container\" data-e-type=\"container\" data-settings=\"{&quot;background_background&quot;:&quot;classic&quot;}\">\n\t\t\t\t\t<div class=\"e-con-inner\">\n\t\t\t\t<div class=\"elementor-element elementor-element-8ad92b7 exad-sticky-section-no exad-glass-effect-no elementor-widget elementor-widget-hub_fancy_heading\" data-id=\"8ad92b7\" data-element_type=\"widget\" data-e-type=\"widget\" data-widget_type=\"hub_fancy_heading.default\">\n\t\t\t\t<div class=\"elementor-widget-container\">\n\t\t\t\t\t\n\t\t<div id=\"ld-fancy-heading-69e095b63c792\" class=\"ld-fancy-heading pos-rel\">\n\t\t\t<h2 class=\"ld-fh-element d-inline-block pos-rel  elementor-heading-title lqd-highlight-classic lqd-highlight-grow-left h2\"  > Comunidad enfermeras<\/h2>\t\t<\/div>\n\n\t\t\t\t\t\t<\/div>\n\t\t\t\t<\/div>\n\t\t\t\t<div class=\"elementor-element elementor-element-c7a3ba1 exad-sticky-section-no exad-glass-effect-no elementor-widget elementor-widget-hub_fancy_heading\" data-id=\"c7a3ba1\" data-element_type=\"widget\" data-e-type=\"widget\" data-widget_type=\"hub_fancy_heading.default\">\n\t\t\t\t<div class=\"elementor-widget-container\">\n\t\t\t\t\t\n\t\t<div id=\"ld-fancy-heading-69e095b63cdc2\" class=\"ld-fancy-heading pos-rel\">\n\t\t\t<h2 class=\"ld-fh-element d-inline-block pos-rel  elementor-heading-title lqd-highlight-classic lqd-highlight-grow-left h2\"  > Dejando Huella<\/h2>\t\t<\/div>\n\n\t\t\t\t\t\t<\/div>\n\t\t\t\t<\/div>\n\t\t\t\t<div class=\"elementor-element elementor-element-d809f92 elementor-align-center exad-sticky-section-no exad-glass-effect-no elementor-widget elementor-widget-ld_button\" data-id=\"d809f92\" data-element_type=\"widget\" data-e-type=\"widget\" data-widget_type=\"ld_button.default\">\n\t\t\t\t<div class=\"elementor-widget-container\">\n\t\t\t\t\t\n\t\t\t<a\n\t\t\t\thref=\"#blog\"class=\"elementor-button btn btn-solid btn-custom-size btn-icon-block btn-no-label\"\t\t\t>\n\t\t\t\t\t\t\t\t\t\t\t\t\t\t<span class=\"btn-icon\">\n\t\t\t\t\t\t\t<i aria-hidden=\"true\" class=\"lqd-icn-ess icon-ion-ios-arrow-down\"><\/i>\t\t\t\t\t\t<\/span>\n\t\t\t\t\t\t\t\t\t<\/a>\n\t\t\t\t\t\t\t<\/div>\n\t\t\t\t<\/div>\n\t\t\t\t\t<\/div>\n\t\t\t\t<\/div>\n\t\t<div class=\"elementor-element elementor-element-8dde76b e-flex e-con-boxed e-con e-parent\" data-id=\"8dde76b\" data-element_type=\"container\" data-e-type=\"container\" id=\"blog\">\n\t\t\t\t\t<div class=\"e-con-inner\">\n\t\t<div class=\"elementor-element elementor-element-aa7c565 e-con-full e-flex e-con e-child\" data-id=\"aa7c565\" data-element_type=\"container\" data-e-type=\"container\">\n\t\t<div class=\"elementor-element elementor-element-5fc97b5 e-con-full elementor-hidden-tablet elementor-hidden-mobile e-flex e-con e-child\" data-id=\"5fc97b5\" data-element_type=\"container\" data-e-type=\"container\">\n\t\t\t\t<div class=\"elementor-element elementor-element-c8037b3 exad-sticky-section-no exad-glass-effect-no elementor-widget elementor-widget-video\" data-id=\"c8037b3\" data-element_type=\"widget\" data-e-type=\"widget\" data-settings=\"{&quot;video_type&quot;:&quot;hosted&quot;,&quot;controls&quot;:&quot;yes&quot;}\" data-widget_type=\"video.default\">\n\t\t\t\t<div class=\"elementor-widget-container\">\n\t\t\t\t\t\t\t<div class=\"e-hosted-video elementor-wrapper elementor-open-inline\">\n\t\t\t\t\t<video class=\"elementor-video\" src=\"https:\/\/magnusmedical.ch\/wp-content\/uploads\/2023\/07\/Manifiesto-Agradecimiento-Enfermeras_1-2.mp4\" controls=\"\" preload=\"metadata\" controlsList=\"nodownload\"><\/video>\n\t\t\t\t<\/div>\n\t\t\t\t\t\t<\/div>\n\t\t\t\t<\/div>\n\t\t\t\t<\/div>\n\t\t\t\t<\/div>\n\t\t<div class=\"elementor-element elementor-element-f97cbbb e-con-full e-flex e-con e-child\" data-id=\"f97cbbb\" data-element_type=\"container\" data-e-type=\"container\">\n\t\t\t\t<div class=\"elementor-element elementor-element-03c0d15 elementor-widget-mobile__width-initial exad-sticky-section-no exad-glass-effect-no elementor-widget elementor-widget-hub_fancy_heading\" data-id=\"03c0d15\" data-element_type=\"widget\" data-e-type=\"widget\" data-widget_type=\"hub_fancy_heading.default\">\n\t\t\t\t<div class=\"elementor-widget-container\">\n\t\t\t\t\t\n\t\t<div id=\"ld-fancy-heading-69e095b63dc64\" class=\"ld-fancy-heading pos-rel\">\n\t\t\t<h2 class=\"ld-fh-element d-inline-block pos-rel  elementor-heading-title lqd-highlight-classic lqd-highlight-grow-left h2\"  > Un espacio pensado <br><span style=\"color:#4394DF\">en ti y en tu profesi\u00f3n<\/span><\/h2>\t\t<\/div>\n\n\t\t\t\t\t\t<\/div>\n\t\t\t\t<\/div>\n\t\t\t\t<div class=\"elementor-element elementor-element-5eaaaa8 elementor-hidden-desktop exad-sticky-section-no exad-glass-effect-no elementor-widget elementor-widget-video\" data-id=\"5eaaaa8\" data-element_type=\"widget\" data-e-type=\"widget\" data-settings=\"{&quot;video_type&quot;:&quot;hosted&quot;,&quot;controls&quot;:&quot;yes&quot;}\" data-widget_type=\"video.default\">\n\t\t\t\t<div class=\"elementor-widget-container\">\n\t\t\t\t\t\t\t<div class=\"e-hosted-video elementor-wrapper elementor-open-inline\">\n\t\t\t\t\t<video class=\"elementor-video\" src=\"https:\/\/magnusmedical.ch\/wp-content\/uploads\/2023\/07\/Manifiesto-Agradecimiento-Enfermeras_1-2.mp4\" controls=\"\" preload=\"metadata\" controlsList=\"nodownload\"><\/video>\n\t\t\t\t<\/div>\n\t\t\t\t\t\t<\/div>\n\t\t\t\t<\/div>\n\t\t\t\t<div class=\"elementor-element elementor-element-5a9f4ce elementor-widget__width-initial exad-sticky-section-no exad-glass-effect-no elementor-widget elementor-widget-hub_fancy_heading\" data-id=\"5a9f4ce\" data-element_type=\"widget\" data-e-type=\"widget\" data-widget_type=\"hub_fancy_heading.default\">\n\t\t\t\t<div class=\"elementor-widget-container\">\n\t\t\t\t\t\n\t\t<div id=\"ld-fancy-heading-69e095b63e22d\" class=\"ld-fancy-heading pos-rel\">\n\t\t\t<p class=\"ld-fh-element d-inline-block pos-rel  lqd-highlight-classic lqd-highlight-grow-left p\"  > Si ya haces parte de la comunidad \u00a1ingresa ya!, o si quieres empezar a vivir experiencias \u00fanicas \u00a1Inscr\u00edbete ahora!<\/p>\t\t<\/div>\n\n\t\t\t\t\t\t<\/div>\n\t\t\t\t<\/div>\n\t\t<div class=\"elementor-element elementor-element-6b44744 e-flex e-con-boxed e-con e-child\" data-id=\"6b44744\" data-element_type=\"container\" data-e-type=\"container\">\n\t\t\t\t\t<div class=\"e-con-inner\">\n\t\t\t\t<div class=\"elementor-element elementor-element-f59874f elementor-widget__width-auto elementor-widget-mobile__width-initial exad-sticky-section-no exad-glass-effect-no elementor-widget elementor-widget-ld_button\" data-id=\"f59874f\" data-element_type=\"widget\" data-e-type=\"widget\" data-widget_type=\"ld_button.default\">\n\t\t\t\t<div class=\"elementor-widget-container\">\n\t\t\t\t\t\n\t\t\t<a\n\t\t\t\thref=\"https:\/\/www.magnusmedical.ch\/es\/login-nurses\/\"class=\"elementor-button btn btn-solid btn-custom-size btn-icon-shaped btn-has-label\"\t\t\t>\n\t\t\t\t\t\t\t\t\t<span data-text=\"Ingresa aqu\u00ed\" class=\"btn-txt\">\n\t\t\t\t\t\tIngresa aqu\u00ed\t\t\t\t\t<\/span>\n\t\t\t\t\t\t\t\t\t\t\t<\/a>\n\t\t\t\t\t\t\t<\/div>\n\t\t\t\t<\/div>\n\t\t\t\t<div class=\"elementor-element elementor-element-11fddc0 elementor-widget__width-auto elementor-widget-mobile__width-initial exad-sticky-section-no exad-glass-effect-no elementor-widget elementor-widget-ld_button\" data-id=\"11fddc0\" data-element_type=\"widget\" data-e-type=\"widget\" data-widget_type=\"ld_button.default\">\n\t\t\t\t<div class=\"elementor-widget-container\">\n\t\t\t\t\t\n\t\t\t<a\n\t\t\t\thref=\"https:\/\/www.magnusmedical.ch\/es\/crear-cuenta-enfermeria\/\"class=\"elementor-button btn btn-solid btn-custom-size btn-icon-shaped btn-has-label\"\t\t\t>\n\t\t\t\t\t\t\t\t\t<span data-text=\"Inscr\u00edbete\" class=\"btn-txt\">\n\t\t\t\t\t\tInscr\u00edbete\t\t\t\t\t<\/span>\n\t\t\t\t\t\t\t\t\t\t\t<\/a>\n\t\t\t\t\t\t\t<\/div>\n\t\t\t\t<\/div>\n\t\t\t\t\t<\/div>\n\t\t\t\t<\/div>\n\t\t\t\t<\/div>\n\t\t<div class=\"elementor-element elementor-element-f8471ad e-con-full e-flex e-con e-child\" data-id=\"f8471ad\" data-element_type=\"container\" data-e-type=\"container\">\n\t\t\t\t<div class=\"elementor-element elementor-element-75798b5 elementor-widget__width-inherit exad-sticky-section-no exad-glass-effect-no elementor-widget elementor-widget-shortcode\" data-id=\"75798b5\" data-element_type=\"widget\" data-e-type=\"widget\" data-widget_type=\"shortcode.default\">\n\t\t\t\t<div class=\"elementor-widget-container\">\n\t\t\t\t\t\t\t<div class=\"elementor-shortcode\"><div id=\"psacp-post-carousel-wrap-1\" class=\"psacp-wrap psacp-post-carousel-wrap owl-carousel psacp-design-2 psacp-has-arrows psacp-clearfix\" data-conf=\"{&quot;slide_show&quot;:3,&quot;loop&quot;:true,&quot;arrows&quot;:true,&quot;dots&quot;:true,&quot;autoplay&quot;:true,&quot;autoplay_interval&quot;:5000,&quot;speed&quot;:500,&quot;slide_scroll&quot;:1,&quot;rtl&quot;:false}\"><div class=\"psacp-post-slide psacp-post-6358 psacp-post-standard psacp-has-thumb\">\r\n\t<div class=\"psacp-post-carousel-content\">\r\n\t\t\t\t<div class=\"psacp-post-img-bg\">\r\n\t\t\t<a href=\"https:\/\/www.magnusmedical.ch\/de\/bienvenidosas-al-blog-dejando-huella\/\">\r\n\t\t\t\t<img decoding=\"async\" src=\"https:\/\/www.magnusmedical.ch\/wp-content\/uploads\/2023\/05\/joven-enfermera-escribiendo-portapapeles-500x500.jpg\" alt=\"Bienvenidos(as) al Blog Dejando Huella\" \/>\r\n\t\t\t\t\t\t\t<\/a>\r\n\t\t<\/div>\r\n\t\t\t\t<div class=\"psacp-post-margin-content\">\r\n\t\t\t\r\n\t\t\t<h2 class=\"psacp-post-title\">\r\n\t\t\t\t<a href=\"https:\/\/www.magnusmedical.ch\/de\/bienvenidosas-al-blog-dejando-huella\/\">Bienvenidos(as) al Blog Dejando Huella<\/a>\r\n\t\t\t<\/h2>\r\n\r\n\t\t\t\t\t<\/div>\r\n\t<\/div>\r\n<\/div><div class=\"psacp-post-slide psacp-post-4300 psacp-post-standard psacp-has-thumb\">\r\n\t<div class=\"psacp-post-carousel-content\">\r\n\t\t\t\t<div class=\"psacp-post-img-bg\">\r\n\t\t\t<a href=\"https:\/\/www.magnusmedical.ch\/de\/post-public-2\/\">\r\n\t\t\t\t<img decoding=\"async\" src=\"https:\/\/www.magnusmedical.ch\/wp-content\/uploads\/2023\/10\/concepto-salud-estetoscopio-ventosas-mano-scaled-500x500.jpg\" alt=\"Cuida tu Coraz\u00f3n y el de tus Pacientes: D\u00eda Mundial del Coraz\u00f3n\" \/>\r\n\t\t\t\t\t\t\t<\/a>\r\n\t\t<\/div>\r\n\t\t\t\t<div class=\"psacp-post-margin-content\">\r\n\t\t\t\r\n\t\t\t<h2 class=\"psacp-post-title\">\r\n\t\t\t\t<a href=\"https:\/\/www.magnusmedical.ch\/de\/post-public-2\/\">Cuida tu Coraz\u00f3n y el de tus Pacientes: D\u00eda Mundial del Coraz\u00f3n<\/a>\r\n\t\t\t<\/h2>\r\n\r\n\t\t\t\t\t<\/div>\r\n\t<\/div>\r\n<\/div><div class=\"psacp-post-slide psacp-post-4296 psacp-post-standard psacp-has-thumb\">\r\n\t<div class=\"psacp-post-carousel-content\">\r\n\t\t\t\t<div class=\"psacp-post-img-bg\">\r\n\t\t\t<a href=\"https:\/\/www.magnusmedical.ch\/de\/post-public-3\/\">\r\n\t\t\t\t<img decoding=\"async\" src=\"https:\/\/www.magnusmedical.ch\/wp-content\/uploads\/2023\/05\/doctora-asiatica-alienta-apoya-paciente-cansora-despues-consultar-examinar-concepto-ideas-salud-hospital-clinico-500x500.jpg\" alt=\"Priorizando la Seguridad del Paciente: Un Compromiso Inquebrantable\" \/>\r\n\t\t\t\t\t\t\t<\/a>\r\n\t\t<\/div>\r\n\t\t\t\t<div class=\"psacp-post-margin-content\">\r\n\t\t\t\r\n\t\t\t<h2 class=\"psacp-post-title\">\r\n\t\t\t\t<a href=\"https:\/\/www.magnusmedical.ch\/de\/post-public-3\/\">Priorizando la Seguridad del Paciente: Un Compromiso Inquebrantable<\/a>\r\n\t\t\t<\/h2>\r\n\r\n\t\t\t\t\t<\/div>\r\n\t<\/div>\r\n<\/div><div class=\"psacp-post-slide psacp-post-4284 psacp-post-standard psacp-has-thumb\">\r\n\t<div class=\"psacp-post-carousel-content\">\r\n\t\t\t\t<div class=\"psacp-post-img-bg\">\r\n\t\t\t<a href=\"https:\/\/www.magnusmedical.ch\/de\/titulo-post-6\/\">\r\n\t\t\t\t<img decoding=\"async\" src=\"https:\/\/www.magnusmedical.ch\/wp-content\/uploads\/2023\/05\/medium-shot-nurses-wearing-masks-500x500.jpg\" alt=\"Primera C\u00e1psula de Crecimiento Personal\" \/>\r\n\t\t\t\t\t\t\t<\/a>\r\n\t\t<\/div>\r\n\t\t\t\t<div class=\"psacp-post-margin-content\">\r\n\t\t\t\r\n\t\t\t<h2 class=\"psacp-post-title\">\r\n\t\t\t\t<a href=\"https:\/\/www.magnusmedical.ch\/de\/titulo-post-6\/\">Primera C\u00e1psula de Crecimiento Personal<\/a>\r\n\t\t\t<\/h2>\r\n\r\n\t\t\t\t\t<\/div>\r\n\t<\/div>\r\n<\/div><\/div><\/div>\n\t\t\t\t\t\t<\/div>\n\t\t\t\t<\/div>\n\t\t\t\t<\/div>\n\t\t\t\t\t<\/div>\n\t\t\t\t<\/div>\n\t\t\t\t<\/div>\n\t\t","protected":false},"excerpt":{"rendered":"<p>Comunidad enfermeras Dejando Huella https:\/\/magnusmedical.ch\/wp-content\/uploads\/2023\/07\/Manifiesto-Agradecimiento-Enfermeras_1-2.mp4 Un espacio pensado en ti y en tu profesi\u00f3n https:\/\/magnusmedical.ch\/wp-content\/uploads\/2023\/07\/Manifiesto-Agradecimiento-Enfermeras_1-2.mp4 Si ya haces parte de la comunidad \u00a1ingresa ya!, o si quieres empezar a vivir experiencias \u00fanicas \u00a1Inscr\u00edbete ahora! Ingresa aqu\u00ed Inscr\u00edbete<\/p>\n","protected":false},"author":2,"featured_media":0,"parent":0,"menu_order":0,"comment_status":"closed","ping_status":"closed","template":"","meta":{"_seopress_robots_primary_cat":"","_seopress_titles_title":"","_seopress_titles_desc":"","_seopress_robots_index":"","footnotes":""},"class_list":["post-2289","page","type-page","status-publish","hentry"],"_links":{"self":[{"href":"https:\/\/www.magnusmedical.ch\/de\/wp-json\/wp\/v2\/pages\/2289","targetHints":{"allow":["GET"]}}],"collection":[{"href":"https:\/\/www.magnusmedical.ch\/de\/wp-json\/wp\/v2\/pages"}],"about":[{"href":"https:\/\/www.magnusmedical.ch\/de\/wp-json\/wp\/v2\/types\/page"}],"author":[{"embeddable":true,"href":"https:\/\/www.magnusmedical.ch\/de\/wp-json\/wp\/v2\/users\/2"}],"replies":[{"embeddable":true,"href":"https:\/\/www.magnusmedical.ch\/de\/wp-json\/wp\/v2\/comments?post=2289"}],"version-history":[{"count":0,"href":"https:\/\/www.magnusmedical.ch\/de\/wp-json\/wp\/v2\/pages\/2289\/revisions"}],"wp:attachment":[{"href":"https:\/\/www.magnusmedical.ch\/de\/wp-json\/wp\/v2\/media?parent=2289"}],"curies":[{"name":"wp","href":"https:\/\/api.w.org\/{rel}","templated":true}]}}