{"id":2195,"date":"2023-05-24T15:03:12","date_gmt":"2023-05-24T15:03:12","guid":{"rendered":"https:\/\/magnusmedical.ch\/contacto\/"},"modified":"2026-01-09T15:21:23","modified_gmt":"2026-01-09T15:21:23","slug":"contacto","status":"publish","type":"page","link":"https:\/\/www.magnusmedical.ch\/de\/contacto\/","title":{"rendered":"Kontakt"},"content":{"rendered":"\t\t<div data-elementor-type=\"wp-page\" data-elementor-id=\"2195\" class=\"elementor elementor-2195 elementor-1929\" data-elementor-post-type=\"page\">\n\t\t\t\t<div class=\"elementor-element elementor-element-b93665a e-flex e-con-boxed e-con e-parent\" data-id=\"b93665a\" data-element_type=\"container\" data-e-type=\"container\" data-settings=\"{&quot;background_background&quot;:&quot;classic&quot;}\">\n\t\t\t\t\t<div class=\"e-con-inner\">\n\t\t\t\t<div class=\"elementor-element elementor-element-744ca17 exad-sticky-section-no exad-glass-effect-no elementor-widget elementor-widget-hub_fancy_heading\" data-id=\"744ca17\" data-element_type=\"widget\" data-e-type=\"widget\" data-widget_type=\"hub_fancy_heading.default\">\n\t\t\t\t<div class=\"elementor-widget-container\">\n\t\t\t\t\t\n\t\t<div id=\"ld-fancy-heading-69e09fa03a8f2\" class=\"ld-fancy-heading pos-rel\">\n\t\t\t<h2 class=\"ld-fh-element d-inline-block pos-rel  elementor-heading-title lqd-highlight-classic lqd-highlight-grow-left h2\"  > Kontakt<\/h2>\t\t<\/div>\n\n\t\t\t\t\t\t<\/div>\n\t\t\t\t<\/div>\n\t\t\t\t<div class=\"elementor-element elementor-element-aaaa115 elementor-align-center exad-sticky-section-no exad-glass-effect-no elementor-widget elementor-widget-ld_button\" data-id=\"aaaa115\" data-element_type=\"widget\" data-e-type=\"widget\" data-widget_type=\"ld_button.default\">\n\t\t\t\t<div class=\"elementor-widget-container\">\n\t\t\t\t\t\n\t\t\t<a\n\t\t\t\thref=\"#contacto_section\"class=\"elementor-button btn btn-solid btn-custom-size btn-icon-block btn-no-label\"\t\t\t>\n\t\t\t\t\t\t\t\t\t\t\t\t\t\t<span class=\"btn-icon\">\n\t\t\t\t\t\t\t<i aria-hidden=\"true\" class=\"lqd-icn-ess icon-ion-ios-arrow-down\"><\/i>\t\t\t\t\t\t<\/span>\n\t\t\t\t\t\t\t\t\t<\/a>\n\t\t\t\t\t\t\t<\/div>\n\t\t\t\t<\/div>\n\t\t\t\t\t<\/div>\n\t\t\t\t<\/div>\n\t\t<div class=\"elementor-element elementor-element-228644fb e-flex e-con-boxed e-con e-parent\" data-id=\"228644fb\" data-element_type=\"container\" data-e-type=\"container\" id=\"contacto_section\">\n\t\t\t\t\t<div class=\"e-con-inner\">\n\t\t<div class=\"elementor-element elementor-element-3dd20f4d e-con-full elementor-hidden-tablet e-flex e-con e-child\" data-id=\"3dd20f4d\" data-element_type=\"container\" data-e-type=\"container\" data-settings=\"{&quot;background_background&quot;:&quot;classic&quot;}\">\n\t\t\t\t<\/div>\n\t\t<div class=\"elementor-element elementor-element-427d888 e-con-full e-flex e-con e-child\" data-id=\"427d888\" data-element_type=\"container\" data-e-type=\"container\" id=\"formulario1\" data-settings=\"{&quot;background_background&quot;:&quot;classic&quot;}\">\n\t\t\t\t<div class=\"elementor-element elementor-element-1d783d05 elementor-widget-mobile__width-initial exad-sticky-section-no exad-glass-effect-no elementor-widget elementor-widget-shortcode\" data-id=\"1d783d05\" data-element_type=\"widget\" data-e-type=\"widget\" data-widget_type=\"shortcode.default\">\n\t\t\t\t<div class=\"elementor-widget-container\">\n\t\t\t\t\t\t\t<div class=\"elementor-shortcode\"><div class='fluentform ff-default fluentform_wrapper_3 ffs_default_wrap'><form data-form_id=\"3\" id=\"fluentform_3\" class=\"frm-fluent-form fluent_form_3 ff-el-form-top ff_form_instance_3_1 ff-form-loading ffs_default\" data-form_instance=\"ff_form_instance_3_1\" method=\"POST\" ><fieldset  style=\"border: none!important;margin: 0!important;padding: 0!important;background-color: transparent!important;box-shadow: none!important;outline: none!important; min-inline-size: 100%;\">\n                    <legend class=\"ff_screen_reader_title\" style=\"display: block; margin: 0!important;padding: 0!important;height: 0!important;text-indent: -999999px;width: 0!important;overflow:hidden;\">Formulario Spanish<\/legend><input type='hidden' name='__fluent_form_embded_post_id' value='2195' \/><input type=\"hidden\" id=\"_fluentform_3_fluentformnonce\" name=\"_fluentform_3_fluentformnonce\" value=\"22ac8770ed\" \/><input type=\"hidden\" name=\"_wp_http_referer\" value=\"\/de\/wp-json\/wp\/v2\/pages\/2195\" \/><div data-name=\"ff_cn_id_1\"  class='ff-t-container ff-column-container ff_columns_total_2 '><div class='ff-t-cell ff-t-column-1' style='flex-basis: 50%;'><div data-type=\"name-element\" data-name=\"names\" class=\" ff-field_container ff-name-field-wrapper\" ><div class='ff-t-container'><div class='ff-t-cell '><div class='ff-el-group  ff-el-form-top'><div class=\"ff-el-input--label ff-el-is-required asterisk-right\"><label for='ff_3_names_first_name_' id='label_ff_3_names_first_name_' >Nombres*<\/label><\/div><div class='ff-el-input--content'><input type=\"text\" name=\"names[first_name]\" id=\"ff_3_names_first_name_\" class=\"ff-el-form-control\" aria-invalid=\"false\" aria-required=true><\/div><\/div><\/div><\/div><\/div><\/div><div class='ff-t-cell ff-t-column-2' style='flex-basis: 50%;'><div data-type=\"name-element\" data-name=\"names_1\" class=\" ff-field_container ff-name-field-wrapper\" ><div class='ff-t-container'><div class='ff-t-cell '><div class='ff-el-group  ff-el-form-top'><div class=\"ff-el-input--label ff-el-is-required asterisk-right\"><label for='ff_3_names_1_last_name_' id='label_ff_3_names_1_last_name_' >Apellidos*<\/label><\/div><div class='ff-el-input--content'><input type=\"text\" name=\"names_1[last_name]\" id=\"ff_3_names_1_last_name_\" class=\"ff-el-form-control\" aria-invalid=\"false\" aria-required=true><\/div><\/div><\/div><\/div><\/div><\/div><\/div><div data-name=\"ff_cn_id_2\"  class='ff-t-container ff-column-container ff_columns_total_1 '><div class='ff-t-cell ff-t-column-1' style='flex-basis: 100%;'><div class='ff-el-group'><div class=\"ff-el-input--label ff-el-is-required asterisk-right\"><label for='ff_3_input_text' id='label_ff_3_input_text' aria-label=\"Empresa\/Entidad\/Organizaci\u00f3n*\">Empresa\/Entidad\/Organizaci\u00f3n*<\/label><\/div><div class='ff-el-input--content'><input type=\"text\" name=\"input_text\" class=\"ff-el-form-control\" data-name=\"input_text\" id=\"ff_3_input_text\"  aria-invalid=\"false\" aria-required=true><\/div><\/div><\/div><\/div><div data-name=\"ff_cn_id_3\"  class='ff-t-container ff-column-container ff_columns_total_2 '><div class='ff-t-cell ff-t-column-1' style='flex-basis: 50%;'><div class='ff-el-group ff-el-form-top'><div class=\"ff-el-input--label ff-el-is-required asterisk-right\"><label for='ff_3_phone' id='label_ff_3_phone' aria-label=\"N\u00famero de celular\/M\u00f3vil*\">N\u00famero de celular\/M\u00f3vil*<\/label><\/div><div class='ff-el-input--content'><input name=\"phone\" class=\"ff-el-form-control ff-el-phone ff_el_with_extended_validation\" type=\"tel\" data-name=\"phone\" id=\"ff_3_phone\" inputmode=\"tel\"  aria-invalid='false' aria-required=true><\/div><\/div><\/div><div class='ff-t-cell ff-t-column-2' style='flex-basis: 50%;'><div class='ff-el-group'><div class=\"ff-el-input--label ff-el-is-required asterisk-right\"><label for='ff_3_email' id='label_ff_3_email' aria-label=\"Direcci\u00f3n de correo electr\u00f3nico*\">Direcci\u00f3n de correo electr\u00f3nico*<\/label><\/div><div class='ff-el-input--content'><input type=\"email\" name=\"email\" id=\"ff_3_email\" class=\"ff-el-form-control\" data-name=\"email\"  aria-invalid=\"false\" aria-required=true><\/div><\/div><\/div><\/div><div data-name=\"ff_cn_id_4\"  class='ff-t-container ff-column-container ff_columns_total_2 '><div class='ff-t-cell ff-t-column-1' style='flex-basis: 50%;'><div class='ff-el-group'><div class=\"ff-el-input--label ff-el-is-required asterisk-right\"><label for='ff_3_country-list' id='label_ff_3_country-list' aria-label=\"Pa\u00eds*\">Pa\u00eds*<\/label><\/div><div class='ff-el-input--content'><select name=\"country-list\" id=\"ff_3_country-list\" class=\"ff-el-form-control\" placeholder=\"Selecciona Pa\u00eds\" data-name=\"country-list\" aria-invalid='false' aria-required=true><option value=''>Selecciona Pa\u00eds<\/option><option value='AF' >Afghanistan<\/option><option value='AL' >Albanien<\/option><option value='DZ' >Algerien<\/option><option value='AS' >Amerikanisch-Samoa<\/option><option value='VI' >Amerikanische Jungferninseln<\/option><option value='AD' >Andorra<\/option><option value='AO' >Angola<\/option><option value='AI' >Anguilla<\/option><option value='AQ' >Antarktika<\/option><option value='AG' >Antigua und Barbuda<\/option><option value='AR' >Argentinien<\/option><option value='AM' >Armenien<\/option><option value='AW' >Aruba<\/option><option value='AZ' >Aserbaidschan<\/option><option value='AU' >Australien<\/option><option value='BS' >Bahamas<\/option><option value='BH' >Bahrain<\/option><option value='BD' >Bangladesch<\/option><option value='BB' >Barbados<\/option><option value='BY' >Belarus<\/option><option value='BE' >Belgien<\/option><option value='BZ' >Belize<\/option><option value='BJ' >Benin<\/option><option value='BM' >Bermuda<\/option><option value='BT' >Bhutan<\/option><option value='BO' >Bolivien<\/option><option value='BQ' >Bonaire, Sint Eustatius und Saba<\/option><option value='BA' >Bosnien und Herzegowina<\/option><option value='BW' >Botswana<\/option><option value='BV' >Bouvetinsel<\/option><option value='BR' >Brasilien<\/option><option value='VG' >Britische Jungferninseln<\/option><option value='IO' >Britisches Territorium im Indischen Ozean<\/option><option value='BN' >Brunei<\/option><option value='BG' >Bulgarien<\/option><option value='BF' >Burkina Faso<\/option><option value='BI' >Burundi<\/option><option value='CV' >Cabo Verde<\/option><option value='CL' >Chile<\/option><option value='CN' >China<\/option><option value='CK' >Cookinseln<\/option><option value='CR' >Costa Rica<\/option><option value='CW' >Cura\u00e7ao<\/option><option value='CD' >Democratic Republic of the Congo (Kinshasa)<\/option><option value='DE' >Deutschland<\/option><option value='DM' >Dominica<\/option><option value='DO' >Dominikanische Republik<\/option><option value='DJ' >Dschibuti<\/option><option value='DK' >D\u00e4nemark<\/option><option value='EC' >Ecuador<\/option><option value='SV' >El Salvador<\/option><option value='CI' >Elfenbeink\u00fcste<\/option><option value='ER' >Eritrea<\/option><option value='EE' >Estland<\/option><option value='SZ' >Eswatini<\/option><option value='FK' >Falklandinseln<\/option><option value='FJ' >Fidschi<\/option><option value='FI' >Finnland<\/option><option value='FR' >Frankreich<\/option><option value='GF' >Franz\u00f6sisch-Guayana<\/option><option value='PF' >Franz\u00f6sisch-Polynesien<\/option><option value='TF' >Franz\u00f6sische S\u00fcd- und Antarktisgebiete<\/option><option value='FO' >F\u00e4r\u00f6er<\/option><option value='GA' >Gabun<\/option><option value='GM' >Gambia<\/option><option value='GE' >Georgien<\/option><option value='GH' >Ghana<\/option><option value='GI' >Gibraltar<\/option><option value='GD' >Grenada<\/option><option value='GR' >Griechenland<\/option><option value='GL' >Gr\u00f6nland<\/option><option value='GP' >Guadeloupe<\/option><option value='GU' >Guam<\/option><option value='GT' >Guatemala<\/option><option value='GG' >Guernsey<\/option><option value='GN' >Guinea<\/option><option value='GW' >Guinea-Bissau<\/option><option value='GY' >Guyana<\/option><option value='HT' >Haiti<\/option><option value='HM' >Heard und McDonaldinseln<\/option><option value='HN' >Honduras<\/option><option value='HK' >Hongkong<\/option><option value='IN' >Indien<\/option><option value='ID' >Indonesien<\/option><option value='IQ' >Irak<\/option><option value='IR' >Iran<\/option><option value='IE' >Irland<\/option><option value='IS' >Island<\/option><option value='IM' >Isle of Man<\/option><option value='IL' >Israel<\/option><option value='IT' >Italien<\/option><option value='JM' >Jamaika<\/option><option value='JP' >Japan<\/option><option value='YE' >Jemen<\/option><option value='JE' >Jersey<\/option><option value='JO' >Jordanien<\/option><option value='KY' >Kaimaninseln<\/option><option value='KH' >Kambodscha<\/option><option value='CM' >Kamerun<\/option><option value='CA' >Kanada<\/option><option value='KZ' >Kasachstan<\/option><option value='QA' >Katar<\/option><option value='KE' >Kenia<\/option><option value='KG' >Kirgisistan<\/option><option value='KI' >Kiribati<\/option><option value='CC' >Kokosinseln (Keelinginseln)<\/option><option value='CO' >Kolumbien<\/option><option value='KM' >Komoren<\/option><option value='XK' >Kosovo<\/option><option value='HR' >Kroatien<\/option><option value='CU' >Kuba<\/option><option value='KW' >Kuwait<\/option><option value='LA' >Laos<\/option><option value='LS' >Lesotho<\/option><option value='LV' >Lettland<\/option><option value='LB' >Libanon<\/option><option value='LR' >Liberia<\/option><option value='LY' >Libyen<\/option><option value='LI' >Liechtenstein<\/option><option value='LT' >Litauen<\/option><option value='LU' >Luxemburg<\/option><option value='MO' >Macao, China<\/option><option value='MG' >Madagaskar<\/option><option value='MW' >Malawi<\/option><option value='MY' >Malaysia<\/option><option value='MV' >Malediven<\/option><option value='ML' >Mali<\/option><option value='MT' >Malta<\/option><option value='MA' >Marokko<\/option><option value='MH' >Marshallinseln<\/option><option value='MQ' >Martinique<\/option><option value='MR' >Mauretanien<\/option><option value='MU' >Mauritius<\/option><option value='YT' >Mayotte<\/option><option value='MX' >Mexiko<\/option><option value='FM' >Mikronesien<\/option><option value='MD' >Moldau<\/option><option value='MC' >Monaco<\/option><option value='MN' >Mongolei<\/option><option value='ME' >Montenegro<\/option><option value='MS' >Montserrat<\/option><option value='MZ' >Mosambik<\/option><option value='MM' >Myanmar<\/option><option value='NA' >Namibia<\/option><option value='NR' >Nauru<\/option><option value='NP' >Nepal<\/option><option value='NC' >Neukaledonien<\/option><option value='NZ' >Neuseeland<\/option><option value='NI' >Nicaragua<\/option><option value='NL' >Niederlande<\/option><option value='NE' >Niger<\/option><option value='NG' >Nigeria<\/option><option value='NU' >Niue<\/option><option value='KP' >Nordkorea<\/option><option value='NF' >Norfolkinsel<\/option><option value='MK' >North Macedonia<\/option><option value='NO' >Norwegen<\/option><option value='MP' >N\u00f6rdliche Marianen<\/option><option value='OM' >Oman<\/option><option value='TL' >Osttimor<\/option><option value='PK' >Pakistan<\/option><option value='PW' >Palau<\/option><option value='PS' >Pal\u00e4stinensische Autonomiegebiete<\/option><option value='PA' >Panama<\/option><option value='PG' >Papua-Neuguinea<\/option><option value='PY' >Paraguay<\/option><option value='PE' >Peru<\/option><option value='PH' >Philippinen<\/option><option value='PN' >Pitcairninseln<\/option><option value='PL' >Polen<\/option><option value='PT' >Portugal<\/option><option value='PR' >Puerto Rico<\/option><option value='CG' >Republic of the Congo (Brazzaville)<\/option><option value='RW' >Ruanda<\/option><option value='RO' >Rum\u00e4nien<\/option><option value='RU' >Russland<\/option><option value='RE' >R\u00e9union<\/option><option value='BL' >Saint Barth\u00e9lemy<\/option><option value='SX' >Saint Martin (niederl\u00e4ndischer Teil)<\/option><option value='PM' >Saint-Pierre und Miquelon<\/option><option value='SB' >Salomonen<\/option><option value='ZM' >Sambia<\/option><option value='WS' >Samoa<\/option><option value='SM' >San Marino<\/option><option value='ST' >Sao Tome and Principe<\/option><option value='SA' >Saudi-Arabien<\/option><option value='SE' >Schweden<\/option><option value='CH' >Schweiz<\/option><option value='SN' >Senegal<\/option><option value='RS' >Serbien<\/option><option value='SC' >Seychellen<\/option><option value='SL' >Sierra Leone<\/option><option value='ZW' >Simbabwe<\/option><option value='SG' >Singapur<\/option><option value='SK' >Slowakei<\/option><option value='SI' >Slowenien<\/option><option value='SO' >Somalia<\/option><option value='ES' >Spanien<\/option><option value='SJ' >Spitzbergen und Jan Mayen<\/option><option value='LK' >Sri Lanka<\/option><option value='SH' >St. Helena<\/option><option value='KN' >St. Kitts und Nevis<\/option><option value='LC' >St. Lucia<\/option><option value='MF' >St. Martin (Frankreich)<\/option><option value='VC' >St. Vincent und die Grenadinen<\/option><option value='SD' >Sudan<\/option><option value='SR' >Surinam<\/option><option value='SY' >Syrien<\/option><option value='ZA' >S\u00fcdafrika<\/option><option value='GS' >S\u00fcdgeorgien\/Sandwichinseln<\/option><option value='KR' >S\u00fcdkorea<\/option><option value='SS' >S\u00fcdsudan<\/option><option value='TJ' >Tadschikistan<\/option><option value='TW' >Taiwan<\/option><option value='TZ' >Tansania<\/option><option value='TH' >Thailand<\/option><option value='TG' >Togo<\/option><option value='TK' >Tokelau<\/option><option value='TO' >Tonga<\/option><option value='TT' >Trinidad und Tobago<\/option><option value='TD' >Tschad<\/option><option value='CZ' >Tschechien<\/option><option value='TN' >Tunesien<\/option><option value='TM' >Turkmenistan<\/option><option value='TC' >Turks- und Caicosinseln<\/option><option value='TV' >Tuvalu<\/option><option value='TR' >T\u00fcrkiye<\/option><option value='UG' >Uganda<\/option><option value='UA' >Ukraine<\/option><option value='HU' >Ungarn<\/option><option value='UM' >United States (US) Minor Outlying Islands<\/option><option value='UY' >Uruguay<\/option><option value='UZ' >Usbekistan<\/option><option value='VU' >Vanuatu<\/option><option value='VA' >Vatikanstadt<\/option><option value='VE' >Venezuela<\/option><option value='AE' >Vereinigte Arabische Emirate<\/option><option value='US' >Vereinigte Staaten von Amerika (USA)<\/option><option value='GB' >Vereinigtes K\u00f6nigreich<\/option><option value='VN' >Vietnam<\/option><option value='WF' >Wallis und Futuna<\/option><option value='CX' >Weihnachtsinsel<\/option><option value='EH' >Westsahara<\/option><option value='CF' >Zentralafrikanische Republik<\/option><option value='CY' >Zypern<\/option><option value='EG' >\u00c4gypten<\/option><option value='GQ' >\u00c4quatorialguinea<\/option><option value='ET' >\u00c4thiopien<\/option><option value='AX' >\u00c5landinseln<\/option><option value='AT' >\u00d6sterreich<\/option><\/select><\/div><\/div><\/div><div class='ff-t-cell ff-t-column-2' style='flex-basis: 50%;'><div class='ff-el-group segmento'><div class=\"ff-el-input--label ff-el-is-required asterisk-right\"><label for='ff_3_dropdown' id='label_ff_3_dropdown' aria-label=\"Segmento al que perteneces*\">Segmento al que perteneces*<\/label><\/div><div class='ff-el-input--content'><select name=\"dropdown\" id=\"ff_3_dropdown\" class=\"ff-el-form-control\" data-name=\"dropdown\" data-calc_value=\"0\"  aria-invalid=\"false\" aria-required=\"true\" aria-labelledby=\"label_ff_3_dropdown\"><option value=\"\">Selecciona segmento<\/option><option value=\"Entidad de salud\"  >Entidad de salud<\/option><option value=\"Distribuidor\"  >Distribuidor<\/option><option value=\"Proveedor\"  >Proveedor<\/option><\/select><\/div><\/div><\/div><\/div><div class='ff-el-group'><div class=\"ff-el-input--label asterisk-right\"><label for='ff_3_description' id='label_ff_3_description' aria-label=\"D\u00e9janos tu mensaje*\">D\u00e9janos tu mensaje*<\/label><\/div><div class='ff-el-input--content'><textarea aria-required=\"false\" aria-labelledby=\"label_ff_3_description\" name=\"description\" id=\"ff_3_description\" class=\"ff-el-form-control\" placeholder=\"Cu\u00e9ntanos m\u00e1s acerca de tu solicitud\" rows=\"3\" cols=\"2\" data-name=\"description\" ><\/textarea><\/div><\/div><div class='ff-el-group    ff-el-input--content'><div class='ff-el-form-check ff-el-tc'><label aria-label='Terms and Conditions: He le\u00eddo y estoy de acuerdo con las Pol\u00edtica de protecci\u00f3n de datos Contains 1 link. Use tab navigation to review.' class='ff-el-form-check-label ff_tc_label' for=terms-n-condition_dd11a5c7691e8befc0fe79f09eeeaa25><span class='ff_tc_checkbox'><input type=\"checkbox\" name=\"terms-n-condition\" class=\"ff-el-form-check-input\" data-name=\"terms-n-condition\" id=\"terms-n-condition_dd11a5c7691e8befc0fe79f09eeeaa25\"  value='on' aria-invalid='false' aria-required=true><\/span> <div class='ff_t_c'><p>He le\u00eddo y estoy de acuerdo con las <a class=\"link_form\" href=\"\/wp-content\/uploads\/2023\/07\/TCG-Magnus-Medical-GmbH_ESP.pdf\">Pol\u00edtica de protecci\u00f3n de datos<\/a><\/p><\/div><\/label><\/div><\/div><div class='ff-el-group ' ><div class='ff-el-input--content'><div data-fluent_id='3' name='h-captcha-response'><div\n\t\tdata-sitekey='84fefe4a-7cb8-4782-96fa-b5ac2eb807b4'\n\t\tid='fluentform-hcaptcha-3-1'\n\t\tclass='ff-el-hcaptcha h-captcha'><\/div><\/div><\/div><\/div><div class='ff-el-group ff-text-center ff_submit_btn_wrapper'><button type=\"submit\" class=\"ff-btn ff-btn-submit ff-btn-md ff_btn_style wpf_has_custom_css\"  aria-label=\"Enviar\">Enviar<\/button><\/div><\/fieldset><\/form><div id='fluentform_3_errors' class='ff-errors-in-stack ff_form_instance_3_1 ff-form-loading_errors ff_form_instance_3_1_errors'><\/div><\/div>            <script type=\"text\/javascript\">\n                window.fluent_form_ff_form_instance_3_1 = {\"id\":\"3\",\"settings\":{\"layout\":{\"labelPlacement\":\"top\",\"helpMessagePlacement\":\"with_label\",\"errorMessagePlacement\":\"inline\",\"asteriskPlacement\":\"asterisk-right\"},\"restrictions\":{\"denyEmptySubmission\":{\"enabled\":false}}},\"form_instance\":\"ff_form_instance_3_1\",\"form_id_selector\":\"fluentform_3\",\"rules\":{\"names[first_name]\":{\"required\":{\"value\":true,\"message\":\"Este campo es obligatorio\",\"global\":false,\"global_message\":\"Este campo es obligatorio\"}},\"names[middle_name]\":{\"required\":{\"value\":false,\"message\":\"This field is required\",\"global\":false,\"global_message\":\"Este campo es obligatorio\"}},\"names[last_name]\":{\"required\":{\"value\":false,\"message\":\"This field is required\",\"global\":false,\"global_message\":\"Este campo es obligatorio\"}},\"names_1[first_name]\":{\"required\":{\"value\":true,\"message\":\"Este campo es obligatorio\",\"global\":false,\"global_message\":\"Este campo es obligatorio\"}},\"names_1[middle_name]\":{\"required\":{\"value\":false,\"message\":\"This field is required\",\"global\":false,\"global_message\":\"Este campo es obligatorio\"}},\"names_1[last_name]\":{\"required\":{\"value\":true,\"message\":\"This field is required\",\"global\":false,\"global_message\":\"Este campo es obligatorio\"}},\"input_text\":{\"required\":{\"value\":true,\"message\":\"Este campo es obligatorio\",\"global\":false,\"global_message\":\"Este campo es obligatorio\"}},\"phone\":{\"required\":{\"value\":true,\"message\":\"Este campo es obligatorio\",\"global\":false,\"global_message\":\"Este campo es obligatorio\"},\"valid_phone_number\":{\"value\":true,\"message\":\"El n\\u00famero de tel\\u00e9fono no es v\\u00e1lido\",\"global\":false,\"global_message\":\"Phone number is not valid\"}},\"email\":{\"required\":{\"value\":true,\"message\":\"Este campo es obligatorio\",\"global\":false,\"global_message\":\"Este campo es obligatorio\"},\"email\":{\"value\":true,\"message\":\"Este campo debe contener un correo electr\\u00f3nico v\\u00e1lido\",\"global\":false,\"global_message\":\"Este campo debe contener un correo electr\\u00f3nico v\\u00e1lido\"}},\"country-list\":{\"required\":{\"value\":true,\"message\":\"Este campo es obligatorio\",\"global\":false,\"global_message\":\"Este campo es obligatorio\"}},\"dropdown\":{\"required\":{\"value\":true,\"message\":\"Este campo es obligatorio\",\"global\":false,\"global_message\":\"Este campo es obligatorio\"}},\"description\":{\"required\":{\"value\":false,\"message\":\"Este campo es obligatorio\",\"global\":false,\"global_message\":\"Este campo es obligatorio\"}},\"terms-n-condition\":{\"required\":{\"value\":true,\"message\":\"Este campo es obligatorio\",\"global\":false,\"global_message\":\"Este campo es obligatorio\"}},\"h-captcha-response\":[]},\"debounce_time\":300};\n                            <\/script>\n            <\/div>\n\t\t\t\t\t\t<\/div>\n\t\t\t\t<\/div>\n\t\t\t\t<\/div>\n\t\t\t\t\t<\/div>\n\t\t\t\t<\/div>\n\t\t\t\t<\/div>\n\t\t","protected":false},"excerpt":{"rendered":"<p>Kontakt<\/p>\n","protected":false},"author":2,"featured_media":0,"parent":0,"menu_order":0,"comment_status":"closed","ping_status":"closed","template":"","meta":{"_seopress_robots_primary_cat":"","_seopress_titles_title":"%%post_title%% %%sep%% %%sitetitle%%","_seopress_titles_desc":"Bei Magnus Medical stehen wir Ihnen jederzeit gerne zur Verf\u00fcgung und beantworten alle Ihre Fragen. Klicken Sie hier und senden Sie uns eine E-Mail mit Ihrer Anfrage.","_seopress_robots_index":"","footnotes":""},"class_list":["post-2195","page","type-page","status-publish","hentry"],"_links":{"self":[{"href":"https:\/\/www.magnusmedical.ch\/de\/wp-json\/wp\/v2\/pages\/2195","targetHints":{"allow":["GET"]}}],"collection":[{"href":"https:\/\/www.magnusmedical.ch\/de\/wp-json\/wp\/v2\/pages"}],"about":[{"href":"https:\/\/www.magnusmedical.ch\/de\/wp-json\/wp\/v2\/types\/page"}],"author":[{"embeddable":true,"href":"https:\/\/www.magnusmedical.ch\/de\/wp-json\/wp\/v2\/users\/2"}],"replies":[{"embeddable":true,"href":"https:\/\/www.magnusmedical.ch\/de\/wp-json\/wp\/v2\/comments?post=2195"}],"version-history":[{"count":2,"href":"https:\/\/www.magnusmedical.ch\/de\/wp-json\/wp\/v2\/pages\/2195\/revisions"}],"predecessor-version":[{"id":7429,"href":"https:\/\/www.magnusmedical.ch\/de\/wp-json\/wp\/v2\/pages\/2195\/revisions\/7429"}],"wp:attachment":[{"href":"https:\/\/www.magnusmedical.ch\/de\/wp-json\/wp\/v2\/media?parent=2195"}],"curies":[{"name":"wp","href":"https:\/\/api.w.org\/{rel}","templated":true}]}}